{"id":9174,"date":"2021-06-23T22:45:28","date_gmt":"2021-06-23T22:45:28","guid":{"rendered":"https:\/\/kpattorney.com\/?page_id=9174"},"modified":"2026-03-03T06:14:20","modified_gmt":"2026-03-03T11:14:20","slug":"mississippi","status":"publish","type":"page","link":"https:\/\/kpattorney.com\/es\/offices\/mississippi\/","title":{"rendered":"Oficina Legal de Misisipi"},"content":{"rendered":"<div class=\"wpb-content-wrapper\"><div class=\"vc_row wpb_row vc_row-fluid\"><div class=\"wpb_column vc_column_container vc_col-sm-12\"><div class=\"vc_column-inner\"><div class=\"wpb_wrapper\"><div class=\"vc_empty_space\"   style=\"height: 20px\"><span class=\"vc_empty_space_inner\"><\/span><\/div>\n\t<div class=\"wpb_text_column wpb_content_element\" >\n\t\t<div class=\"wpb_wrapper\">\n\t\t\t<h2><strong>Abogados de lesiones personales de Mississippi que representan a personas lesionadas en resbalones, ca\u00eddas y accidentes automovil\u00edsticos<\/strong><\/h2>\n<p>\u00bfHa sufrido usted o un miembro de su familia una lesi\u00f3n grave en un accidente de tr\u00e1fico, accidente laboral o accidente de tr\u00e1fico en Mississippi? <a href=\"https:\/\/kpattorney.com\/es\/personal-injury\/premises-liability\/slip-and-fall-accidents\/\">resbal\u00f3n y ca\u00edda<\/a>? Los abogados de lesiones personales en Kanner y Pintaluga tienen d\u00e9cadas de experiencia combinada representando a personas que han sido heridas debido a la negligencia de otra persona. Nuestros abogados de Mississippi est\u00e1n listos para ayudar en todo lo que podamos.<\/p>\n<ul>\n<li><a href=\"https:\/\/kpattorney.com\/es\/offices\/mississippi\/ridgeland\/\">Ridgeland<\/a><\/li>\n<\/ul>\n\n\t\t<\/div>\n\t<\/div>\n<div class=\"vc_empty_space\"   style=\"height: 20px\"><span class=\"vc_empty_space_inner\"><\/span><\/div><\/div><\/div><\/div><\/div><div data-vc-full-width=\"true\" data-vc-full-width-temp=\"true\" data-vc-full-width-init=\"false\" data-vc-stretch-content=\"true\" class=\"vc_row wpb_row vc_row-fluid vc_custom_1564505912953 vc_row-has-fill\"><div class=\"wpb_column vc_column_container vc_col-sm-6 vc_col-has-fill\"><div class=\"vc_column-inner vc_custom_1624488006235\"><div class=\"wpb_wrapper\"><\/div><\/div><\/div><div class=\"about wpb_column vc_column_container vc_col-sm-6\"><div class=\"vc_column-inner\"><div class=\"wpb_wrapper\">\n\t<div class=\"wpb_text_column wpb_content_element vc_custom_1624487892680\" >\n\t\t<div class=\"wpb_wrapper\">\n\t\t\t<h2>\u00bfQu\u00e9 debe saber sobre las leyes de lesiones personales de Missouri?<\/h2>\n<p>Nada puede arruinar m\u00e1s su vida y la de su familia como una emergencia m\u00e9dica inesperada. Las lesiones a menudo hacen que las personas se sientan vulnerables y abrumadas. La vida ya es bastante ocupada y dif\u00edcil: verse obligado a hacer frente a problemas de salud graves a\u00f1ade una carga siempre desagradable.<\/p>\n<p>El simple inconveniente de las lesiones no es el \u00fanico problema que enfrentan las personas lesionadas en accidentes automovil\u00edsticos, accidentes laborales, resbalones y ca\u00eddas y otros tipos de accidentes de responsabilidad local. Tambi\u00e9n est\u00e1 la cuesti\u00f3n del dinero.<\/p>\n<p>Muchas personas en Mississippi tienen deducibles altos o simplemente carecen de la cobertura de atenci\u00f3n m\u00e9dica necesaria para pagar adecuadamente todos los tratamientos m\u00e9dicos y la rehabilitaci\u00f3n que puedan necesitar despu\u00e9s de un accidente.<\/p>\n<p>\u00bfY por qu\u00e9 deber\u00eda verse obligado a pagar por las lesiones que sufri\u00f3 debido al descuido de otra persona?<\/p>\n<p>La verdad fundamental es que no deber\u00eda pagar por esas lesiones. La persona responsable y su compa\u00f1\u00eda de seguros deben pagar la factura de todos los tratamientos m\u00e9dicos, salarios perdidos y el dolor y sufrimiento que haya sufrido debido a las lesiones que caus\u00f3.<\/p>\n\n\t\t<\/div>\n\t<\/div>\n<\/div><\/div><\/div><\/div><div class=\"vc_row-full-width vc_clearfix\"><\/div><div class=\"vc_row wpb_row vc_row-fluid\"><div class=\"wpb_column vc_column_container vc_col-sm-12\"><div class=\"vc_column-inner\"><div class=\"wpb_wrapper\"><div class=\"vc_empty_space\"   style=\"height: 20px\"><span class=\"vc_empty_space_inner\"><\/span><\/div>\n\t<div class=\"wpb_text_column wpb_content_element\" >\n\t\t<div class=\"wpb_wrapper\">\n\t\t\t<h2>Leyes de lesiones personales de Mississippi<\/h2>\n<ul>\n<li>Misisipi tiene un plazo de prescripci\u00f3n de tres a\u00f1os para <a href=\"https:\/\/kpattorney.com\/es\/blog\/ultimate-guide-to-personal-injury\/\">lesiones personales<\/a> casos, lo que significa que tiene tres a\u00f1os despu\u00e9s de su lesi\u00f3n para presentar una demanda contra la parte negligente que le caus\u00f3 la lesi\u00f3n y su compa\u00f1\u00eda de seguros.<\/li>\n<li>Misisipi aplica un criterio de negligencia comparativa pura en los casos de lesiones personales. Si usted es parcialmente responsable del accidente automovil\u00edstico, <a href=\"https:\/\/kpattorney.com\/es\/blog\/winning-slip-and-fall-personal-injury-claim\/\">resbal\u00f3n y ca\u00edda<\/a> o accidente por responsabilidad civil del propietario que caus\u00f3 sus lesiones, a\u00fan puede solicitar una indemnizaci\u00f3n. Sin embargo, su indemnizaci\u00f3n se reducir\u00e1 en funci\u00f3n del porcentaje de culpa que le corresponda.<\/li>\n<li>El Tribunal Supremo de Mississippi se ha opuesto a la mayor\u00eda de los intentos legislativos de limitar cualquier tipo de indemnizaci\u00f3n por da\u00f1os personales, pero existen algunos l\u00edmites. El dolor y el sufrimiento se limita generalmente a $1.000.000 para la mayor\u00eda de los casos de lesiones personales y $500.000 para los casos de da\u00f1os corporales. <a href=\"https:\/\/kpattorney.com\/es\/personal-injury\/medical-malpractice\/\">negligencia m\u00e9dica<\/a> casos. <a href=\"https:\/\/kpattorney.com\/es\/personal-injury\/damages\/punitive\/\">Da\u00f1os punitivos<\/a> tienen un l\u00edmite m\u00e1ximo del 2% del patrimonio neto de la persona negligente o de $2,5 millones si el patrimonio neto de la persona es superior a $50 millones.<\/li>\n<li>Los tipos de compensaci\u00f3n disponibles para las personas en Mississippi que han resultado lesionadas en un accidente automovil\u00edstico o en un resbal\u00f3n y ca\u00edda incluyen no solo facturas m\u00e9dicas inmediatas sino tambi\u00e9n da\u00f1os futuros, como el costo de modificar una casa para acomodar a alguien que qued\u00f3 discapacitado por un accidente. Algunos de estos otros da\u00f1os pueden incluir p\u00e9rdida de potencial de ingresos, gastos m\u00e9dicos futuros, reentrenamiento profesional y m\u00e1s.<\/li>\n<\/ul>\n\n\t\t<\/div>\n\t<\/div>\n\n\t<div class=\"wpb_text_column wpb_content_element\" >\n\t\t<div class=\"wpb_wrapper\">\n\t\t\t<h2>Obtenga ayuda con su caso de lesiones en Mississippi<\/h2>\n<p>Los abogados de lesiones personales de Kanner &amp; Pintaluga en Mississippi han estado en el negocio de lesiones personales durante muchos a\u00f1os. Han visto todo tipo de casos de lesiones personales y est\u00e1n muy familiarizados con las estrategias legales y de negociaci\u00f3n empleadas por las compa\u00f1\u00edas de seguros.<\/p>\n<p>Nuestros abogados saben c\u00f3mo contrarrestar estas t\u00e1cticas, desarrollar casos minuciosamente detallados y presentar argumentos convincentes en nombre de nuestros clientes. Si la compa\u00f1\u00eda de seguros se niega a llegar a un acuerdo por una cantidad justa, haremos todo lo que est\u00e9 a nuestro alcance legal para probar su caso ante un juez y un jurado.<\/p>\n<p>Ll\u00e1menos al (800) 586-5555 para programar su consulta inicial gratuita con un abogado de lesiones personales de Kanner &amp; Pintaluga en Mississippi.<\/p>\n\n\t\t<\/div>\n\t<\/div>\n<\/div><\/div><\/div><\/div><div class=\"vc_row wpb_row vc_row-fluid\"><div class=\"wpb_column vc_column_container vc_col-sm-4\"><div class=\"vc_column-inner\"><div class=\"wpb_wrapper\"><div class=\"wpb_gmaps_widget wpb_content_element\"><div class=\"wpb_wrapper\"><div class=\"wpb_map_wraper\"><iframe src=\"https:\/\/www.google.com\/maps\/embed?pb=!1m18!1m12!1m3!1d3367.377070594209!2d-90.14923608463268!3d32.43584038107633!2m3!1f0!2f0!3f0!3m2!1i1024!2i768!4f13.1!3m3!1m2!1s0x8629cd42e3317d3d%3A0xef7f26d67746de85!2sKanner%20and%20Pintaluga!5e0!3m2!1sen!2sus!4v1624488133713!5m2!1sen!2sus\" width=\"100%\" height=\"250\" style=\"border:0;\" allowfullscreen=\"\" loading=\"lazy\"><\/iframe><\/div><\/div><\/div>\n\t<div class=\"wpb_text_column wpb_content_element\" >\n\t\t<div class=\"wpb_wrapper\">\n\t\t\t<h3>Ridgeland<\/h3>\n<p>1000 Highland Colony Parkway, Edificio 5000, Suite 5203,<br \/>\nRidgeland, Misisipi, 39157<\/p>\n<p><i class=\"fas fa-envelope\"><\/i> <a href=\"https:\/\/kpattorney.com\/es\/contact-us\/\">Cont\u00e1ctenos<\/a><\/p>\n<p><i class=\"fas fa-phone\"><\/i> (601) 427-9565<\/p>\n<p><em>* Disponible solo con cita previa<\/em><\/p>\n\n\t\t<\/div>\n\t<\/div>\n<\/div><\/div><\/div><div class=\"wpb_column vc_column_container vc_col-sm-4\"><div class=\"vc_column-inner\"><div class=\"wpb_wrapper\"><\/div><\/div><\/div><div class=\"wpb_column vc_column_container vc_col-sm-4\"><div class=\"vc_column-inner\"><div class=\"wpb_wrapper\"><\/div><\/div><\/div><\/div><div data-vc-full-width=\"true\" data-vc-full-width-temp=\"true\" data-vc-full-width-init=\"false\" class=\"vc_row wpb_row vc_row-fluid vc_custom_1526501451452 vc_row-has-fill\"><div class=\"wpb_column vc_column_container vc_col-sm-12\"><div class=\"vc_column-inner\"><div class=\"wpb_wrapper\">\n\t<div class=\"wpb_text_column wpb_content_element vc_custom_1624488199118 practice-areas-mid-cta\" >\n\t\t<div class=\"wpb_wrapper\">\n\t\t\t<h3 style=\"text-align: center;\"><span style=\"color: #ffffff;\">Ll\u00e1menos al (800) 586-5555 para programar una consulta con uno de nuestros abogados de Ridgeland. <\/span><\/h3>\n\n\t\t<\/div>\n\t<\/div>\n<\/div><\/div><\/div><\/div><div class=\"vc_row-full-width vc_clearfix\"><\/div>\n<\/div>","protected":false},"excerpt":{"rendered":"Mississippi Personal Injury Lawyers Representing People Injured in Slip and Falls and Car Crashes Have you or a family member suffered a serious injury in a<span class=\"excerpt-hellip\"> [\u2026]<\/span>","protected":false},"author":17,"featured_media":9177,"parent":13198,"menu_order":0,"comment_status":"closed","ping_status":"closed","template":"","meta":{"_acf_changed":false,"footnotes":""},"class_list":["post-9174","page","type-page","status-publish","has-post-thumbnail","hentry"],"acf":[],"yoast_head":"<!-- This site is optimized with the Yoast SEO plugin v27.4 - https:\/\/yoast.com\/product\/yoast-seo-wordpress\/ -->\n<title>Personal Injury Attorneys in Mississippi<\/title>\n<meta name=\"description\" content=\"Kanner &amp; Pintaluga offers legal services for personal injury and property damage cases in Mississippi. Protect your rights with experienced attorneys.\" \/>\n<meta name=\"robots\" content=\"index, follow, max-snippet:-1, max-image-preview:large, max-video-preview:-1\" \/>\n<link rel=\"canonical\" href=\"https:\/\/kpattorney.com\/es\/offices\/mississippi\/\" \/>\n<meta property=\"og:locale\" content=\"es_MX\" \/>\n<meta property=\"og:type\" content=\"article\" \/>\n<meta property=\"og:title\" content=\"Personal Injury Attorneys in Mississippi\" \/>\n<meta property=\"og:description\" content=\"Kanner &amp; Pintaluga offers legal services for personal injury and property damage cases in Mississippi. Protect your rights with experienced attorneys.\" \/>\n<meta property=\"og:url\" content=\"https:\/\/kpattorney.com\/es\/offices\/mississippi\/\" \/>\n<meta property=\"og:site_name\" content=\"Kanner &amp; Pintaluga\" \/>\n<meta property=\"article:publisher\" content=\"https:\/\/www.facebook.com\/kpattorney\" \/>\n<meta property=\"article:modified_time\" content=\"2026-03-03T11:14:20+00:00\" \/>\n<meta property=\"og:image\" content=\"https:\/\/kpattorney.com\/wp-content\/uploads\/2021\/06\/mississippiheader.jpg\" \/>\n\t<meta property=\"og:image:width\" content=\"1600\" \/>\n\t<meta property=\"og:image:height\" content=\"587\" \/>\n\t<meta property=\"og:image:type\" content=\"image\/jpeg\" \/>\n<meta name=\"twitter:label1\" content=\"Tiempo de lectura\" \/>\n\t<meta name=\"twitter:data1\" content=\"4 minutos\" \/>\n<script type=\"application\/ld+json\" class=\"yoast-schema-graph\">{\"@context\":\"https:\\\/\\\/schema.org\",\"@graph\":[{\"@type\":\"WebPage\",\"@id\":\"https:\\\/\\\/kpattorney.com\\\/offices\\\/mississippi\\\/\",\"url\":\"https:\\\/\\\/kpattorney.com\\\/offices\\\/mississippi\\\/\",\"name\":\"Personal Injury Attorneys in Mississippi\",\"isPartOf\":{\"@id\":\"https:\\\/\\\/kpattorney.com\\\/#website\"},\"primaryImageOfPage\":{\"@id\":\"https:\\\/\\\/kpattorney.com\\\/offices\\\/mississippi\\\/#primaryimage\"},\"image\":{\"@id\":\"https:\\\/\\\/kpattorney.com\\\/offices\\\/mississippi\\\/#primaryimage\"},\"thumbnailUrl\":\"https:\\\/\\\/kpattorney.com\\\/wp-content\\\/uploads\\\/2021\\\/06\\\/mississippiheader.jpg\",\"datePublished\":\"2021-06-23T22:45:28+00:00\",\"dateModified\":\"2026-03-03T11:14:20+00:00\",\"description\":\"Kanner & Pintaluga offers legal services for personal injury and property damage cases in Mississippi. Protect your rights with experienced attorneys.\",\"breadcrumb\":{\"@id\":\"https:\\\/\\\/kpattorney.com\\\/offices\\\/mississippi\\\/#breadcrumb\"},\"inLanguage\":\"es\",\"potentialAction\":[{\"@type\":\"ReadAction\",\"target\":[\"https:\\\/\\\/kpattorney.com\\\/offices\\\/mississippi\\\/\"]}]},{\"@type\":\"ImageObject\",\"inLanguage\":\"es\",\"@id\":\"https:\\\/\\\/kpattorney.com\\\/offices\\\/mississippi\\\/#primaryimage\",\"url\":\"https:\\\/\\\/kpattorney.com\\\/wp-content\\\/uploads\\\/2021\\\/06\\\/mississippiheader.jpg\",\"contentUrl\":\"https:\\\/\\\/kpattorney.com\\\/wp-content\\\/uploads\\\/2021\\\/06\\\/mississippiheader.jpg\",\"width\":1600,\"height\":587},{\"@type\":\"BreadcrumbList\",\"@id\":\"https:\\\/\\\/kpattorney.com\\\/offices\\\/mississippi\\\/#breadcrumb\",\"itemListElement\":[{\"@type\":\"ListItem\",\"position\":1,\"name\":\"Home\",\"item\":\"https:\\\/\\\/kpattorney.com\\\/\"},{\"@type\":\"ListItem\",\"position\":2,\"name\":\"Personal Injury &#038; Property Damage Law Offices\",\"item\":\"https:\\\/\\\/kpattorney.com\\\/offices\\\/\"},{\"@type\":\"ListItem\",\"position\":3,\"name\":\"Mississippi Law Office\"}]},{\"@type\":\"WebSite\",\"@id\":\"https:\\\/\\\/kpattorney.com\\\/#website\",\"url\":\"https:\\\/\\\/kpattorney.com\\\/\",\"name\":\"Kanner &amp; Pintaluga\",\"description\":\"\",\"publisher\":{\"@id\":\"https:\\\/\\\/kpattorney.com\\\/#organization\"},\"potentialAction\":[{\"@type\":\"SearchAction\",\"target\":{\"@type\":\"EntryPoint\",\"urlTemplate\":\"https:\\\/\\\/kpattorney.com\\\/?s={search_term_string}\"},\"query-input\":{\"@type\":\"PropertyValueSpecification\",\"valueRequired\":true,\"valueName\":\"search_term_string\"}}],\"inLanguage\":\"es\"},{\"@type\":\"Organization\",\"@id\":\"https:\\\/\\\/kpattorney.com\\\/#organization\",\"name\":\"Kanner & Pintaluga\",\"url\":\"https:\\\/\\\/kpattorney.com\\\/\",\"logo\":{\"@type\":\"ImageObject\",\"inLanguage\":\"es\",\"@id\":\"https:\\\/\\\/kpattorney.com\\\/#\\\/schema\\\/logo\\\/image\\\/\",\"url\":\"https:\\\/\\\/kpattorney.com\\\/wp-content\\\/uploads\\\/2022\\\/07\\\/newresizedkplogo.png\",\"contentUrl\":\"https:\\\/\\\/kpattorney.com\\\/wp-content\\\/uploads\\\/2022\\\/07\\\/newresizedkplogo.png\",\"width\":450,\"height\":94,\"caption\":\"Kanner & Pintaluga\"},\"image\":{\"@id\":\"https:\\\/\\\/kpattorney.com\\\/#\\\/schema\\\/logo\\\/image\\\/\"},\"sameAs\":[\"https:\\\/\\\/www.facebook.com\\\/kpattorney\",\"https:\\\/\\\/x.com\\\/kpattorney\",\"https:\\\/\\\/www.instagram.com\\\/kpattorney\\\/\",\"https:\\\/\\\/www.linkedin.com\\\/company\\\/kpattorney\\\/\"]}]}<\/script>\n<!-- \/ Yoast SEO plugin. -->","yoast_head_json":{"title":"Abogados de lesiones personales en Mississippi","description":"Kanner &amp; Pintaluga ofrece servicios legales para casos de lesiones personales y da\u00f1os a la propiedad en Mississippi. Proteja sus derechos con abogados experimentados.","robots":{"index":"index","follow":"follow","max-snippet":"max-snippet:-1","max-image-preview":"max-image-preview:large","max-video-preview":"max-video-preview:-1"},"canonical":"https:\/\/kpattorney.com\/es\/offices\/mississippi\/","og_locale":"es_MX","og_type":"article","og_title":"Personal Injury Attorneys in Mississippi","og_description":"Kanner & Pintaluga offers legal services for personal injury and property damage cases in Mississippi. Protect your rights with experienced attorneys.","og_url":"https:\/\/kpattorney.com\/es\/offices\/mississippi\/","og_site_name":"Kanner &amp; Pintaluga","article_publisher":"https:\/\/www.facebook.com\/kpattorney","article_modified_time":"2026-03-03T11:14:20+00:00","og_image":[{"width":1600,"height":587,"url":"https:\/\/kpattorney.com\/wp-content\/uploads\/2021\/06\/mississippiheader.jpg","type":"image\/jpeg"}],"twitter_misc":{"Tiempo de lectura":"4 minutos"},"schema":{"@context":"https:\/\/schema.org","@graph":[{"@type":"WebPage","@id":"https:\/\/kpattorney.com\/offices\/mississippi\/","url":"https:\/\/kpattorney.com\/offices\/mississippi\/","name":"Abogados de lesiones personales en Mississippi","isPartOf":{"@id":"https:\/\/kpattorney.com\/#website"},"primaryImageOfPage":{"@id":"https:\/\/kpattorney.com\/offices\/mississippi\/#primaryimage"},"image":{"@id":"https:\/\/kpattorney.com\/offices\/mississippi\/#primaryimage"},"thumbnailUrl":"https:\/\/kpattorney.com\/wp-content\/uploads\/2021\/06\/mississippiheader.jpg","datePublished":"2021-06-23T22:45:28+00:00","dateModified":"2026-03-03T11:14:20+00:00","description":"Kanner &amp; Pintaluga ofrece servicios legales para casos de lesiones personales y da\u00f1os a la propiedad en Mississippi. Proteja sus derechos con abogados experimentados.","breadcrumb":{"@id":"https:\/\/kpattorney.com\/offices\/mississippi\/#breadcrumb"},"inLanguage":"es","potentialAction":[{"@type":"ReadAction","target":["https:\/\/kpattorney.com\/offices\/mississippi\/"]}]},{"@type":"ImageObject","inLanguage":"es","@id":"https:\/\/kpattorney.com\/offices\/mississippi\/#primaryimage","url":"https:\/\/kpattorney.com\/wp-content\/uploads\/2021\/06\/mississippiheader.jpg","contentUrl":"https:\/\/kpattorney.com\/wp-content\/uploads\/2021\/06\/mississippiheader.jpg","width":1600,"height":587},{"@type":"BreadcrumbList","@id":"https:\/\/kpattorney.com\/offices\/mississippi\/#breadcrumb","itemListElement":[{"@type":"ListItem","position":1,"name":"Home","item":"https:\/\/kpattorney.com\/"},{"@type":"ListItem","position":2,"name":"Personal Injury &#038; Property Damage Law Offices","item":"https:\/\/kpattorney.com\/offices\/"},{"@type":"ListItem","position":3,"name":"Mississippi Law Office"}]},{"@type":"WebSite","@id":"https:\/\/kpattorney.com\/#website","url":"https:\/\/kpattorney.com\/","name":"Kanner y Pintaluga","description":"","publisher":{"@id":"https:\/\/kpattorney.com\/#organization"},"potentialAction":[{"@type":"SearchAction","target":{"@type":"EntryPoint","urlTemplate":"https:\/\/kpattorney.com\/?s={search_term_string}"},"query-input":{"@type":"PropertyValueSpecification","valueRequired":true,"valueName":"search_term_string"}}],"inLanguage":"es"},{"@type":"Organization","@id":"https:\/\/kpattorney.com\/#organization","name":"Kanner y Pintaluga","url":"https:\/\/kpattorney.com\/","logo":{"@type":"ImageObject","inLanguage":"es","@id":"https:\/\/kpattorney.com\/#\/schema\/logo\/image\/","url":"https:\/\/kpattorney.com\/wp-content\/uploads\/2022\/07\/newresizedkplogo.png","contentUrl":"https:\/\/kpattorney.com\/wp-content\/uploads\/2022\/07\/newresizedkplogo.png","width":450,"height":94,"caption":"Kanner & Pintaluga"},"image":{"@id":"https:\/\/kpattorney.com\/#\/schema\/logo\/image\/"},"sameAs":["https:\/\/www.facebook.com\/kpattorney","https:\/\/x.com\/kpattorney","https:\/\/www.instagram.com\/kpattorney\/","https:\/\/www.linkedin.com\/company\/kpattorney\/"]}]}},"_links":{"self":[{"href":"https:\/\/kpattorney.com\/es\/wp-json\/wp\/v2\/pages\/9174","targetHints":{"allow":["GET"]}}],"collection":[{"href":"https:\/\/kpattorney.com\/es\/wp-json\/wp\/v2\/pages"}],"about":[{"href":"https:\/\/kpattorney.com\/es\/wp-json\/wp\/v2\/types\/page"}],"author":[{"embeddable":true,"href":"https:\/\/kpattorney.com\/es\/wp-json\/wp\/v2\/users\/17"}],"replies":[{"embeddable":true,"href":"https:\/\/kpattorney.com\/es\/wp-json\/wp\/v2\/comments?post=9174"}],"version-history":[{"count":0,"href":"https:\/\/kpattorney.com\/es\/wp-json\/wp\/v2\/pages\/9174\/revisions"}],"up":[{"embeddable":true,"href":"https:\/\/kpattorney.com\/es\/wp-json\/wp\/v2\/pages\/13198"}],"wp:featuredmedia":[{"embeddable":true,"href":"https:\/\/kpattorney.com\/es\/wp-json\/wp\/v2\/media\/9177"}],"wp:attachment":[{"href":"https:\/\/kpattorney.com\/es\/wp-json\/wp\/v2\/media?parent=9174"}],"curies":[{"name":"wp","href":"https:\/\/api.w.org\/{rel}","templated":true}]}}