{"id":6061,"date":"2018-11-18T18:27:12","date_gmt":"2018-11-18T18:27:12","guid":{"rendered":"https:\/\/kpattorney.com\/?page_id=6061"},"modified":"2025-03-17T07:50:17","modified_gmt":"2025-03-17T07:50:17","slug":"slip-fall","status":"publish","type":"page","link":"https:\/\/kpattorney.com\/es\/vegasppc\/slip-fall\/","title":{"rendered":"Resbalones y ca\u00eddas"},"content":{"rendered":"<div class=\"wpb-content-wrapper\"><div class=\"vc_row wpb_row vc_row-fluid vc_column-gap-30\"><div class=\"wpb_column vc_column_container vc_col-sm-8\"><div class=\"vc_column-inner\"><div class=\"wpb_wrapper\">\n\t<div class=\"wpb_text_column wpb_content_element\" >\n\t\t<div class=\"wpb_wrapper\">\n\t\t\t<h2>Slip and Fall Accident Injury Attorneys in Las Vegas<\/h2>\n<h4><em>You Owe Us NO Fees or Costs Unless We Win Your Case<\/em><\/h4>\n<p>If you or someone you care about has suffered a personal injury in a slip and fall accident, we can help you get fair compensation for medical bills, pain and suffering, lost wages and other costs related to the accident.<\/p>\n<p>Our personal injury lawyers at Kanner &amp; Pintaluga have decades of combined experience handling slip and fall cases.<\/p>\n\n\t\t<\/div>\n\t<\/div>\n\n\t<div class=\"wpb_text_column wpb_content_element vc_custom_1526923033405\" >\n\t\t<div class=\"wpb_wrapper\">\n\t\t\t<p><i class=\"fas fa-university\"><\/i> <span style=\"font-size: 18px;\">Hundreds of Millions in Recoveries<\/span><br \/>\n<i class=\"fas fa-university\"><\/i> <span style=\"font-size: 18px;\">Hablamos Espa\u00f1ol<\/span><br \/>\n<i class=\"fas fa-university\"><\/i> <span style=\"font-size: 18px;\">Available 24 Hours a Day, Seven Days a Week<\/span><br \/>\n<i class=\"fas fa-university\"><\/i> <span style=\"font-size: 18px;\">FREE Damaged Property Assistance<\/span><br \/>\n<i class=\"fas fa-university\"><\/i> <span style=\"font-size: 18px;\">We Will Travel to You Anywhere in Florida<\/span><br \/>\n<i class=\"fas fa-university\"><\/i> <span style=\"font-size: 18px;\">Personal Case Manager Assigned to Each Client<\/span><br \/>\n<i class=\"fas fa-university\"><\/i> <span style=\"font-size: 18px;\">Emphasis on Communication and Educating Clients<\/span><\/p>\n\n\t\t<\/div>\n\t<\/div>\n<\/div><\/div><\/div><div class=\"wpb_column vc_column_container vc_col-sm-4 vc_col-has-fill\"><div class=\"vc_column-inner vc_custom_1535583172389\"><div class=\"wpb_wrapper\">\n\t<div class=\"wpb_text_column wpb_content_element wpb_animate_when_almost_visible wpb_fadeIn fadeIn\" >\n\t\t<div class=\"wpb_wrapper\">\n\t\t\t<h3 style=\"text-align: center;\"><span style=\"color: #ffffff;\"><strong>Request a FREE Consultation <\/strong><\/span><\/h3>\n<p style=\"text-align: center;\"><span style=\"color: #ffffff;\">We\u2019re available 24\/7 and will respond promptly to any inquiry. <\/span><\/p>\n\n\t\t<\/div>\n\t<\/div>\n\n\t<div class=\"wpb_raw_code wpb_raw_js\" >\n\t\t<div class=\"wpb_wrapper\">\n\t\t\t<div id=\"wufoo-m1qdq03a17xca8w\">\nFill out my <a href=\"https:\/\/glbroadcast.wufoo.com\/forms\/m1qdq03a17xca8w\">online form<\/a>.\n<\/div>\n<script type=\"text\/javascript\">var m1qdq03a17xca8w;(function(d, t) {\nvar s = d.createElement(t), options = {\n'userName':'glbroadcast',\n'formHash':'m1qdq03a17xca8w',\n'autoResize':true,\n'height':'654',\n'async':true,\n'host':'wufoo.com',\n'header':'hide',\n'ssl':true};\ns.src = ('https:' == d.location.protocol ? 'https:\/\/' : 'http:\/\/') + 'www.wufoo.com\/scripts\/embed\/form.js';\ns.onload = s.onreadystatechange = function() {\nvar rs = this.readyState; if (rs) if (rs != 'complete') if (rs != 'loaded') return;\ntry { m1qdq03a17xca8w = new WufooForm();m1qdq03a17xca8w.initialize(options);m1qdq03a17xca8w.display(); } catch (e) {}};\nvar scr = d.getElementsByTagName(t)[0], par = scr.parentNode; par.insertBefore(s, scr);\n})(document, 'script');<\/script>\n\t\t<\/div>\n\t<\/div>\n<\/div><\/div><\/div><\/div><div data-vc-full-width=\"true\" data-vc-full-width-temp=\"true\" data-vc-full-width-init=\"false\" class=\"vc_row wpb_row vc_row-fluid vc_custom_1526935849816 vc_row-has-fill\"><div class=\"wpb_column vc_column_container vc_col-sm-12\"><div class=\"vc_column-inner\"><div class=\"wpb_wrapper\"><div class=\"vc_empty_space\"   style=\"height: 10px\"><span class=\"vc_empty_space_inner\"><\/span><\/div><div class=\"vc_row wpb_row vc_inner vc_row-fluid\"><div class=\"wpb_column vc_column_container vc_col-sm-12\"><div class=\"vc_column-inner\"><div class=\"wpb_wrapper\">\n\t<div class=\"wpb_text_column wpb_content_element\" >\n\t\t<div class=\"wpb_wrapper\">\n\t\t\t<h2 style=\"text-align: center;\"><span style=\"color: #ffffff;\">If You Need an Attorney, You\u2019ll Have an Attorney<\/span><\/h2>\n\n\t\t<\/div>\n\t<\/div>\n<div class=\"vc_separator wpb_content_element vc_separator_align_center vc_sep_width_20 vc_sep_border_width_2 vc_sep_pos_align_center vc_separator_no_text wpb_content_element  wpb_content_element\" ><span class=\"vc_sep_holder vc_sep_holder_l\"><span style=\"border-color:#f7bc3b;\" class=\"vc_sep_line\"><\/span><\/span><span class=\"vc_sep_holder vc_sep_holder_r\"><span style=\"border-color:#f7bc3b;\" class=\"vc_sep_line\"><\/span><\/span>\n<\/div><\/div><\/div><\/div><\/div>\n\t<div class=\"wpb_text_column wpb_content_element\" >\n\t\t<div class=\"wpb_wrapper\">\n\t\t\t<h3 style=\"text-align: center;\"><span style=\"color: #ffffff;\">\u00a0Call, Email or Chat \u2013 24\/7<\/span><br \/>\n<span style=\"color: #ffffff;\">702-570-2030<\/span><\/h3>\n\n\t\t<\/div>\n\t<\/div>\n<div class=\"vc_empty_space\"   style=\"height: 10px\"><span class=\"vc_empty_space_inner\"><\/span><\/div><\/div><\/div><\/div><\/div><div class=\"vc_row-full-width vc_clearfix\"><\/div><div class=\"vc_row wpb_row vc_row-fluid\"><div class=\"wpb_column vc_column_container vc_col-sm-12\"><div class=\"vc_column-inner\"><div class=\"wpb_wrapper\"><div class=\"vc_empty_space\"   style=\"height: 10px\"><span class=\"vc_empty_space_inner\"><\/span><\/div><\/div><\/div><\/div><\/div><div class=\"vc_row wpb_row vc_row-fluid\"><div class=\"wpb_column vc_column_container vc_col-sm-4\"><div class=\"vc_column-inner\"><div class=\"wpb_wrapper\">\n\t<div  class=\"wpb_single_image wpb_content_element vc_align_center wpb_content_element\">\n\t\t\n\t\t<figure class=\"wpb_wrapper vc_figure\">\n\t\t\t<div class=\"vc_single_image-wrapper   vc_box_border_grey\"><img fetchpriority=\"high\" decoding=\"async\" width=\"800\" height=\"801\" src=\"https:\/\/kpattorney.com\/wp-content\/uploads\/2018\/05\/slip-fall-2.jpg\" class=\"vc_single_image-img attachment-large\" alt=\"Image representing slip and fall injury claims\" title=\"slip-fall-2\" srcset=\"https:\/\/kpattorney.com\/wp-content\/uploads\/2018\/05\/slip-fall-2.jpg 800w, https:\/\/kpattorney.com\/wp-content\/uploads\/2018\/05\/slip-fall-2-768x769.jpg 768w, https:\/\/kpattorney.com\/wp-content\/uploads\/2018\/05\/slip-fall-2-320x320.jpg 320w\" sizes=\"(max-width:767px) 480px, (max-width:800px) 100vw, 800px\" \/><\/div>\n\t\t<\/figure>\n\t<\/div>\n<\/div><\/div><\/div><div class=\"wpb_column vc_column_container vc_col-sm-8\"><div class=\"vc_column-inner\"><div class=\"wpb_wrapper\">\n\t<div class=\"wpb_text_column wpb_content_element vc_custom_1542567268475\" >\n\t\t<div class=\"wpb_wrapper\">\n\t\t\t<h2>Proving Your Slip and Fall Case<\/h2>\n<p>Slip and fall cases have proven to be a complicated area of the law. Thorough investigation of the details is critical and facts that may seem trivial, such as the length of time a puddle has been on the floor before an accident occurred, or whether the victim was alerted to the danger, can make a huge impact as we expertly begin to build your case.<\/p>\n<p>In order for you to be awarded compensation in a slip and fall case, the property owner must have been negligent and the injuries you sustained must be directly related to the owner\u2019s negligence. Slip and fall cases can often require extensive legal knowledge to establish who should be held responsible. It is imperative that you work with attorneys who have extensive experience in this area of law in order for you to get the best result for your case.<\/p>\n\n\t\t<\/div>\n\t<\/div>\n<\/div><\/div><\/div><\/div><div data-vc-full-width=\"true\" data-vc-full-width-temp=\"true\" data-vc-full-width-init=\"false\" class=\"vc_row wpb_row vc_row-fluid vc_custom_1526944157815 vc_row-has-fill\"><div class=\"wpb_column vc_column_container vc_col-sm-6\"><div class=\"vc_column-inner\"><div class=\"wpb_wrapper\">\n\t<div class=\"wpb_raw_code wpb_raw_html wpb_content_element\" >\n\t\t<div class=\"wpb_wrapper\">\n\t\t\t<center><iframe src=\"https:\/\/www.google.com\/maps\/embed?pb=!1m18!1m12!1m3!1d206154.08901435524!2d-115.32641562963602!3d36.16290083904071!2m3!1f0!2f0!3f0!3m2!1i1024!2i768!4f13.1!3m3!1m2!1s0x80beb782a4f57dd1%3A0x3accd5e6d5b379a3!2sLas+Vegas%2C+NV!5e0!3m2!1sen!2sus!4v1542566267046\" width=\"600\" height=\"400\" frameborder=\"0\" style=\"border:0\" allowfullscreen><\/iframe><\/center>\n\t\t<\/div>\n\t<\/div>\n<\/div><\/div><\/div><div class=\"wpb_column vc_column_container vc_col-sm-6\"><div class=\"vc_column-inner vc_custom_1526926524048\"><div class=\"wpb_wrapper\">\n\t<div class=\"wpb_text_column wpb_content_element\" >\n\t\t<div class=\"wpb_wrapper\">\n\t\t\t<h2>Serving All of Las Vegas<\/h2>\n\n\t\t<\/div>\n\t<\/div>\n<div class=\"vc_separator wpb_content_element vc_separator_align_center vc_sep_width_10 vc_sep_border_width_2 vc_sep_pos_align_left vc_separator_no_text wpb_content_element  wpb_content_element\" ><span class=\"vc_sep_holder vc_sep_holder_l\"><span style=\"border-color:#f7bc3b;\" class=\"vc_sep_line\"><\/span><\/span><span class=\"vc_sep_holder vc_sep_holder_r\"><span style=\"border-color:#f7bc3b;\" class=\"vc_sep_line\"><\/span><\/span>\n<\/div>\n\t<div class=\"wpb_text_column wpb_content_element\" >\n\t\t<div class=\"wpb_wrapper\">\n\t\t\t<h4>Schedule a FREE Consultation<br \/>\n702-570-2030<br \/>\nWe Will Travel to You<\/h4>\n\n\t\t<\/div>\n\t<\/div>\n<\/div><\/div><\/div><\/div><div class=\"vc_row-full-width vc_clearfix\"><\/div>\n<\/div>","protected":false},"excerpt":{"rendered":"Slip and Fall Accident Injury Attorneys in Las Vegas You Owe Us NO Fees or Costs Unless We Win Your Case If you or someone you<span class=\"excerpt-hellip\"> [\u2026]<\/span>","protected":false},"author":17,"featured_media":477,"parent":6050,"menu_order":0,"comment_status":"closed","ping_status":"closed","template":"","meta":{"_acf_changed":false,"footnotes":""},"class_list":["post-6061","page","type-page","status-publish","has-post-thumbnail","hentry"],"acf":[],"yoast_head":"<!-- This site is optimized with the Yoast SEO plugin v27.3 - https:\/\/yoast.com\/product\/yoast-seo-wordpress\/ -->\n<title>Slip &amp; Fall<\/title>\n<meta name=\"description\" content=\"Slip &amp; Fall | Kanner &amp; Pintaluga\" \/>\n<meta name=\"robots\" content=\"noindex, follow\" \/>\n<meta property=\"og:locale\" content=\"es_MX\" \/>\n<meta property=\"og:type\" content=\"article\" \/>\n<meta property=\"og:title\" content=\"Slip &amp; Fall\" \/>\n<meta property=\"og:description\" content=\"Slip &amp; Fall | Kanner &amp; Pintaluga\" \/>\n<meta property=\"og:url\" content=\"https:\/\/kpattorney.com\/es\/vegasppc\/slip-fall\/\" \/>\n<meta property=\"og:site_name\" content=\"Kanner &amp; Pintaluga\" \/>\n<meta property=\"article:publisher\" content=\"https:\/\/www.facebook.com\/kpattorney\" \/>\n<meta property=\"article:modified_time\" content=\"2025-03-17T07:50:17+00:00\" \/>\n<meta property=\"og:image\" content=\"https:\/\/kpattorney.com\/wp-content\/uploads\/2018\/05\/slipfall.jpg\" \/>\n\t<meta property=\"og:image:width\" content=\"1920\" \/>\n\t<meta property=\"og:image:height\" content=\"852\" \/>\n\t<meta property=\"og:image:type\" content=\"image\/jpeg\" \/>\n<meta name=\"twitter:label1\" content=\"Tiempo de lectura\" \/>\n\t<meta name=\"twitter:data1\" content=\"3 minutos\" \/>\n<script type=\"application\/ld+json\" class=\"yoast-schema-graph\">{\"@context\":\"https:\\\/\\\/schema.org\",\"@graph\":[{\"@type\":\"WebPage\",\"@id\":\"https:\\\/\\\/kpattorney.com\\\/vegasppc\\\/slip-fall\\\/\",\"url\":\"https:\\\/\\\/kpattorney.com\\\/vegasppc\\\/slip-fall\\\/\",\"name\":\"Slip & Fall\",\"isPartOf\":{\"@id\":\"https:\\\/\\\/kpattorney.com\\\/#website\"},\"primaryImageOfPage\":{\"@id\":\"https:\\\/\\\/kpattorney.com\\\/vegasppc\\\/slip-fall\\\/#primaryimage\"},\"image\":{\"@id\":\"https:\\\/\\\/kpattorney.com\\\/vegasppc\\\/slip-fall\\\/#primaryimage\"},\"thumbnailUrl\":\"https:\\\/\\\/kpattorney.com\\\/wp-content\\\/uploads\\\/2018\\\/05\\\/slipfall.jpg\",\"datePublished\":\"2018-11-18T18:27:12+00:00\",\"dateModified\":\"2025-03-17T07:50:17+00:00\",\"description\":\"Slip & Fall | Kanner &amp; Pintaluga\",\"breadcrumb\":{\"@id\":\"https:\\\/\\\/kpattorney.com\\\/vegasppc\\\/slip-fall\\\/#breadcrumb\"},\"inLanguage\":\"es\",\"potentialAction\":[{\"@type\":\"ReadAction\",\"target\":[\"https:\\\/\\\/kpattorney.com\\\/vegasppc\\\/slip-fall\\\/\"]}]},{\"@type\":\"ImageObject\",\"inLanguage\":\"es\",\"@id\":\"https:\\\/\\\/kpattorney.com\\\/vegasppc\\\/slip-fall\\\/#primaryimage\",\"url\":\"https:\\\/\\\/kpattorney.com\\\/wp-content\\\/uploads\\\/2018\\\/05\\\/slipfall.jpg\",\"contentUrl\":\"https:\\\/\\\/kpattorney.com\\\/wp-content\\\/uploads\\\/2018\\\/05\\\/slipfall.jpg\",\"width\":1920,\"height\":852},{\"@type\":\"BreadcrumbList\",\"@id\":\"https:\\\/\\\/kpattorney.com\\\/vegasppc\\\/slip-fall\\\/#breadcrumb\",\"itemListElement\":[{\"@type\":\"ListItem\",\"position\":1,\"name\":\"Home\",\"item\":\"https:\\\/\\\/kpattorney.com\\\/\"},{\"@type\":\"ListItem\",\"position\":2,\"name\":\"Personal Injury Attorneys in Las Vegas\",\"item\":\"https:\\\/\\\/kpattorney.com\\\/vegasppc\\\/\"},{\"@type\":\"ListItem\",\"position\":3,\"name\":\"Slip &#038; Fall\"}]},{\"@type\":\"WebSite\",\"@id\":\"https:\\\/\\\/kpattorney.com\\\/#website\",\"url\":\"https:\\\/\\\/kpattorney.com\\\/\",\"name\":\"Kanner &amp; Pintaluga\",\"description\":\"\",\"publisher\":{\"@id\":\"https:\\\/\\\/kpattorney.com\\\/#organization\"},\"potentialAction\":[{\"@type\":\"SearchAction\",\"target\":{\"@type\":\"EntryPoint\",\"urlTemplate\":\"https:\\\/\\\/kpattorney.com\\\/?s={search_term_string}\"},\"query-input\":{\"@type\":\"PropertyValueSpecification\",\"valueRequired\":true,\"valueName\":\"search_term_string\"}}],\"inLanguage\":\"es\"},{\"@type\":\"Organization\",\"@id\":\"https:\\\/\\\/kpattorney.com\\\/#organization\",\"name\":\"Kanner & Pintaluga\",\"url\":\"https:\\\/\\\/kpattorney.com\\\/\",\"logo\":{\"@type\":\"ImageObject\",\"inLanguage\":\"es\",\"@id\":\"https:\\\/\\\/kpattorney.com\\\/#\\\/schema\\\/logo\\\/image\\\/\",\"url\":\"https:\\\/\\\/kpattorney.com\\\/wp-content\\\/uploads\\\/2022\\\/07\\\/newresizedkplogo.png\",\"contentUrl\":\"https:\\\/\\\/kpattorney.com\\\/wp-content\\\/uploads\\\/2022\\\/07\\\/newresizedkplogo.png\",\"width\":450,\"height\":94,\"caption\":\"Kanner & Pintaluga\"},\"image\":{\"@id\":\"https:\\\/\\\/kpattorney.com\\\/#\\\/schema\\\/logo\\\/image\\\/\"},\"sameAs\":[\"https:\\\/\\\/www.facebook.com\\\/kpattorney\",\"https:\\\/\\\/x.com\\\/kpattorney\",\"https:\\\/\\\/www.instagram.com\\\/kpattorney\\\/\",\"https:\\\/\\\/www.linkedin.com\\\/company\\\/kpattorney\\\/\"]}]}<\/script>\n<!-- \/ Yoast SEO plugin. -->","yoast_head_json":{"title":"Resbalones y ca\u00eddas","description":"Resbal\u00f3n y ca\u00edda | Kanner &amp; Pintaluga","robots":{"index":"noindex","follow":"follow"},"og_locale":"es_MX","og_type":"article","og_title":"Slip & Fall","og_description":"Slip & Fall | Kanner &amp; Pintaluga","og_url":"https:\/\/kpattorney.com\/es\/vegasppc\/slip-fall\/","og_site_name":"Kanner &amp; Pintaluga","article_publisher":"https:\/\/www.facebook.com\/kpattorney","article_modified_time":"2025-03-17T07:50:17+00:00","og_image":[{"width":1920,"height":852,"url":"https:\/\/kpattorney.com\/wp-content\/uploads\/2018\/05\/slipfall.jpg","type":"image\/jpeg"}],"twitter_misc":{"Tiempo de lectura":"3 minutos"},"schema":{"@context":"https:\/\/schema.org","@graph":[{"@type":"WebPage","@id":"https:\/\/kpattorney.com\/vegasppc\/slip-fall\/","url":"https:\/\/kpattorney.com\/vegasppc\/slip-fall\/","name":"Resbalones y ca\u00eddas","isPartOf":{"@id":"https:\/\/kpattorney.com\/#website"},"primaryImageOfPage":{"@id":"https:\/\/kpattorney.com\/vegasppc\/slip-fall\/#primaryimage"},"image":{"@id":"https:\/\/kpattorney.com\/vegasppc\/slip-fall\/#primaryimage"},"thumbnailUrl":"https:\/\/kpattorney.com\/wp-content\/uploads\/2018\/05\/slipfall.jpg","datePublished":"2018-11-18T18:27:12+00:00","dateModified":"2025-03-17T07:50:17+00:00","description":"Resbal\u00f3n y ca\u00edda | Kanner &amp; Pintaluga","breadcrumb":{"@id":"https:\/\/kpattorney.com\/vegasppc\/slip-fall\/#breadcrumb"},"inLanguage":"es","potentialAction":[{"@type":"ReadAction","target":["https:\/\/kpattorney.com\/vegasppc\/slip-fall\/"]}]},{"@type":"ImageObject","inLanguage":"es","@id":"https:\/\/kpattorney.com\/vegasppc\/slip-fall\/#primaryimage","url":"https:\/\/kpattorney.com\/wp-content\/uploads\/2018\/05\/slipfall.jpg","contentUrl":"https:\/\/kpattorney.com\/wp-content\/uploads\/2018\/05\/slipfall.jpg","width":1920,"height":852},{"@type":"BreadcrumbList","@id":"https:\/\/kpattorney.com\/vegasppc\/slip-fall\/#breadcrumb","itemListElement":[{"@type":"ListItem","position":1,"name":"Home","item":"https:\/\/kpattorney.com\/"},{"@type":"ListItem","position":2,"name":"Personal Injury Attorneys in Las Vegas","item":"https:\/\/kpattorney.com\/vegasppc\/"},{"@type":"ListItem","position":3,"name":"Slip &#038; Fall"}]},{"@type":"WebSite","@id":"https:\/\/kpattorney.com\/#website","url":"https:\/\/kpattorney.com\/","name":"Kanner y Pintaluga","description":"","publisher":{"@id":"https:\/\/kpattorney.com\/#organization"},"potentialAction":[{"@type":"SearchAction","target":{"@type":"EntryPoint","urlTemplate":"https:\/\/kpattorney.com\/?s={search_term_string}"},"query-input":{"@type":"PropertyValueSpecification","valueRequired":true,"valueName":"search_term_string"}}],"inLanguage":"es"},{"@type":"Organization","@id":"https:\/\/kpattorney.com\/#organization","name":"Kanner y Pintaluga","url":"https:\/\/kpattorney.com\/","logo":{"@type":"ImageObject","inLanguage":"es","@id":"https:\/\/kpattorney.com\/#\/schema\/logo\/image\/","url":"https:\/\/kpattorney.com\/wp-content\/uploads\/2022\/07\/newresizedkplogo.png","contentUrl":"https:\/\/kpattorney.com\/wp-content\/uploads\/2022\/07\/newresizedkplogo.png","width":450,"height":94,"caption":"Kanner & Pintaluga"},"image":{"@id":"https:\/\/kpattorney.com\/#\/schema\/logo\/image\/"},"sameAs":["https:\/\/www.facebook.com\/kpattorney","https:\/\/x.com\/kpattorney","https:\/\/www.instagram.com\/kpattorney\/","https:\/\/www.linkedin.com\/company\/kpattorney\/"]}]}},"_links":{"self":[{"href":"https:\/\/kpattorney.com\/es\/wp-json\/wp\/v2\/pages\/6061","targetHints":{"allow":["GET"]}}],"collection":[{"href":"https:\/\/kpattorney.com\/es\/wp-json\/wp\/v2\/pages"}],"about":[{"href":"https:\/\/kpattorney.com\/es\/wp-json\/wp\/v2\/types\/page"}],"author":[{"embeddable":true,"href":"https:\/\/kpattorney.com\/es\/wp-json\/wp\/v2\/users\/17"}],"replies":[{"embeddable":true,"href":"https:\/\/kpattorney.com\/es\/wp-json\/wp\/v2\/comments?post=6061"}],"version-history":[{"count":0,"href":"https:\/\/kpattorney.com\/es\/wp-json\/wp\/v2\/pages\/6061\/revisions"}],"up":[{"embeddable":true,"href":"https:\/\/kpattorney.com\/es\/wp-json\/wp\/v2\/pages\/6050"}],"wp:featuredmedia":[{"embeddable":true,"href":"https:\/\/kpattorney.com\/es\/wp-json\/wp\/v2\/media\/477"}],"wp:attachment":[{"href":"https:\/\/kpattorney.com\/es\/wp-json\/wp\/v2\/media?parent=6061"}],"curies":[{"name":"wp","href":"https:\/\/api.w.org\/{rel}","templated":true}]}}