{"id":453,"date":"2018-05-17T21:34:50","date_gmt":"2018-05-17T21:34:50","guid":{"rendered":"http:\/\/50.28.38.211\/~kpattorney\/?page_id=453"},"modified":"2026-03-27T10:41:51","modified_gmt":"2026-03-27T14:41:51","slug":"illinois","status":"publish","type":"page","link":"https:\/\/kpattorney.com\/es\/offices\/illinois\/","title":{"rendered":"Oficina Legal de Illinois"},"content":{"rendered":"<div class=\"wpb-content-wrapper\"><div class=\"vc_row wpb_row vc_row-fluid\"><div class=\"wpb_column vc_column_container vc_col-sm-12\"><div class=\"vc_column-inner\"><div class=\"wpb_wrapper\">\n\t<div class=\"wpb_text_column wpb_content_element\" >\n\t\t<div class=\"wpb_wrapper\">\n\t\t\t<h2>Bufete de abogados de lesiones personales de Illinois<\/h2>\n<p>Sufrir una lesi\u00f3n grave debido al comportamiento peligroso o insensible de otra persona siempre es frustrante. Usted puede sentirse confundido y frustrado con la situaci\u00f3n en la que se encuentra, y con raz\u00f3n, pero usted tiene opciones. Los abogados de Kanner &amp; Pintaluga's Illinois <a href=\"https:\/\/kpattorney.com\/es\/personal-injury\/\">lesiones personales<\/a> pr\u00e1ctica est\u00e1n aqu\u00ed para ayudar.<\/p>\n<ul>\n<li><a href=\"https:\/\/kpattorney.com\/es\/offices\/illinois\/chicago\/\">chicago<\/a><\/li>\n<\/ul>\n\n\t\t<\/div>\n\t<\/div>\n<\/div><\/div><\/div><\/div><div data-vc-full-width=\"true\" data-vc-full-width-temp=\"true\" data-vc-full-width-init=\"false\" data-vc-stretch-content=\"true\" class=\"vc_row wpb_row vc_row-fluid vc_custom_1564505912953 vc_row-has-fill\"><div class=\"wpb_column vc_column_container vc_col-sm-6 vc_col-has-fill\"><div class=\"vc_column-inner vc_custom_1565111390131\"><div class=\"wpb_wrapper\"><\/div><\/div><\/div><div class=\"about wpb_column vc_column_container vc_col-sm-6\"><div class=\"vc_column-inner\"><div class=\"wpb_wrapper\">\n\t<div class=\"wpb_text_column wpb_content_element vc_custom_1742916272638\" >\n\t\t<div class=\"wpb_wrapper\">\n\t\t\t<h2>\u00bfQu\u00e9 distingue a la ley de lesiones personales de Illinois?<\/h2>\n<p>Las leyes sobre lesiones personales pueden variar dr\u00e1sticamente de un estado a otro. Algunos estados tienen plazos de prescripci\u00f3n m\u00e1s breves para que las v\u00edctimas de lesiones presenten reclamaciones o tienen l\u00edmites a las recompensas m\u00e1ximas que una v\u00edctima de lesiones puede ganar. Las leyes de Illinois tienden a favorecer m\u00e1s a la v\u00edctima de lesiones personales que a la parte negligente.<\/p>\n<ul>\n<li>La ley de lesiones personales de Illinois requiere que las v\u00edctimas de lesiones personales presenten una reclamaci\u00f3n dentro de los dos a\u00f1os siguientes a su lesi\u00f3n. En algunas situaciones, sin embargo, el l\u00edmite de tiempo puede ser extendido - espec\u00edficamente si usted no descubri\u00f3 que fue lesionado por la negligencia de otra persona hasta m\u00e1s tarde. Este tipo de situaci\u00f3n puede darse en algunos casos <a href=\"https:\/\/kpattorney.com\/es\/personal-injury\/medical-malpractice\/\">negligencia m\u00e9dica<\/a> o los casos de responsabilidad por productos defectuosos, en los que el error de un m\u00e9dico o la lesi\u00f3n causada por el uso prolongado de un producto no se descubren hasta mucho despu\u00e9s de que comenzara a infligirse la lesi\u00f3n inicial. En estos casos, los demandantes disponen de un plazo de dos a\u00f1os a partir de la fecha del descubrimiento, y no a partir de la fecha de la lesi\u00f3n, pero la demanda debe presentarse en un plazo m\u00e1ximo de cuatro a\u00f1os a partir de la fecha en que se produjo la lesi\u00f3n.<\/li>\n<li>La otra norma de Illinois relativa a los l\u00edmites de tiempo est\u00e1 dirigida espec\u00edficamente a reclamaciones por lesiones relacionadas con acciones negligentes por parte de los municipios y sus empleados. Si fue lesionado por un trabajador de la ciudad o del condado mientras estaba de servicio y desempe\u00f1ando sus funciones designadas, solo tiene un a\u00f1o para presentar una demanda. Si un trabajador estatal caus\u00f3 la lesi\u00f3n, tiene dos a\u00f1os completos para presentar la demanda.<\/li>\n<li>En un estado de culpa comparativa modificada, como Illinois, solo puede cobrar el porcentaje del veredicto final del que no tuvo culpa. Si se determina que usted tiene un 20 por ciento de culpa por sus lesiones, solo se le otorgar\u00e1 el 80 por ciento del veredicto final. Si result\u00f3 herido por un conductor que se pas\u00f3 un sem\u00e1foro en rojo pero estaba haciendo un giro ilegal en ese momento, se le puede considerar parcialmente culpable del accidente. En ese ejemplo, si la sentencia fuera $25.000 usted solo recibir\u00eda $20.000. Es importante comprender que si se determina que usted tiene un 50 por ciento o m\u00e1s de culpa por una lesi\u00f3n, no podr\u00e1 cobrar ninguna compensaci\u00f3n de la otra parte negligente.<\/li>\n<li>Illinois requiere que todos los conductores tengan $25,000 por persona\/$50,000 por accidente en un seguro de lesiones corporales para cubrir a las v\u00edctimas de lesiones; sin embargo, es posible comprar p\u00f3lizas que tengan l\u00edmites m\u00e1s altos. Adem\u00e1s, todas las p\u00f3lizas de seguro tambi\u00e9n deben incluir al menos $25,000 por persona\/$50,000 por accidente en cobertura de seguro de lesiones corporales para conductores sin seguro.<\/li>\n<li>Las leyes sobre mordeduras de perros en Illinois favorecen a las v\u00edctimas de ataques de perros. En los estados de una mordedura, los due\u00f1os de perros no pueden ser considerados responsables de las lesiones que cause su mascota si pueden demostrar que el perro nunca tuvo antecedentes de comportamiento agresivo o preocupante que los llevar\u00eda a sospechar que el perro era potencialmente peligroso. En un estado de responsabilidad estricta por mordeduras de perro, como Illinois, los due\u00f1os de perros pueden ser considerados responsables la primera vez que su perro muerde a alguien.<\/li>\n<li>A diferencia de algunos estados que limitan la indemnizaci\u00f3n por lesiones personales causadas por negligencia m\u00e9dica, Illinois no tiene tales leyes. Hubo un tiempo en que Illinois ten\u00eda un l\u00edmite para las indemnizaciones por negligencia m\u00e9dica, pero ese l\u00edmite fue anulado por la Corte Suprema del estado en 2010.<\/li>\n<\/ul>\n\n\t\t<\/div>\n\t<\/div>\n<\/div><\/div><\/div><\/div><div class=\"vc_row-full-width vc_clearfix\"><\/div><div class=\"vc_row wpb_row vc_row-fluid vc_custom_1529958675495\"><div class=\"wpb_column vc_column_container vc_col-sm-4\"><div class=\"vc_column-inner\"><div class=\"wpb_wrapper\"><div class=\"wpb_gmaps_widget wpb_content_element\"><div class=\"wpb_wrapper\"><div class=\"wpb_map_wraper\"><iframe src=\"https:\/\/www.google.com\/maps\/embed?pb=!1m18!1m12!1m3!1d2970.53488106076!2d-87.64133938428763!3d41.88135257922183!2m3!1f0!2f0!3f0!3m2!1i1024!2i768!4f13.1!3m3!1m2!1s0x880e2cc7460f8c67%3A0x46b8d3067ad269c2!2s10+S+Riverside+Plaza+%23875%2C+Chicago%2C+IL+60606!5e0!3m2!1sen!2sus!4v1529958421963\" width=\"100%\" height=\"250\" frameborder=\"0\" style=\"border:0\" allowfullscreen><\/iframe><\/div><\/div><\/div>\n\t<div class=\"wpb_text_column wpb_content_element\" >\n\t\t<div class=\"wpb_wrapper\">\n\t\t\t<h3>chicago<\/h3>\n<p>10 S. Riverside Plaza, Suite 875,<br \/>\nChicago, IL 60606<\/p>\n<p><i class=\"fas fa-envelope\"><\/i> <a href=\"https:\/\/kpattorney.com\/es\/contact-us\/\">Cont\u00e1ctenos<\/a><\/p>\n<p><i class=\"fas fa-phone\"><\/i> (312) 620-7841<\/p>\n<p><em>* Disponible con cita previa<\/em><\/p>\n\n\t\t<\/div>\n\t<\/div>\n<\/div><\/div><\/div><div class=\"wpb_column vc_column_container vc_col-sm-4\"><div class=\"vc_column-inner\"><div class=\"wpb_wrapper\"><\/div><\/div><\/div><div class=\"wpb_column vc_column_container vc_col-sm-4\"><div class=\"vc_column-inner\"><div class=\"wpb_wrapper\"><\/div><\/div><\/div><\/div><div data-vc-full-width=\"true\" data-vc-full-width-temp=\"true\" data-vc-full-width-init=\"false\" class=\"vc_row wpb_row vc_row-fluid vc_custom_1526501451452 vc_row-has-fill\"><div class=\"wpb_column vc_column_container vc_col-sm-12\"><div class=\"vc_column-inner\"><div class=\"wpb_wrapper\">\n\t<div class=\"wpb_text_column wpb_content_element vc_custom_1565041988509 practice-areas-mid-cta\" >\n\t\t<div class=\"wpb_wrapper\">\n\t\t\t<h3 style=\"text-align: center;\"><span style=\"color: #ffffff;\">Si result\u00f3 lesionado debido a la negligencia de otro individuo, empresa o entidad gubernamental en el estado de Illinois, no dude en llamar al (800) 586-5555 para hablar con los abogados de lesiones personales de Kanner &amp; Pintaluga. Nuestros abogados de lesiones personales est\u00e1n listos para luchar por usted. <\/span><\/h3>\n\n\t\t<\/div>\n\t<\/div>\n<\/div><\/div><\/div><\/div><div class=\"vc_row-full-width vc_clearfix\"><\/div><div data-vc-full-width=\"true\" data-vc-full-width-temp=\"true\" data-vc-full-width-init=\"false\" data-vc-stretch-content=\"true\" class=\"vc_row wpb_row vc_row-fluid map vc_row-no-padding\"><div class=\"wpb_column vc_column_container vc_col-sm-12\"><div class=\"vc_column-inner\"><div class=\"wpb_wrapper\"><div class=\"wpb_gmaps_widget wpb_content_element\"><div class=\"wpb_wrapper\"><div class=\"wpb_map_wraper\"><iframe src=\"https:\/\/www.google.com\/maps\/d\/u\/7\/embed?mid=1jsB3zFTgFiv99XpsVxNQovtKPOQbqCW4\" width=\"100%\" height=\"500\"><\/iframe><\/div><\/div><\/div><\/div><\/div><\/div><\/div><div class=\"vc_row-full-width vc_clearfix\"><\/div>\n<\/div>","protected":false},"excerpt":{"rendered":"Illinois Personal Injury Law Firm Suffering a serious injury due to another person\u2019s dangerous or callous behavior is always frustrating. You may feel confused and frustrated<span class=\"excerpt-hellip\"> [\u2026]<\/span>","protected":false},"author":17,"featured_media":1324,"parent":13198,"menu_order":0,"comment_status":"closed","ping_status":"closed","template":"","meta":{"_acf_changed":false,"footnotes":""},"class_list":["post-453","page","type-page","status-publish","has-post-thumbnail","hentry"],"acf":[],"yoast_head":"<!-- This site is optimized with the Yoast SEO plugin v27.4 - https:\/\/yoast.com\/product\/yoast-seo-wordpress\/ -->\n<title>Abogados de lesiones personales y da\u00f1os a la propiedad en IL<\/title>\n<meta name=\"description\" content=\"Kanner &amp; Pintaluga provides expert legal services for personal injury and property damage claims throughout Illinois. Protect your rights today.\" \/>\n<meta name=\"robots\" content=\"index, follow, max-snippet:-1, max-image-preview:large, max-video-preview:-1\" \/>\n<link rel=\"canonical\" href=\"https:\/\/kpattorney.com\/es\/offices\/illinois\/\" \/>\n<meta property=\"og:locale\" content=\"es_MX\" \/>\n<meta property=\"og:type\" content=\"article\" \/>\n<meta property=\"og:title\" content=\"Abogados de lesiones personales y da\u00f1os a la propiedad en IL\" \/>\n<meta property=\"og:description\" content=\"Kanner &amp; Pintaluga provides expert legal services for personal injury and property damage claims throughout Illinois. Protect your rights today.\" \/>\n<meta property=\"og:url\" content=\"https:\/\/kpattorney.com\/es\/offices\/illinois\/\" \/>\n<meta property=\"og:site_name\" content=\"Kanner &amp; Pintaluga\" \/>\n<meta property=\"article:publisher\" content=\"https:\/\/www.facebook.com\/kpattorney\" \/>\n<meta property=\"article:modified_time\" content=\"2026-03-27T14:41:51+00:00\" \/>\n<meta property=\"og:image\" content=\"https:\/\/kpattorney.com\/wp-content\/uploads\/2018\/07\/Illinois-Header-opt-scaled.jpg\" \/>\n\t<meta property=\"og:image:width\" content=\"2048\" \/>\n\t<meta property=\"og:image:height\" content=\"569\" \/>\n\t<meta property=\"og:image:type\" content=\"image\/jpeg\" \/>\n<meta name=\"twitter:label1\" content=\"Tiempo de lectura\" \/>\n\t<meta name=\"twitter:data1\" content=\"4 minutos\" \/>\n<script type=\"application\/ld+json\" class=\"yoast-schema-graph\">{\"@context\":\"https:\\\/\\\/schema.org\",\"@graph\":[{\"@type\":\"WebPage\",\"@id\":\"https:\\\/\\\/kpattorney.com\\\/offices\\\/illinois\\\/\",\"url\":\"https:\\\/\\\/kpattorney.com\\\/offices\\\/illinois\\\/\",\"name\":\"Abogados de lesiones personales y da\u00f1os a la propiedad en IL\",\"isPartOf\":{\"@id\":\"https:\\\/\\\/kpattorney.com\\\/#website\"},\"primaryImageOfPage\":{\"@id\":\"https:\\\/\\\/kpattorney.com\\\/offices\\\/illinois\\\/#primaryimage\"},\"image\":{\"@id\":\"https:\\\/\\\/kpattorney.com\\\/offices\\\/illinois\\\/#primaryimage\"},\"thumbnailUrl\":\"https:\\\/\\\/kpattorney.com\\\/wp-content\\\/uploads\\\/2018\\\/07\\\/Illinois-Header-opt-scaled.jpg\",\"datePublished\":\"2018-05-17T21:34:50+00:00\",\"dateModified\":\"2026-03-27T14:41:51+00:00\",\"description\":\"Kanner & Pintaluga provides expert legal services for personal injury and property damage claims throughout Illinois. Protect your rights today.\",\"breadcrumb\":{\"@id\":\"https:\\\/\\\/kpattorney.com\\\/offices\\\/illinois\\\/#breadcrumb\"},\"inLanguage\":\"es\",\"potentialAction\":[{\"@type\":\"ReadAction\",\"target\":[\"https:\\\/\\\/kpattorney.com\\\/offices\\\/illinois\\\/\"]}]},{\"@type\":\"ImageObject\",\"inLanguage\":\"es\",\"@id\":\"https:\\\/\\\/kpattorney.com\\\/offices\\\/illinois\\\/#primaryimage\",\"url\":\"https:\\\/\\\/kpattorney.com\\\/wp-content\\\/uploads\\\/2018\\\/07\\\/Illinois-Header-opt-scaled.jpg\",\"contentUrl\":\"https:\\\/\\\/kpattorney.com\\\/wp-content\\\/uploads\\\/2018\\\/07\\\/Illinois-Header-opt-scaled.jpg\",\"width\":2048,\"height\":569},{\"@type\":\"BreadcrumbList\",\"@id\":\"https:\\\/\\\/kpattorney.com\\\/offices\\\/illinois\\\/#breadcrumb\",\"itemListElement\":[{\"@type\":\"ListItem\",\"position\":1,\"name\":\"Home\",\"item\":\"https:\\\/\\\/kpattorney.com\\\/\"},{\"@type\":\"ListItem\",\"position\":2,\"name\":\"Personal Injury &#038; Property Damage Law Offices\",\"item\":\"https:\\\/\\\/kpattorney.com\\\/offices\\\/\"},{\"@type\":\"ListItem\",\"position\":3,\"name\":\"Illinois Law Office\"}]},{\"@type\":\"WebSite\",\"@id\":\"https:\\\/\\\/kpattorney.com\\\/#website\",\"url\":\"https:\\\/\\\/kpattorney.com\\\/\",\"name\":\"Kanner &amp; Pintaluga\",\"description\":\"\",\"publisher\":{\"@id\":\"https:\\\/\\\/kpattorney.com\\\/#organization\"},\"potentialAction\":[{\"@type\":\"SearchAction\",\"target\":{\"@type\":\"EntryPoint\",\"urlTemplate\":\"https:\\\/\\\/kpattorney.com\\\/?s={search_term_string}\"},\"query-input\":{\"@type\":\"PropertyValueSpecification\",\"valueRequired\":true,\"valueName\":\"search_term_string\"}}],\"inLanguage\":\"es\"},{\"@type\":\"Organization\",\"@id\":\"https:\\\/\\\/kpattorney.com\\\/#organization\",\"name\":\"Kanner & Pintaluga\",\"url\":\"https:\\\/\\\/kpattorney.com\\\/\",\"logo\":{\"@type\":\"ImageObject\",\"inLanguage\":\"es\",\"@id\":\"https:\\\/\\\/kpattorney.com\\\/#\\\/schema\\\/logo\\\/image\\\/\",\"url\":\"https:\\\/\\\/kpattorney.com\\\/wp-content\\\/uploads\\\/2022\\\/07\\\/newresizedkplogo.png\",\"contentUrl\":\"https:\\\/\\\/kpattorney.com\\\/wp-content\\\/uploads\\\/2022\\\/07\\\/newresizedkplogo.png\",\"width\":450,\"height\":94,\"caption\":\"Kanner & Pintaluga\"},\"image\":{\"@id\":\"https:\\\/\\\/kpattorney.com\\\/#\\\/schema\\\/logo\\\/image\\\/\"},\"sameAs\":[\"https:\\\/\\\/www.facebook.com\\\/kpattorney\",\"https:\\\/\\\/x.com\\\/kpattorney\",\"https:\\\/\\\/www.instagram.com\\\/kpattorney\\\/\",\"https:\\\/\\\/www.linkedin.com\\\/company\\\/kpattorney\\\/\"]}]}<\/script>\n<!-- \/ Yoast SEO plugin. -->","yoast_head_json":{"title":"Abogados especializados en lesiones personales y da\u00f1os a la propiedad en Illinois","description":"Kanner &amp; Pintaluga proporciona servicios legales expertos para lesiones personales y reclamaciones por da\u00f1os a la propiedad en todo Illinois. Proteja sus derechos hoy.","robots":{"index":"index","follow":"follow","max-snippet":"max-snippet:-1","max-image-preview":"max-image-preview:large","max-video-preview":"max-video-preview:-1"},"canonical":"https:\/\/kpattorney.com\/es\/offices\/illinois\/","og_locale":"es_MX","og_type":"article","og_title":"Abogados de lesiones personales y da\u00f1os a la propiedad en IL","og_description":"Kanner & Pintaluga provides expert legal services for personal injury and property damage claims throughout Illinois. Protect your rights today.","og_url":"https:\/\/kpattorney.com\/es\/offices\/illinois\/","og_site_name":"Kanner &amp; Pintaluga","article_publisher":"https:\/\/www.facebook.com\/kpattorney","article_modified_time":"2026-03-27T14:41:51+00:00","og_image":[{"width":2048,"height":569,"url":"https:\/\/kpattorney.com\/wp-content\/uploads\/2018\/07\/Illinois-Header-opt-scaled.jpg","type":"image\/jpeg"}],"twitter_misc":{"Tiempo de lectura":"4 minutos"},"schema":{"@context":"https:\/\/schema.org","@graph":[{"@type":"WebPage","@id":"https:\/\/kpattorney.com\/offices\/illinois\/","url":"https:\/\/kpattorney.com\/offices\/illinois\/","name":"Abogados especializados en lesiones personales y da\u00f1os a la propiedad en Illinois","isPartOf":{"@id":"https:\/\/kpattorney.com\/#website"},"primaryImageOfPage":{"@id":"https:\/\/kpattorney.com\/offices\/illinois\/#primaryimage"},"image":{"@id":"https:\/\/kpattorney.com\/offices\/illinois\/#primaryimage"},"thumbnailUrl":"https:\/\/kpattorney.com\/wp-content\/uploads\/2018\/07\/Illinois-Header-opt-scaled.jpg","datePublished":"2018-05-17T21:34:50+00:00","dateModified":"2026-03-27T14:41:51+00:00","description":"Kanner &amp; Pintaluga proporciona servicios legales expertos para lesiones personales y reclamaciones por da\u00f1os a la propiedad en todo Illinois. Proteja sus derechos hoy.","breadcrumb":{"@id":"https:\/\/kpattorney.com\/offices\/illinois\/#breadcrumb"},"inLanguage":"es","potentialAction":[{"@type":"ReadAction","target":["https:\/\/kpattorney.com\/offices\/illinois\/"]}]},{"@type":"ImageObject","inLanguage":"es","@id":"https:\/\/kpattorney.com\/offices\/illinois\/#primaryimage","url":"https:\/\/kpattorney.com\/wp-content\/uploads\/2018\/07\/Illinois-Header-opt-scaled.jpg","contentUrl":"https:\/\/kpattorney.com\/wp-content\/uploads\/2018\/07\/Illinois-Header-opt-scaled.jpg","width":2048,"height":569},{"@type":"BreadcrumbList","@id":"https:\/\/kpattorney.com\/offices\/illinois\/#breadcrumb","itemListElement":[{"@type":"ListItem","position":1,"name":"Home","item":"https:\/\/kpattorney.com\/"},{"@type":"ListItem","position":2,"name":"Personal Injury &#038; Property Damage Law Offices","item":"https:\/\/kpattorney.com\/offices\/"},{"@type":"ListItem","position":3,"name":"Illinois Law Office"}]},{"@type":"WebSite","@id":"https:\/\/kpattorney.com\/#website","url":"https:\/\/kpattorney.com\/","name":"Kanner y Pintaluga","description":"","publisher":{"@id":"https:\/\/kpattorney.com\/#organization"},"potentialAction":[{"@type":"SearchAction","target":{"@type":"EntryPoint","urlTemplate":"https:\/\/kpattorney.com\/?s={search_term_string}"},"query-input":{"@type":"PropertyValueSpecification","valueRequired":true,"valueName":"search_term_string"}}],"inLanguage":"es"},{"@type":"Organization","@id":"https:\/\/kpattorney.com\/#organization","name":"Kanner y Pintaluga","url":"https:\/\/kpattorney.com\/","logo":{"@type":"ImageObject","inLanguage":"es","@id":"https:\/\/kpattorney.com\/#\/schema\/logo\/image\/","url":"https:\/\/kpattorney.com\/wp-content\/uploads\/2022\/07\/newresizedkplogo.png","contentUrl":"https:\/\/kpattorney.com\/wp-content\/uploads\/2022\/07\/newresizedkplogo.png","width":450,"height":94,"caption":"Kanner & Pintaluga"},"image":{"@id":"https:\/\/kpattorney.com\/#\/schema\/logo\/image\/"},"sameAs":["https:\/\/www.facebook.com\/kpattorney","https:\/\/x.com\/kpattorney","https:\/\/www.instagram.com\/kpattorney\/","https:\/\/www.linkedin.com\/company\/kpattorney\/"]}]}},"_links":{"self":[{"href":"https:\/\/kpattorney.com\/es\/wp-json\/wp\/v2\/pages\/453","targetHints":{"allow":["GET"]}}],"collection":[{"href":"https:\/\/kpattorney.com\/es\/wp-json\/wp\/v2\/pages"}],"about":[{"href":"https:\/\/kpattorney.com\/es\/wp-json\/wp\/v2\/types\/page"}],"author":[{"embeddable":true,"href":"https:\/\/kpattorney.com\/es\/wp-json\/wp\/v2\/users\/17"}],"replies":[{"embeddable":true,"href":"https:\/\/kpattorney.com\/es\/wp-json\/wp\/v2\/comments?post=453"}],"version-history":[{"count":0,"href":"https:\/\/kpattorney.com\/es\/wp-json\/wp\/v2\/pages\/453\/revisions"}],"up":[{"embeddable":true,"href":"https:\/\/kpattorney.com\/es\/wp-json\/wp\/v2\/pages\/13198"}],"wp:featuredmedia":[{"embeddable":true,"href":"https:\/\/kpattorney.com\/es\/wp-json\/wp\/v2\/media\/1324"}],"wp:attachment":[{"href":"https:\/\/kpattorney.com\/es\/wp-json\/wp\/v2\/media?parent=453"}],"curies":[{"name":"wp","href":"https:\/\/api.w.org\/{rel}","templated":true}]}}