{"id":44,"date":"2018-04-17T21:16:24","date_gmt":"2018-04-17T21:16:24","guid":{"rendered":"http:\/\/50.28.38.211\/~kpattorney\/?page_id=44"},"modified":"2026-03-27T10:28:14","modified_gmt":"2026-03-27T14:28:14","slug":"louisiana","status":"publish","type":"page","link":"https:\/\/kpattorney.com\/es\/offices\/louisiana\/","title":{"rendered":"Oficinas legales de Luisiana"},"content":{"rendered":"<div class=\"wpb-content-wrapper\"><div class=\"vc_row wpb_row vc_row-fluid\"><div class=\"wpb_column vc_column_container vc_col-sm-12\"><div class=\"vc_column-inner\"><div class=\"wpb_wrapper\">\n\t<div class=\"wpb_text_column wpb_content_element\" >\n\t\t<div class=\"wpb_wrapper\">\n\t\t\t<h2>Oficinas legales de lesiones personales y da\u00f1os a la propiedad de Luisiana<\/h2>\n<p>Los abogados de las oficinas de Kanner &amp; Pintaluga en Luisiana est\u00e1n comprometidos a luchar por las personas que han resultado heridas en accidentes causados por el comportamiento peligroso o imprudente de otras personas. Si las acciones de una persona o empresa le causaron una lesi\u00f3n a usted o a su ser querido, comun\u00edquese con una de nuestras oficinas locales para una evaluaci\u00f3n gratuita de su caso.<\/p>\n<ul>\n<li><a href=\"https:\/\/kpattorney.com\/es\/offices\/louisiana\/new-orleans\/\">Nueva Orleans<\/a><\/li>\n<li><a href=\"https:\/\/kpattorney.com\/es\/offices\/louisiana\/baton-rouge\/\">Baton Rouge<\/a><\/li>\n<\/ul>\n\n\t\t<\/div>\n\t<\/div>\n<\/div><\/div><\/div><\/div><div data-vc-full-width=\"true\" data-vc-full-width-temp=\"true\" data-vc-full-width-init=\"false\" data-vc-stretch-content=\"true\" class=\"vc_row wpb_row vc_row-fluid vc_custom_1564505912953 vc_row-has-fill\"><div class=\"wpb_column vc_column_container vc_col-sm-6 vc_col-has-fill\"><div class=\"vc_column-inner vc_custom_1565043917251\"><div class=\"wpb_wrapper\"><\/div><\/div><\/div><div class=\"about wpb_column vc_column_container vc_col-sm-6\"><div class=\"vc_column-inner\"><div class=\"wpb_wrapper\">\n\t<div class=\"wpb_text_column wpb_content_element vc_custom_1742993044505\" >\n\t\t<div class=\"wpb_wrapper\">\n\t\t\t<h2>\u00bfEn qu\u00e9 se diferencian las leyes de lesiones personales de Luisiana de las leyes de otros estados?<\/h2>\n<p>Aunque muchos Estados tienen leyes relativamente similares que regulan c\u00f3mo <a href=\"https:\/\/kpattorney.com\/es\/personal-injury\/\">lesiones personales<\/a> de c\u00f3mo se tramitan las demandas y\/o c\u00f3mo se juzgan los casos en los tribunales, a menudo hay algunas diferencias sustantivas que pueden afectar a c\u00f3mo se puede llevar un caso y al resultado final.<\/p>\n\n\t\t<\/div>\n\t<\/div>\n<\/div><\/div><\/div><\/div><div class=\"vc_row-full-width vc_clearfix\"><\/div><div class=\"vc_row wpb_row vc_row-fluid\"><div class=\"wpb_column vc_column_container vc_col-sm-12\"><div class=\"vc_column-inner\"><div class=\"wpb_wrapper\">\n\t<div class=\"wpb_text_column wpb_content_element\" >\n\t\t<div class=\"wpb_wrapper\">\n\t\t\t<p>Si usted o un ser querido ha resultado lesionado en Luisiana, hay algunas cosas importantes que debe saber sobre las leyes de seguros y los estatutos de limitaci\u00f3n.<\/p>\n<ul>\n<li>En comparaci\u00f3n con otros estados, Luisiana requiere que usted presente una reclamaci\u00f3n por lesiones personales con relativa rapidez despu\u00e9s de una lesi\u00f3n. Las v\u00edctimas de lesiones personales en Luisiana tienen s\u00f3lo un a\u00f1o para presentar una reclamaci\u00f3n despu\u00e9s de haber sufrido lesiones, o en casos de <a href=\"https:\/\/kpattorney.com\/es\/personal-injury\/medical-malpractice\/\">negligencia m\u00e9dica<\/a> cuando no se d\u00e9 cuenta de que ha sufrido una lesi\u00f3n hasta despu\u00e9s de que se le haya administrado un tratamiento, un a\u00f1o desde que descubra la lesi\u00f3n (pero no m\u00e1s de 3 a\u00f1os desde la fecha en que se produjo realmente la negligencia m\u00e9dica). Si se le pasa este plazo, puede perder la oportunidad de presentar una demanda.<\/li>\n<li>Como estado de culpa comparativa pura, es posible que deba compartir la culpa de su lesi\u00f3n con la persona o empresa negligente que caus\u00f3 su lesi\u00f3n. El concepto de culpa comparativa es esencialmente que la compensaci\u00f3n de su acuerdo o veredicto se reducir\u00e1 en el porcentaje de culpa que comparte. Si el jurado decide que usted debe recibir una compensaci\u00f3n de $100,000 por su lesi\u00f3n pero se determina que usted tuvo un 30 por ciento de culpa por el accidente y su lesi\u00f3n, solo recibir\u00e1 $70,000.<\/li>\n<li>Luisiana exige que todos los conductores tengan $15.000 por persona\/$30.000,00 por accidente en un seguro de lesiones corporales para cubrir a las v\u00edctimas de lesiones; sin embargo, es posible adquirir p\u00f3lizas que tengan l\u00edmites m\u00e1s altos. Los conductores que no tengan la cobertura de seguro requerida pueden estar sujetos a la ley No Pay No Play de Luisiana.<\/li>\n<li>Cuando se trata de mordeduras de perro y casos de lesiones personales, los estados son de responsabilidad estricta o de una sola mordida. En un estado de una mordida, los due\u00f1os de perros y sus mascotas esencialmente reciben un pase para su primera mordida si el due\u00f1o del perro afirma que el perro nunca hab\u00eda mostrado agresi\u00f3n antes y que (supuestamente) no ten\u00edan idea de que el perro era peligroso. En un estado de responsabilidad estricta, como Luisiana, no hay ning\u00fan beneficio fuera de toda duda. Los due\u00f1os de perros pueden ser considerados responsables de las lesiones que causen sus mascotas, independientemente de si el perro alguna vez hab\u00eda mostrado tendencias agresivas o no.<\/li>\n<li>Los \u00fanicos l\u00edmites de compensaci\u00f3n en Luisiana son para casos de negligencia m\u00e9dica. Lo m\u00e1ximo que puede recibir una v\u00edctima de una lesi\u00f3n por negligencia m\u00e9dica en un caso de lesiones personales es $500,000. Luisiana tambi\u00e9n es algo \u00fanica en materia de negligencia m\u00e9dica gracias al Fondo de Compensaci\u00f3n al Paciente del estado. Si un paciente lesionado gana una demanda por negligencia m\u00e9dica, el m\u00e9dico o su consultorio solo tiene que pagar hasta $100,000; todo lo que el tribunal conceda por encima de esa cantidad se paga con cargo al Fondo de Compensaci\u00f3n al Paciente.<\/li>\n<li>Existen otros estatutos revisados en Luisiana que son espec\u00edficos para casos de lesiones personales, incluido el T\u00edtulo 13 para procedimientos de casos civiles, el T\u00edtulo 23 para casos de compensaci\u00f3n laboral y el T\u00edtulo 32 para casos de accidentes automovil\u00edsticos.<\/li>\n<\/ul>\n<p>Los casos de lesiones personales pueden ser bastante complicados, por lo que tiene sentido hablar con un abogado experimentado antes de tomar cualquier decisi\u00f3n o aceptar la oferta de acuerdo de una compa\u00f1\u00eda de seguros. Si usted o un ser querido ha sufrido una lesi\u00f3n grave debido a la negligencia de otra persona, todo su futuro podr\u00eda depender del resultado de este caso. Aseg\u00farese de que las decisiones que est\u00e9 tomando sean lo mejor para usted.<\/p>\n\n\t\t<\/div>\n\t<\/div>\n<\/div><\/div><\/div><\/div><div class=\"vc_row wpb_row vc_row-fluid\"><div class=\"wpb_column vc_column_container vc_col-sm-4\"><div class=\"vc_column-inner\"><div class=\"wpb_wrapper\"><div class=\"wpb_gmaps_widget wpb_content_element\"><div class=\"wpb_wrapper\"><div class=\"wpb_map_wraper\"><iframe src=\"https:\/\/www.google.com\/maps\/embed?pb=!1m14!1m8!1m3!1d13827.696779832097!2d-90.079967!3d29.952859!3m2!1i1024!2i768!4f13.1!3m3!1m2!1s0x0%3A0x33322a36fa924c34!2sKanner%20%26%20Pintaluga!5e0!3m2!1sen!2sus!4v1621631374100!5m2!1sen!2sus\" width=\"100%\" height=\"250\" frameborder=\"0\" style=\"border:0\" allowfullscreen><\/iframe><\/div><\/div><\/div>\n\t<div class=\"wpb_text_column wpb_content_element\" >\n\t\t<div class=\"wpb_wrapper\">\n\t\t\t<h3>Nueva Orleans<\/h3>\n<p>1615 Calle Poydras, Suite 900<br \/>\nNueva Orleans, LA 70112<\/p>\n<p><i class=\"fas fa-envelope\"><\/i> <a href=\"https:\/\/kpattorney.com\/es\/contact-us\/\">Cont\u00e1ctenos<\/a><\/p>\n<p><i class=\"fas fa-phone\"><\/i> (504) 684-2349<\/p>\n<p><em>* Disponible con cita previa<\/em><\/p>\n\n\t\t<\/div>\n\t<\/div>\n<\/div><\/div><\/div><div class=\"wpb_column vc_column_container vc_col-sm-4\"><div class=\"vc_column-inner\"><div class=\"wpb_wrapper\"><div class=\"wpb_gmaps_widget wpb_content_element\"><div class=\"wpb_wrapper\"><div class=\"wpb_map_wraper\"><iframe src=\"https:\/\/www.google.com\/maps\/embed?pb=!1m18!1m12!1m3!1d3439.434047461398!2d-91.18981648456129!3d30.452141781735794!2m3!1f0!2f0!3f0!3m2!1i1024!2i768!4f13.1!3m3!1m2!1s0x8626a0c22a1e7e5f%3A0x55f51503b6e1593c!2s301+Main+St+%232200%2C+Baton+Rouge%2C+LA+70802!5e0!3m2!1sen!2sus!4v1529959273703\" width=\"100%\" height=\"250\" frameborder=\"0\" style=\"border:0\" allowfullscreen><\/iframe><\/div><\/div><\/div>\n\t<div class=\"wpb_text_column wpb_content_element\" >\n\t\t<div class=\"wpb_wrapper\">\n\t\t\t<h3>Baton Rouge<\/h3>\n<p>301 N. Calle principal, Suite 2200<br \/>\nBaton Rouge, Luisiana 70825<\/p>\n<p><i class=\"fas fa-envelope\"><\/i> <a href=\"https:\/\/kpattorney.com\/es\/contact-us\/\">Cont\u00e1ctenos<\/a><\/p>\n<p><i class=\"fas fa-phone\"><\/i> (225) 339-9153<\/p>\n<p><em>* Disponible con cita previa<\/em><\/p>\n\n\t\t<\/div>\n\t<\/div>\n<\/div><\/div><\/div><div class=\"wpb_column vc_column_container vc_col-sm-4\"><div class=\"vc_column-inner\"><div class=\"wpb_wrapper\"><\/div><\/div><\/div><\/div><div data-vc-full-width=\"true\" data-vc-full-width-temp=\"true\" data-vc-full-width-init=\"false\" class=\"vc_row wpb_row vc_row-fluid vc_custom_1526501451452 vc_row-has-fill\"><div class=\"wpb_column vc_column_container vc_col-sm-12\"><div class=\"vc_column-inner\"><div class=\"wpb_wrapper\">\n\t<div class=\"wpb_text_column wpb_content_element vc_custom_1565043865729 practice-areas-mid-cta\" >\n\t\t<div class=\"wpb_wrapper\">\n\t\t\t<h3 style=\"text-align: center;\"><span style=\"color: #ffffff;\">Si desea consultar con un abogado con experiencia en lesiones personales, llame al (800) 586-5555 para hablar con los abogados de lesiones personales de Kanner &amp; Pintaluga. Nuestras consultas iniciales son siempre gratuitas y trabajamos con honorarios de contingencia, lo que significa que usted no nos debe nada por nuestro trabajo hasta que obtengamos la compensaci\u00f3n que se merece.<\/span><\/h3>\n\n\t\t<\/div>\n\t<\/div>\n<\/div><\/div><\/div><\/div><div class=\"vc_row-full-width vc_clearfix\"><\/div><div data-vc-full-width=\"true\" data-vc-full-width-temp=\"true\" data-vc-full-width-init=\"false\" data-vc-stretch-content=\"true\" class=\"vc_row wpb_row vc_row-fluid map vc_row-no-padding\"><div class=\"wpb_column vc_column_container vc_col-sm-12\"><div class=\"vc_column-inner\"><div class=\"wpb_wrapper\"><div class=\"wpb_gmaps_widget wpb_content_element\"><div class=\"wpb_wrapper\"><div class=\"wpb_map_wraper\"><iframe src=\"https:\/\/www.google.com\/maps\/d\/u\/7\/embed?mid=1VWnSoNZu40tYli3MJ9X5ihSiNC8vIiuT\" width=\"100%\" height=\"500\"><\/iframe><\/div><\/div><\/div><\/div><\/div><\/div><\/div><div class=\"vc_row-full-width vc_clearfix\"><\/div><div class=\"vc_row wpb_row vc_row-fluid\"><div class=\"wpb_column vc_column_container vc_col-sm-12\"><div class=\"vc_column-inner\"><div class=\"wpb_wrapper\"><\/div><\/div><\/div><\/div>\n<\/div>","protected":false},"excerpt":{"rendered":"Louisiana Personal Injury &amp; Property Damage Law Offices The attorneys at Kanner &amp; Pintaluga\u2019s Louisiana offices are committed to fighting for people who have been injured<span class=\"excerpt-hellip\"> [\u2026]<\/span>","protected":false},"author":17,"featured_media":1325,"parent":13198,"menu_order":0,"comment_status":"closed","ping_status":"closed","template":"","meta":{"_acf_changed":false,"footnotes":""},"class_list":["post-44","page","type-page","status-publish","has-post-thumbnail","hentry"],"acf":[],"yoast_head":"<!-- This site is optimized with the Yoast SEO plugin v27.3 - https:\/\/yoast.com\/product\/yoast-seo-wordpress\/ -->\n<title>Louisiana Personal Injury &amp; Property Damage Lawyers | K&amp;P<\/title>\n<meta name=\"description\" content=\"Legal help for personal injury and property damage cases in Louisiana. Kanner &amp; Pintaluga provides expert representation for injury victims.\" \/>\n<meta name=\"robots\" content=\"index, follow, max-snippet:-1, max-image-preview:large, max-video-preview:-1\" \/>\n<link rel=\"canonical\" href=\"https:\/\/kpattorney.com\/es\/offices\/louisiana\/\" \/>\n<meta property=\"og:locale\" content=\"es_MX\" \/>\n<meta property=\"og:type\" content=\"article\" \/>\n<meta property=\"og:title\" content=\"Louisiana Personal Injury &amp; Property Damage Lawyers | K&amp;P\" \/>\n<meta property=\"og:description\" content=\"Legal help for personal injury and property damage cases in Louisiana. Kanner &amp; Pintaluga provides expert representation for injury victims.\" \/>\n<meta property=\"og:url\" content=\"https:\/\/kpattorney.com\/es\/offices\/louisiana\/\" \/>\n<meta property=\"og:site_name\" content=\"Kanner &amp; Pintaluga\" \/>\n<meta property=\"article:publisher\" content=\"https:\/\/www.facebook.com\/kpattorney\" \/>\n<meta property=\"article:modified_time\" content=\"2026-03-27T14:28:14+00:00\" \/>\n<meta property=\"og:image\" content=\"https:\/\/kpattorney.com\/wp-content\/uploads\/2018\/07\/Louisiana-Header-opt-scaled.jpg\" \/>\n\t<meta property=\"og:image:width\" content=\"2048\" \/>\n\t<meta property=\"og:image:height\" content=\"569\" \/>\n\t<meta property=\"og:image:type\" content=\"image\/jpeg\" \/>\n<meta name=\"twitter:label1\" content=\"Tiempo de lectura\" \/>\n\t<meta name=\"twitter:data1\" content=\"4 minutos\" \/>\n<script type=\"application\/ld+json\" class=\"yoast-schema-graph\">{\"@context\":\"https:\\\/\\\/schema.org\",\"@graph\":[{\"@type\":\"WebPage\",\"@id\":\"https:\\\/\\\/kpattorney.com\\\/offices\\\/louisiana\\\/\",\"url\":\"https:\\\/\\\/kpattorney.com\\\/offices\\\/louisiana\\\/\",\"name\":\"Louisiana Personal Injury & Property Damage Lawyers | K&P\",\"isPartOf\":{\"@id\":\"https:\\\/\\\/kpattorney.com\\\/#website\"},\"primaryImageOfPage\":{\"@id\":\"https:\\\/\\\/kpattorney.com\\\/offices\\\/louisiana\\\/#primaryimage\"},\"image\":{\"@id\":\"https:\\\/\\\/kpattorney.com\\\/offices\\\/louisiana\\\/#primaryimage\"},\"thumbnailUrl\":\"https:\\\/\\\/kpattorney.com\\\/wp-content\\\/uploads\\\/2018\\\/07\\\/Louisiana-Header-opt-scaled.jpg\",\"datePublished\":\"2018-04-17T21:16:24+00:00\",\"dateModified\":\"2026-03-27T14:28:14+00:00\",\"description\":\"Legal help for personal injury and property damage cases in Louisiana. Kanner & Pintaluga provides expert representation for injury victims.\",\"breadcrumb\":{\"@id\":\"https:\\\/\\\/kpattorney.com\\\/offices\\\/louisiana\\\/#breadcrumb\"},\"inLanguage\":\"es\",\"potentialAction\":[{\"@type\":\"ReadAction\",\"target\":[\"https:\\\/\\\/kpattorney.com\\\/offices\\\/louisiana\\\/\"]}]},{\"@type\":\"ImageObject\",\"inLanguage\":\"es\",\"@id\":\"https:\\\/\\\/kpattorney.com\\\/offices\\\/louisiana\\\/#primaryimage\",\"url\":\"https:\\\/\\\/kpattorney.com\\\/wp-content\\\/uploads\\\/2018\\\/07\\\/Louisiana-Header-opt-scaled.jpg\",\"contentUrl\":\"https:\\\/\\\/kpattorney.com\\\/wp-content\\\/uploads\\\/2018\\\/07\\\/Louisiana-Header-opt-scaled.jpg\",\"width\":2048,\"height\":569},{\"@type\":\"BreadcrumbList\",\"@id\":\"https:\\\/\\\/kpattorney.com\\\/offices\\\/louisiana\\\/#breadcrumb\",\"itemListElement\":[{\"@type\":\"ListItem\",\"position\":1,\"name\":\"Home\",\"item\":\"https:\\\/\\\/kpattorney.com\\\/\"},{\"@type\":\"ListItem\",\"position\":2,\"name\":\"Personal Injury &#038; Property Damage Law Offices\",\"item\":\"https:\\\/\\\/kpattorney.com\\\/offices\\\/\"},{\"@type\":\"ListItem\",\"position\":3,\"name\":\"Louisiana Law Offices\"}]},{\"@type\":\"WebSite\",\"@id\":\"https:\\\/\\\/kpattorney.com\\\/#website\",\"url\":\"https:\\\/\\\/kpattorney.com\\\/\",\"name\":\"Kanner &amp; Pintaluga\",\"description\":\"\",\"publisher\":{\"@id\":\"https:\\\/\\\/kpattorney.com\\\/#organization\"},\"potentialAction\":[{\"@type\":\"SearchAction\",\"target\":{\"@type\":\"EntryPoint\",\"urlTemplate\":\"https:\\\/\\\/kpattorney.com\\\/?s={search_term_string}\"},\"query-input\":{\"@type\":\"PropertyValueSpecification\",\"valueRequired\":true,\"valueName\":\"search_term_string\"}}],\"inLanguage\":\"es\"},{\"@type\":\"Organization\",\"@id\":\"https:\\\/\\\/kpattorney.com\\\/#organization\",\"name\":\"Kanner & Pintaluga\",\"url\":\"https:\\\/\\\/kpattorney.com\\\/\",\"logo\":{\"@type\":\"ImageObject\",\"inLanguage\":\"es\",\"@id\":\"https:\\\/\\\/kpattorney.com\\\/#\\\/schema\\\/logo\\\/image\\\/\",\"url\":\"https:\\\/\\\/kpattorney.com\\\/wp-content\\\/uploads\\\/2022\\\/07\\\/newresizedkplogo.png\",\"contentUrl\":\"https:\\\/\\\/kpattorney.com\\\/wp-content\\\/uploads\\\/2022\\\/07\\\/newresizedkplogo.png\",\"width\":450,\"height\":94,\"caption\":\"Kanner & Pintaluga\"},\"image\":{\"@id\":\"https:\\\/\\\/kpattorney.com\\\/#\\\/schema\\\/logo\\\/image\\\/\"},\"sameAs\":[\"https:\\\/\\\/www.facebook.com\\\/kpattorney\",\"https:\\\/\\\/x.com\\\/kpattorney\",\"https:\\\/\\\/www.instagram.com\\\/kpattorney\\\/\",\"https:\\\/\\\/www.linkedin.com\\\/company\\\/kpattorney\\\/\"]}]}<\/script>\n<!-- \/ Yoast SEO plugin. -->","yoast_head_json":{"title":"Abogados especializados en lesiones personales y da\u00f1os materiales en Luisiana | K&amp;P","description":"Ayuda legal para casos de lesiones personales y da\u00f1os a la propiedad en Luisiana. Kanner &amp; Pintaluga ofrece representaci\u00f3n experta para v\u00edctimas de lesiones.","robots":{"index":"index","follow":"follow","max-snippet":"max-snippet:-1","max-image-preview":"max-image-preview:large","max-video-preview":"max-video-preview:-1"},"canonical":"https:\/\/kpattorney.com\/es\/offices\/louisiana\/","og_locale":"es_MX","og_type":"article","og_title":"Louisiana Personal Injury & Property Damage Lawyers | K&P","og_description":"Legal help for personal injury and property damage cases in Louisiana. Kanner & Pintaluga provides expert representation for injury victims.","og_url":"https:\/\/kpattorney.com\/es\/offices\/louisiana\/","og_site_name":"Kanner &amp; Pintaluga","article_publisher":"https:\/\/www.facebook.com\/kpattorney","article_modified_time":"2026-03-27T14:28:14+00:00","og_image":[{"width":2048,"height":569,"url":"https:\/\/kpattorney.com\/wp-content\/uploads\/2018\/07\/Louisiana-Header-opt-scaled.jpg","type":"image\/jpeg"}],"twitter_misc":{"Tiempo de lectura":"4 minutos"},"schema":{"@context":"https:\/\/schema.org","@graph":[{"@type":"WebPage","@id":"https:\/\/kpattorney.com\/offices\/louisiana\/","url":"https:\/\/kpattorney.com\/offices\/louisiana\/","name":"Abogados especializados en lesiones personales y da\u00f1os materiales en Luisiana | K&amp;P","isPartOf":{"@id":"https:\/\/kpattorney.com\/#website"},"primaryImageOfPage":{"@id":"https:\/\/kpattorney.com\/offices\/louisiana\/#primaryimage"},"image":{"@id":"https:\/\/kpattorney.com\/offices\/louisiana\/#primaryimage"},"thumbnailUrl":"https:\/\/kpattorney.com\/wp-content\/uploads\/2018\/07\/Louisiana-Header-opt-scaled.jpg","datePublished":"2018-04-17T21:16:24+00:00","dateModified":"2026-03-27T14:28:14+00:00","description":"Ayuda legal para casos de lesiones personales y da\u00f1os a la propiedad en Luisiana. Kanner &amp; Pintaluga ofrece representaci\u00f3n experta para v\u00edctimas de lesiones.","breadcrumb":{"@id":"https:\/\/kpattorney.com\/offices\/louisiana\/#breadcrumb"},"inLanguage":"es","potentialAction":[{"@type":"ReadAction","target":["https:\/\/kpattorney.com\/offices\/louisiana\/"]}]},{"@type":"ImageObject","inLanguage":"es","@id":"https:\/\/kpattorney.com\/offices\/louisiana\/#primaryimage","url":"https:\/\/kpattorney.com\/wp-content\/uploads\/2018\/07\/Louisiana-Header-opt-scaled.jpg","contentUrl":"https:\/\/kpattorney.com\/wp-content\/uploads\/2018\/07\/Louisiana-Header-opt-scaled.jpg","width":2048,"height":569},{"@type":"BreadcrumbList","@id":"https:\/\/kpattorney.com\/offices\/louisiana\/#breadcrumb","itemListElement":[{"@type":"ListItem","position":1,"name":"Home","item":"https:\/\/kpattorney.com\/"},{"@type":"ListItem","position":2,"name":"Personal Injury &#038; Property Damage Law Offices","item":"https:\/\/kpattorney.com\/offices\/"},{"@type":"ListItem","position":3,"name":"Louisiana Law Offices"}]},{"@type":"WebSite","@id":"https:\/\/kpattorney.com\/#website","url":"https:\/\/kpattorney.com\/","name":"Kanner y Pintaluga","description":"","publisher":{"@id":"https:\/\/kpattorney.com\/#organization"},"potentialAction":[{"@type":"SearchAction","target":{"@type":"EntryPoint","urlTemplate":"https:\/\/kpattorney.com\/?s={search_term_string}"},"query-input":{"@type":"PropertyValueSpecification","valueRequired":true,"valueName":"search_term_string"}}],"inLanguage":"es"},{"@type":"Organization","@id":"https:\/\/kpattorney.com\/#organization","name":"Kanner y Pintaluga","url":"https:\/\/kpattorney.com\/","logo":{"@type":"ImageObject","inLanguage":"es","@id":"https:\/\/kpattorney.com\/#\/schema\/logo\/image\/","url":"https:\/\/kpattorney.com\/wp-content\/uploads\/2022\/07\/newresizedkplogo.png","contentUrl":"https:\/\/kpattorney.com\/wp-content\/uploads\/2022\/07\/newresizedkplogo.png","width":450,"height":94,"caption":"Kanner & Pintaluga"},"image":{"@id":"https:\/\/kpattorney.com\/#\/schema\/logo\/image\/"},"sameAs":["https:\/\/www.facebook.com\/kpattorney","https:\/\/x.com\/kpattorney","https:\/\/www.instagram.com\/kpattorney\/","https:\/\/www.linkedin.com\/company\/kpattorney\/"]}]}},"_links":{"self":[{"href":"https:\/\/kpattorney.com\/es\/wp-json\/wp\/v2\/pages\/44","targetHints":{"allow":["GET"]}}],"collection":[{"href":"https:\/\/kpattorney.com\/es\/wp-json\/wp\/v2\/pages"}],"about":[{"href":"https:\/\/kpattorney.com\/es\/wp-json\/wp\/v2\/types\/page"}],"author":[{"embeddable":true,"href":"https:\/\/kpattorney.com\/es\/wp-json\/wp\/v2\/users\/17"}],"replies":[{"embeddable":true,"href":"https:\/\/kpattorney.com\/es\/wp-json\/wp\/v2\/comments?post=44"}],"version-history":[{"count":0,"href":"https:\/\/kpattorney.com\/es\/wp-json\/wp\/v2\/pages\/44\/revisions"}],"up":[{"embeddable":true,"href":"https:\/\/kpattorney.com\/es\/wp-json\/wp\/v2\/pages\/13198"}],"wp:featuredmedia":[{"embeddable":true,"href":"https:\/\/kpattorney.com\/es\/wp-json\/wp\/v2\/media\/1325"}],"wp:attachment":[{"href":"https:\/\/kpattorney.com\/es\/wp-json\/wp\/v2\/media?parent=44"}],"curies":[{"name":"wp","href":"https:\/\/api.w.org\/{rel}","templated":true}]}}