{"id":38,"date":"2018-04-17T21:15:30","date_gmt":"2018-04-17T21:15:30","guid":{"rendered":"http:\/\/50.28.38.211\/~kpattorney\/?page_id=38"},"modified":"2026-03-27T10:42:26","modified_gmt":"2026-03-27T14:42:26","slug":"alabama","status":"publish","type":"page","link":"https:\/\/kpattorney.com\/es\/offices\/alabama\/","title":{"rendered":"Oficinas Legales de Alabama"},"content":{"rendered":"<div class=\"wpb-content-wrapper\"><div class=\"vc_row wpb_row vc_row-fluid\"><div class=\"wpb_column vc_column_container vc_col-sm-12\"><div class=\"vc_column-inner\"><div class=\"wpb_wrapper\">\n\t<div class=\"wpb_text_column wpb_content_element\" >\n\t\t<div class=\"wpb_wrapper\">\n\t\t\t<h2><strong>Oficinas legales de lesiones personales en Alabama<\/strong><\/h2>\n<p>Los abogados de lesiones personales de Kanner &amp; Pintaluga est\u00e1n comprometidos a luchar por los clientes en Alabama que han sufrido una lesi\u00f3n debido a la negligencia o acciones imprudentes de otra persona. Comun\u00edquese con la oficina m\u00e1s cercana para una evaluaci\u00f3n de caso r\u00e1pida y gratuita.<\/p>\n<ul>\n<li><a href=\"https:\/\/kpattorney.com\/es\/offices\/alabama\/birmingham\/\">Birmingham<\/a><\/li>\n<li><a href=\"https:\/\/kpattorney.com\/es\/offices\/alabama\/mobile\/\">M\u00f3vil<\/a><\/li>\n<\/ul>\n\n\t\t<\/div>\n\t<\/div>\n<\/div><\/div><\/div><\/div><div data-vc-full-width=\"true\" data-vc-full-width-temp=\"true\" data-vc-full-width-init=\"false\" data-vc-stretch-content=\"true\" class=\"vc_row wpb_row vc_row-fluid vc_custom_1565035427946 vc_row-has-fill\"><div class=\"wpb_column vc_column_container vc_col-sm-6 vc_col-has-fill\"><div class=\"vc_column-inner vc_custom_1565109799461\"><div class=\"wpb_wrapper\"><\/div><\/div><\/div><div class=\"wpb_column vc_column_container vc_col-sm-6 vc_col-has-fill\"><div class=\"vc_column-inner vc_custom_1564091336967\"><div class=\"wpb_wrapper\">\n\t<div class=\"wpb_text_column wpb_content_element\" >\n\t\t<div class=\"wpb_wrapper\">\n\t\t\t<h2>\u00bfQu\u00e9 hace que la ley de lesiones personales de Alabama sea \u00fanica?<\/h2>\n<p>Alabama NO es como la mayor\u00eda de los otros estados en t\u00e9rminos de leyes de lesiones personales, ya que cumple con la cl\u00e1sica negligencia contributiva. Es decir, si la parte perjudicada tiene aunque sea el uno por ciento de la culpa, se proh\u00edbe la recuperaci\u00f3n total. Otro estatuto espec\u00edfico exclusivo de Alabama es el Estatuto del Pasajero Invitado que impide la recuperaci\u00f3n, AL Stat. 32-1-2. Esencialmente, si usted es un pasajero en el veh\u00edculo culpable, a menos que haya pagado una compensaci\u00f3n al conductor por el transporte y\/o el conductor haya sido imprudente\/en estado de ebriedad mientras conduc\u00eda, la recuperaci\u00f3n contra el conductor del veh\u00edculo en el que usted es pasajero es completamente prohibido. Las siguientes son s\u00f3lo algunas de las regulaciones que pueden afectar la capacidad de una v\u00edctima de lesiones personales en Alabama para presentar un reclamo o limitar los da\u00f1os totales que recibe.<\/p>\n\n\t\t<\/div>\n\t<\/div>\n<\/div><\/div><\/div><\/div><div class=\"vc_row-full-width vc_clearfix\"><\/div><div class=\"vc_row wpb_row vc_row-fluid\"><div class=\"wpb_column vc_column_container vc_col-sm-12\"><div class=\"vc_column-inner\"><div class=\"wpb_wrapper\">\n\t<div class=\"wpb_text_column wpb_content_element\" >\n\t\t<div class=\"wpb_wrapper\">\n\t\t\t<h2>Leyes de lesiones personales de Alabama<\/h2>\n<ul>\n<li>Alabama tiene un plazo de prescripci\u00f3n de dos a\u00f1os para presentar un reclamo por lesiones personales. Si resulta lesionado en Alabama, debe presentar su reclamo dentro de los dos a\u00f1os posteriores a la lesi\u00f3n.<\/li>\n<li>Hubo un tiempo en que Alabama ten\u00eda l\u00edmites en algunos tipos de da\u00f1os por lesiones personales. Estas leyes estaban dirigidas principalmente a <a href=\"https:\/\/kpattorney.com\/es\/personal-injury\/medical-malpractice\/\">negligencia m\u00e9dica<\/a> casos de lesiones y muerte por negligencia. El Tribunal Supremo de Alabama consider\u00f3 que esas leyes eran inconstitucionales y las anul\u00f3.<\/li>\n<li>Todav\u00eda hay un tope de $1.500.000 en <a href=\"https:\/\/kpattorney.com\/es\/personal-injury\/damages\/punitive\/\">da\u00f1os punitivos<\/a>, si est\u00e1n disponibles para su lesi\u00f3n. Los da\u00f1os punitivos no est\u00e1n disponibles en todos los casos y est\u00e1n destinados a actuar como elemento disuasorio para evitar que la parte negligente cometa la misma transgresi\u00f3n en el futuro. Por ejemplo, las lesiones por conducir ebrio pueden justificar da\u00f1os punitivos.<\/li>\n<li>Otro aspecto \u00fanico de la ley de lesiones personales de Alabama es el l\u00edmite de $100,000 para responsabilidad municipal. La responsabilidad municipal es espec\u00edfica de las lesiones causadas por una ciudad, condado u otro organismo gubernamental. B\u00e1sicamente, esto significa que incluso si las acciones de los trabajadores de la ciudad, como los agentes del orden, o la negligencia en algo como el mantenimiento de carreteras provocan un accidente, la compensaci\u00f3n m\u00e1xima que la v\u00edctima de la lesi\u00f3n puede recibir del municipio responsable ser\u00eda $100.000. En algunos casos, esta indemnizaci\u00f3n relativamente peque\u00f1a puede no ser suficiente para cubrir el tratamiento, la rehabilitaci\u00f3n y la atenci\u00f3n continuada despu\u00e9s de un accidente.<\/li>\n<li>Adem\u00e1s de las limitaciones de compensaci\u00f3n, tambi\u00e9n existen limitaciones de tiempo m\u00e1s estrictas para presentar un caso de lesiones personales si la parte negligente lo lastim\u00f3 mientras desempe\u00f1aba sus funciones como agente o empleado del gobierno. Si result\u00f3 lesionado por las acciones de un trabajador de la ciudad, debe presentar su reclamo contra la ciudad dentro de los seis meses posteriores a su lesi\u00f3n en lugar de los dos a\u00f1os est\u00e1ndar. Si result\u00f3 lesionado por un empleado del condado, debe presentar un reclamo dentro de un a\u00f1o. Estos reclamos son independientes de su reclamo por lesiones personales, pero si no sigue este paso procesal, es posible que no pueda presentar un reclamo por lesiones personales una vez transcurrido el l\u00edmite de tiempo.<\/li>\n<li>Alabama tiene normas m\u00e1s estrictas sobre lesiones por mordeduras de perro que muchos otros estados. Algunos estados protegen a los due\u00f1os de perros de demandas por la primera mordedura del perro si el due\u00f1o no ten\u00eda motivos para sospechar que el perro era peligroso antes de que ocurriera la mordedura. Alabama no tiene una regla de una sola mordida y responsabiliza a los due\u00f1os de perros por las mordeduras de perro, independientemente de si el perro ha mostrado tendencias agresivas en el pasado o no.<\/li>\n<\/ul>\n\n\t\t<\/div>\n\t<\/div>\n<\/div><\/div><\/div><\/div><div class=\"vc_row wpb_row vc_row-fluid vc_custom_1527104940370\"><div class=\"individual-location wpb_column vc_column_container vc_col-sm-4\"><div class=\"vc_column-inner\"><div class=\"wpb_wrapper\"><div class=\"wpb_gmaps_widget wpb_content_element\"><div class=\"wpb_wrapper\"><div class=\"wpb_map_wraper\"><iframe src=\"https:\/\/www.google.com\/maps\/embed?pb=!1m18!1m12!1m3!1d3327.5090370746434!2d-86.79230338479971!3d33.48813098076315!2m3!1f0!2f0!3f0!3m2!1i1024!2i768!4f13.1!3m3!1m2!1s0x0%3A0x9f61eefd1d98ba9a!2sLaw+Offices+of+Kanner+%26+Pintaluga!5e0!3m2!1sen!2sus!4v1549578819262\" width=\"100%\" height=\"250\" frameborder=\"0\" style=\"border:0\" allowfullscreen><\/iframe><\/div><\/div><\/div>\n\t<div class=\"wpb_text_column wpb_content_element\" >\n\t\t<div class=\"wpb_wrapper\">\n\t\t\t<h3>Birmingham<\/h3>\n<p>2100 Southbridge Parkway, Suite 650<br \/>\nBirmingham, Alabama. 35209<\/p>\n<p><a href=\"https:\/\/kpattorney.com\/es\/contact-us\/\">Cont\u00e1ctenos<\/a><\/p>\n<p>(205) 730-7976<\/p>\n<p><em>* Disponible con cita previa<\/em><\/p>\n\n\t\t<\/div>\n\t<\/div>\n<\/div><\/div><\/div><div class=\"individual-location wpb_column vc_column_container vc_col-sm-4\"><div class=\"vc_column-inner\"><div class=\"wpb_wrapper\"><div class=\"wpb_gmaps_widget wpb_content_element\"><div class=\"wpb_wrapper\"><div class=\"wpb_map_wraper\"><iframe src=\"https:\/\/www.google.com\/maps\/embed?pb=!1m18!1m12!1m3!1d3431.557482355063!2d-88.14861968486993!3d30.674587181657486!2m3!1f0!2f0!3f0!3m2!1i1024!2i768!4f13.1!3m3!1m2!1s0x889a4d1526c7e5cd%3A0x45f1c6a4d189915c!2s273+Azalea+Rd+Ste+2-334Mobile%2C+Mobile%2C+AL+36609!5e0!3m2!1sen!2sus!4v1526921803208\" width=\"100%\" height=\"250\" frameborder=\"0\" style=\"border:0\" allowfullscreen><\/iframe><\/div><\/div><\/div>\n\t<div class=\"wpb_text_column wpb_content_element\" >\n\t\t<div class=\"wpb_wrapper\">\n\t\t\t<h3>M\u00f3vil<\/h3>\n<p>273 Azalea Road, Suite 2-334<br \/>\nM\u00f3vil, AL 36609<\/p>\n<p><a href=\"https:\/\/kpattorney.com\/es\/contact-us\/\">Cont\u00e1ctenos<\/a><\/p>\n<p>(251) 308-4630<\/p>\n<p><em>* Disponible con cita previa<\/em><\/p>\n\n\t\t<\/div>\n\t<\/div>\n<\/div><\/div><\/div><div class=\"wpb_column vc_column_container vc_col-sm-4\"><div class=\"vc_column-inner\"><div class=\"wpb_wrapper\"><\/div><\/div><\/div><\/div><div data-vc-full-width=\"true\" data-vc-full-width-temp=\"true\" data-vc-full-width-init=\"false\" class=\"vc_row wpb_row vc_row-fluid vc_custom_1526501451452 vc_row-has-fill\"><div class=\"wpb_column vc_column_container vc_col-sm-12\"><div class=\"vc_column-inner\"><div class=\"wpb_wrapper\">\n\t<div class=\"wpb_text_column wpb_content_element vc_custom_1565042418627 practice-areas-mid-cta\" >\n\t\t<div class=\"wpb_wrapper\">\n\t\t\t<h3 style=\"text-align: center;\">Si tiene preguntas sobre un caso de lesiones personales o muerte por negligencia en Alabama, no dude en comunicarse con los abogados de lesiones personales de Alabama de Kanner &amp; Pintaluga en Birmingham y Mobile llamando al (800) 586-5555.<\/h3>\n\n\t\t<\/div>\n\t<\/div>\n<\/div><\/div><\/div><\/div><div class=\"vc_row-full-width vc_clearfix\"><\/div><div data-vc-full-width=\"true\" data-vc-full-width-temp=\"true\" data-vc-full-width-init=\"false\" data-vc-stretch-content=\"true\" class=\"vc_row wpb_row vc_row-fluid map vc_row-no-padding\"><div class=\"wpb_animate_when_almost_visible wpb_fadeIn fadeIn wpb_column vc_column_container vc_col-sm-12\"><div class=\"vc_column-inner\"><div class=\"wpb_wrapper\"><div class=\"wpb_gmaps_widget wpb_content_element\"><div class=\"wpb_wrapper\"><div class=\"wpb_map_wraper\"><iframe src=\"https:\/\/www.google.com\/maps\/d\/u\/7\/embed?mid=1k4Ge6hODDWNqrfgmUxwk5dmbyGY-ZAxG\" width=\"100%\" height=\"500\"><\/iframe><\/div><\/div><\/div><\/div><\/div><\/div><\/div><div class=\"vc_row-full-width vc_clearfix\"><\/div><div class=\"vc_row wpb_row vc_row-fluid\"><div class=\"wpb_column vc_column_container vc_col-sm-12\"><div class=\"vc_column-inner\"><div class=\"wpb_wrapper\"><\/div><\/div><\/div><\/div>\n<\/div>","protected":false},"excerpt":{"rendered":"Personal Injury Law Offices in Alabama The personal injury attorneys at Kanner &amp; Pintaluga are committed to fighting for clients in Alabama who have suffered an<span class=\"excerpt-hellip\"> [\u2026]<\/span>","protected":false},"author":17,"featured_media":1321,"parent":13198,"menu_order":0,"comment_status":"closed","ping_status":"closed","template":"","meta":{"_acf_changed":false,"footnotes":""},"class_list":["post-38","page","type-page","status-publish","has-post-thumbnail","hentry"],"acf":[],"yoast_head":"<!-- This site is optimized with the Yoast SEO plugin v27.4 - https:\/\/yoast.com\/product\/yoast-seo-wordpress\/ -->\n<title>Abogados de lesiones personales en Alabama | Oficinas legales<\/title>\n<meta name=\"description\" content=\"Kanner &amp; Pintaluga attorneys in Alabama specialize in personal injury and property damage cases. Get the legal help you need today.\" \/>\n<meta name=\"robots\" content=\"index, follow, max-snippet:-1, max-image-preview:large, max-video-preview:-1\" \/>\n<link rel=\"canonical\" href=\"https:\/\/kpattorney.com\/es\/offices\/alabama\/\" \/>\n<meta property=\"og:locale\" content=\"es_MX\" \/>\n<meta property=\"og:type\" content=\"article\" \/>\n<meta property=\"og:title\" content=\"Abogados de lesiones personales en Alabama | Oficinas legales\" \/>\n<meta property=\"og:description\" content=\"Kanner &amp; Pintaluga attorneys in Alabama specialize in personal injury and property damage cases. Get the legal help you need today.\" \/>\n<meta property=\"og:url\" content=\"https:\/\/kpattorney.com\/es\/offices\/alabama\/\" \/>\n<meta property=\"og:site_name\" content=\"Kanner &amp; Pintaluga\" \/>\n<meta property=\"article:publisher\" content=\"https:\/\/www.facebook.com\/kpattorney\" \/>\n<meta property=\"article:modified_time\" content=\"2026-03-27T14:42:26+00:00\" \/>\n<meta property=\"og:image\" content=\"https:\/\/kpattorney.com\/wp-content\/uploads\/2018\/07\/Alabama-Header-opt-scaled.jpg\" \/>\n\t<meta property=\"og:image:width\" content=\"2048\" \/>\n\t<meta property=\"og:image:height\" content=\"569\" \/>\n\t<meta property=\"og:image:type\" content=\"image\/jpeg\" \/>\n<meta name=\"twitter:label1\" content=\"Tiempo de lectura\" \/>\n\t<meta name=\"twitter:data1\" content=\"4 minutos\" \/>\n<script type=\"application\/ld+json\" class=\"yoast-schema-graph\">{\"@context\":\"https:\\\/\\\/schema.org\",\"@graph\":[{\"@type\":\"WebPage\",\"@id\":\"https:\\\/\\\/kpattorney.com\\\/offices\\\/alabama\\\/\",\"url\":\"https:\\\/\\\/kpattorney.com\\\/offices\\\/alabama\\\/\",\"name\":\"Abogados de lesiones personales en Alabama | Oficinas legales\",\"isPartOf\":{\"@id\":\"https:\\\/\\\/kpattorney.com\\\/#website\"},\"primaryImageOfPage\":{\"@id\":\"https:\\\/\\\/kpattorney.com\\\/offices\\\/alabama\\\/#primaryimage\"},\"image\":{\"@id\":\"https:\\\/\\\/kpattorney.com\\\/offices\\\/alabama\\\/#primaryimage\"},\"thumbnailUrl\":\"https:\\\/\\\/kpattorney.com\\\/wp-content\\\/uploads\\\/2018\\\/07\\\/Alabama-Header-opt-scaled.jpg\",\"datePublished\":\"2018-04-17T21:15:30+00:00\",\"dateModified\":\"2026-03-27T14:42:26+00:00\",\"description\":\"Kanner & Pintaluga attorneys in Alabama specialize in personal injury and property damage cases. Get the legal help you need today.\",\"breadcrumb\":{\"@id\":\"https:\\\/\\\/kpattorney.com\\\/offices\\\/alabama\\\/#breadcrumb\"},\"inLanguage\":\"es\",\"potentialAction\":[{\"@type\":\"ReadAction\",\"target\":[\"https:\\\/\\\/kpattorney.com\\\/offices\\\/alabama\\\/\"]}]},{\"@type\":\"ImageObject\",\"inLanguage\":\"es\",\"@id\":\"https:\\\/\\\/kpattorney.com\\\/offices\\\/alabama\\\/#primaryimage\",\"url\":\"https:\\\/\\\/kpattorney.com\\\/wp-content\\\/uploads\\\/2018\\\/07\\\/Alabama-Header-opt-scaled.jpg\",\"contentUrl\":\"https:\\\/\\\/kpattorney.com\\\/wp-content\\\/uploads\\\/2018\\\/07\\\/Alabama-Header-opt-scaled.jpg\",\"width\":2048,\"height\":569},{\"@type\":\"BreadcrumbList\",\"@id\":\"https:\\\/\\\/kpattorney.com\\\/offices\\\/alabama\\\/#breadcrumb\",\"itemListElement\":[{\"@type\":\"ListItem\",\"position\":1,\"name\":\"Home\",\"item\":\"https:\\\/\\\/kpattorney.com\\\/\"},{\"@type\":\"ListItem\",\"position\":2,\"name\":\"Personal Injury &#038; Property Damage Law Offices\",\"item\":\"https:\\\/\\\/kpattorney.com\\\/offices\\\/\"},{\"@type\":\"ListItem\",\"position\":3,\"name\":\"Alabama Law Offices\"}]},{\"@type\":\"WebSite\",\"@id\":\"https:\\\/\\\/kpattorney.com\\\/#website\",\"url\":\"https:\\\/\\\/kpattorney.com\\\/\",\"name\":\"Kanner &amp; Pintaluga\",\"description\":\"\",\"publisher\":{\"@id\":\"https:\\\/\\\/kpattorney.com\\\/#organization\"},\"potentialAction\":[{\"@type\":\"SearchAction\",\"target\":{\"@type\":\"EntryPoint\",\"urlTemplate\":\"https:\\\/\\\/kpattorney.com\\\/?s={search_term_string}\"},\"query-input\":{\"@type\":\"PropertyValueSpecification\",\"valueRequired\":true,\"valueName\":\"search_term_string\"}}],\"inLanguage\":\"es\"},{\"@type\":\"Organization\",\"@id\":\"https:\\\/\\\/kpattorney.com\\\/#organization\",\"name\":\"Kanner & Pintaluga\",\"url\":\"https:\\\/\\\/kpattorney.com\\\/\",\"logo\":{\"@type\":\"ImageObject\",\"inLanguage\":\"es\",\"@id\":\"https:\\\/\\\/kpattorney.com\\\/#\\\/schema\\\/logo\\\/image\\\/\",\"url\":\"https:\\\/\\\/kpattorney.com\\\/wp-content\\\/uploads\\\/2022\\\/07\\\/newresizedkplogo.png\",\"contentUrl\":\"https:\\\/\\\/kpattorney.com\\\/wp-content\\\/uploads\\\/2022\\\/07\\\/newresizedkplogo.png\",\"width\":450,\"height\":94,\"caption\":\"Kanner & Pintaluga\"},\"image\":{\"@id\":\"https:\\\/\\\/kpattorney.com\\\/#\\\/schema\\\/logo\\\/image\\\/\"},\"sameAs\":[\"https:\\\/\\\/www.facebook.com\\\/kpattorney\",\"https:\\\/\\\/x.com\\\/kpattorney\",\"https:\\\/\\\/www.instagram.com\\\/kpattorney\\\/\",\"https:\\\/\\\/www.linkedin.com\\\/company\\\/kpattorney\\\/\"]}]}<\/script>\n<!-- \/ Yoast SEO plugin. -->","yoast_head_json":{"title":"Abogados especializados en lesiones personales en Alabama | Despachos de abogados","description":"Los abogados de Kanner &amp; Pintaluga en Alabama son especialistas en casos de Lesiones personales y Da\u00f1os a la propiedad. Obtenga la ayuda legal que necesita hoy.","robots":{"index":"index","follow":"follow","max-snippet":"max-snippet:-1","max-image-preview":"max-image-preview:large","max-video-preview":"max-video-preview:-1"},"canonical":"https:\/\/kpattorney.com\/es\/offices\/alabama\/","og_locale":"es_MX","og_type":"article","og_title":"Abogados de lesiones personales en Alabama | Oficinas legales","og_description":"Kanner & Pintaluga attorneys in Alabama specialize in personal injury and property damage cases. Get the legal help you need today.","og_url":"https:\/\/kpattorney.com\/es\/offices\/alabama\/","og_site_name":"Kanner &amp; Pintaluga","article_publisher":"https:\/\/www.facebook.com\/kpattorney","article_modified_time":"2026-03-27T14:42:26+00:00","og_image":[{"width":2048,"height":569,"url":"https:\/\/kpattorney.com\/wp-content\/uploads\/2018\/07\/Alabama-Header-opt-scaled.jpg","type":"image\/jpeg"}],"twitter_misc":{"Tiempo de lectura":"4 minutos"},"schema":{"@context":"https:\/\/schema.org","@graph":[{"@type":"WebPage","@id":"https:\/\/kpattorney.com\/offices\/alabama\/","url":"https:\/\/kpattorney.com\/offices\/alabama\/","name":"Abogados especializados en lesiones personales en Alabama | Despachos de abogados","isPartOf":{"@id":"https:\/\/kpattorney.com\/#website"},"primaryImageOfPage":{"@id":"https:\/\/kpattorney.com\/offices\/alabama\/#primaryimage"},"image":{"@id":"https:\/\/kpattorney.com\/offices\/alabama\/#primaryimage"},"thumbnailUrl":"https:\/\/kpattorney.com\/wp-content\/uploads\/2018\/07\/Alabama-Header-opt-scaled.jpg","datePublished":"2018-04-17T21:15:30+00:00","dateModified":"2026-03-27T14:42:26+00:00","description":"Los abogados de Kanner &amp; Pintaluga en Alabama son especialistas en casos de Lesiones personales y Da\u00f1os a la propiedad. Obtenga la ayuda legal que necesita hoy.","breadcrumb":{"@id":"https:\/\/kpattorney.com\/offices\/alabama\/#breadcrumb"},"inLanguage":"es","potentialAction":[{"@type":"ReadAction","target":["https:\/\/kpattorney.com\/offices\/alabama\/"]}]},{"@type":"ImageObject","inLanguage":"es","@id":"https:\/\/kpattorney.com\/offices\/alabama\/#primaryimage","url":"https:\/\/kpattorney.com\/wp-content\/uploads\/2018\/07\/Alabama-Header-opt-scaled.jpg","contentUrl":"https:\/\/kpattorney.com\/wp-content\/uploads\/2018\/07\/Alabama-Header-opt-scaled.jpg","width":2048,"height":569},{"@type":"BreadcrumbList","@id":"https:\/\/kpattorney.com\/offices\/alabama\/#breadcrumb","itemListElement":[{"@type":"ListItem","position":1,"name":"Home","item":"https:\/\/kpattorney.com\/"},{"@type":"ListItem","position":2,"name":"Personal Injury &#038; Property Damage Law Offices","item":"https:\/\/kpattorney.com\/offices\/"},{"@type":"ListItem","position":3,"name":"Alabama Law Offices"}]},{"@type":"WebSite","@id":"https:\/\/kpattorney.com\/#website","url":"https:\/\/kpattorney.com\/","name":"Kanner y Pintaluga","description":"","publisher":{"@id":"https:\/\/kpattorney.com\/#organization"},"potentialAction":[{"@type":"SearchAction","target":{"@type":"EntryPoint","urlTemplate":"https:\/\/kpattorney.com\/?s={search_term_string}"},"query-input":{"@type":"PropertyValueSpecification","valueRequired":true,"valueName":"search_term_string"}}],"inLanguage":"es"},{"@type":"Organization","@id":"https:\/\/kpattorney.com\/#organization","name":"Kanner y Pintaluga","url":"https:\/\/kpattorney.com\/","logo":{"@type":"ImageObject","inLanguage":"es","@id":"https:\/\/kpattorney.com\/#\/schema\/logo\/image\/","url":"https:\/\/kpattorney.com\/wp-content\/uploads\/2022\/07\/newresizedkplogo.png","contentUrl":"https:\/\/kpattorney.com\/wp-content\/uploads\/2022\/07\/newresizedkplogo.png","width":450,"height":94,"caption":"Kanner & Pintaluga"},"image":{"@id":"https:\/\/kpattorney.com\/#\/schema\/logo\/image\/"},"sameAs":["https:\/\/www.facebook.com\/kpattorney","https:\/\/x.com\/kpattorney","https:\/\/www.instagram.com\/kpattorney\/","https:\/\/www.linkedin.com\/company\/kpattorney\/"]}]}},"_links":{"self":[{"href":"https:\/\/kpattorney.com\/es\/wp-json\/wp\/v2\/pages\/38","targetHints":{"allow":["GET"]}}],"collection":[{"href":"https:\/\/kpattorney.com\/es\/wp-json\/wp\/v2\/pages"}],"about":[{"href":"https:\/\/kpattorney.com\/es\/wp-json\/wp\/v2\/types\/page"}],"author":[{"embeddable":true,"href":"https:\/\/kpattorney.com\/es\/wp-json\/wp\/v2\/users\/17"}],"replies":[{"embeddable":true,"href":"https:\/\/kpattorney.com\/es\/wp-json\/wp\/v2\/comments?post=38"}],"version-history":[{"count":0,"href":"https:\/\/kpattorney.com\/es\/wp-json\/wp\/v2\/pages\/38\/revisions"}],"up":[{"embeddable":true,"href":"https:\/\/kpattorney.com\/es\/wp-json\/wp\/v2\/pages\/13198"}],"wp:featuredmedia":[{"embeddable":true,"href":"https:\/\/kpattorney.com\/es\/wp-json\/wp\/v2\/media\/1321"}],"wp:attachment":[{"href":"https:\/\/kpattorney.com\/es\/wp-json\/wp\/v2\/media?parent=38"}],"curies":[{"name":"wp","href":"https:\/\/api.w.org\/{rel}","templated":true}]}}