{"id":17032,"date":"2025-05-27T08:29:24","date_gmt":"2025-05-27T12:29:24","guid":{"rendered":"https:\/\/kpattorney.com\/?page_id=17032"},"modified":"2026-01-29T12:57:49","modified_gmt":"2026-01-29T17:57:49","slug":"kentucky","status":"publish","type":"page","link":"https:\/\/kpattorney.com\/es\/offices\/kentucky\/","title":{"rendered":"Kentucky"},"content":{"rendered":"<div class=\"wpb-content-wrapper\">\t\t<div data-elementor-type=\"wp-page\" data-elementor-id=\"17032\" class=\"elementor elementor-17032\" data-elementor-post-type=\"page\">\n\t\t\t\t\t\t<section class=\"elementor-section elementor-top-section elementor-element elementor-element-4b1cbe5c elementor-section-boxed elementor-section-height-default elementor-section-height-default\" data-id=\"4b1cbe5c\" data-element_type=\"section\" data-e-type=\"section\">\n\t\t\t\t\t\t<div class=\"elementor-container elementor-column-gap-default\">\n\t\t\t\t\t<div class=\"elementor-column elementor-col-100 elementor-top-column elementor-element elementor-element-197377f4\" data-id=\"197377f4\" data-element_type=\"column\" data-e-type=\"column\">\n\t\t\t<div class=\"elementor-widget-wrap elementor-element-populated\">\n\t\t\t\t\t\t<div class=\"elementor-element elementor-element-2d87ce41 elementor-widget elementor-widget-text-editor\" data-id=\"2d87ce41\" data-element_type=\"widget\" data-e-type=\"widget\" data-widget_type=\"text-editor.default\">\n\t\t\t\t<div class=\"elementor-widget-container\">\n\t\t\t\t\t\t\t\t\t<div class=\"vc_row wpb_row vc_row-fluid\"><div class=\"wpb_column vc_column_container vc_col-sm-12\"><div class=\"vc_column-inner\"><div class=\"wpb_wrapper\">\n\t<div class=\"wpb_text_column wpb_content_element\" >\n\t\t<div class=\"wpb_wrapper\">\n\t\t\t<h2>Kentucky Personal Injury Laws<\/h2>\n<p>Have you or a loved one been injured in an auto accident, workplace mishap, slip and fall or suffered any other type of accident in Kentucky that resulted in a severe injury? Are you asking yourself what to do next? If your injury was caused by another person who was acting recklessly or negligently, you may be able to file a personal injury lawsuit to recover compensation for your medical bills, lost wages and pain and suffering. Call one of Kanner &amp; Pintaluga\u2019s Kentucky personal injury law offices for a free, no-obligation case evaluation.<\/p>\n<ul>\n<li><a href=\"https:\/\/kpattorney.com\/offices\/kentucky\/louisville\/\">Louisville<\/a><\/li>\n<\/ul>\n\n\t\t<\/div>\n\t<\/div>\n<\/div><\/div><\/div><\/div><div data-vc-full-width=\"true\" data-vc-full-width-temp=\"true\" data-vc-full-width-init=\"false\" data-vc-stretch-content=\"true\" class=\"vc_row wpb_row vc_row-fluid sett-row-2col\"><div class=\"wpb_column vc_column_container vc_col-sm-6 vc_col-has-fill\"><div class=\"vc_column-inner vc_custom_1748352397237\"><div class=\"wpb_wrapper\"><\/div><\/div><\/div><div class=\"about wpb_column vc_column_container vc_col-sm-6\"><div class=\"vc_column-inner\"><div class=\"wpb_wrapper\">\n\t<div class=\"wpb_text_column wpb_content_element vc_custom_1748353219804\" >\n\t\t<div class=\"wpb_wrapper\">\n\t\t\t<h2>What Should You Know About Kentucky Personal Injury Laws?<\/h2>\n<p>Most states have very similar personal injury laws and statutes, but there are some significant differences that may affect your decision regarding how best to proceed with your case. Here are some things to keep in mind if you have a personal injury claim in Kentucky.<\/p>\n\n\t\t<\/div>\n\t<\/div>\n<\/div><\/div><\/div><\/div><div class=\"vc_row-full-width vc_clearfix\"><\/div><div class=\"vc_row wpb_row vc_row-fluid\"><div class=\"wpb_column vc_column_container vc_col-sm-12\"><div class=\"vc_column-inner\"><div class=\"wpb_wrapper\">\n\t<div class=\"wpb_text_column wpb_content_element\" >\n\t\t<div class=\"wpb_wrapper\">\n\t\t\t<ul>\n<li>Kentucky generally has a one year statute of limitations for personal injury cases, however the statute of limitations is generally extended to 2 years for injuries sustained in motor vehicle accidents. As you can see, unlike many states that have one statute of limitations that governs all personal injury claims, regardless of whether they stem from a motor vehicle accident or premises liability, Kentucky has a more nuanced system and thus it is important that you talk to a personal injury attorney to determine what statute of limitations might apply to your case.<\/li>\n<li>Kentucky is a pure comparative fault state. What this essentially means is that if you\u2019re found to be partially at fault your verdict or settlement will be reduced by your percentage of culpability. For example, you could have been in an auto accident and it\u2019s determined that even though the at-fault driver ran a red light and hit you that you were speeding at the time of the accident. If the court decides you were 15 percent responsible for the accident and you were awarded a $100,000 settlement, then you would only receive $85,000.<\/li>\n<li>Kentucky requires all drivers to carry $25,000 per person\/$50,000 per accident in bodily injury insurance to cover injury victims, however it is possible to purchase policies which carry higher limits. Although uninsured\/underinsured motorist is not required to be carried in Kentucky, the attorneys at Kanner and Pintaluga strongly advise that everyone carry such coverage in case you are hit by someone who is uninsured or underinsured.<\/li>\n<li>Kentucky is often referred to as a no-fault car insurance state. What this essentially means is that if you\u2019re injured in an accident, regardless of fault, your own insurance company will need to pay for losses, such as medical expenses and lost wages, up to the limits of Personal Injury Protection insurance, typically $10,000 per person. That said, Kentucky is a choice no-fault state, which means that drivers have an option opt out of the requirement for PIP coverage.<\/li>\n<li>Kentucky\u202f<strong>has not<\/strong>\u202fadopted the one bite dog bite rule. In states that have the one bite rule, dog owners and their pets are essentially given a free pass for their first dog bite injury. The idea is if the dog never gave the owner any indication that they were aggressive or posed a threat to other people then they shouldn\u2019t be held accountable for suddenly attacking someone \u2013 the first time at least. Kentucky is a strict liability dog bite state, meaning there is no one bite grace period. Dog owners can be held liable for any attack on another person, even if it\u2019s allegedly the first time a dog has shown aggression.<\/li>\n<\/ul>\n<p>If you\u2019re a Kentucky resident who has been injured by another person\u2019s negligent actions, the personal injury attorneys at Kanner &amp; Pintaluga want to help. Our lawyers have represented hundreds of people who have been injured due to the reckless actions of other people, and we\u2019d be happy to discuss your case at no cost to you.<\/p>\n\n\t\t<\/div>\n\t<\/div>\n<\/div><\/div><\/div><\/div><div class=\"vc_row wpb_row vc_row-fluid\"><div class=\"wpb_column vc_column_container vc_col-sm-4\"><div class=\"vc_column-inner\"><div class=\"wpb_wrapper\"><div class=\"wpb_gmaps_widget wpb_content_element\"><div class=\"wpb_wrapper\"><div class=\"wpb_map_wraper\"><iframe \n  src=\"https:\/\/www.google.com\/maps\/embed?pb=!1m18!1m12!1m3!1d3167.7592544196543!2d-85.75728768469685!3d38.253117979677754!2m3!1f0!2f0!3f0!3m2!1i1024!2i768!4f13.1!3m3!1m2!1s0x88690c116e08fca9%3A0x69c733e7dfbcf3c4!2s312%20S%20Fourth%20St%20%23700%2C%20Louisville%2C%20KY%2040202%2C%20USA!5e0!3m2!1sen!2sus!4v1716401639385\" \n  width=\"100%\" \n  height=\"250\" \n  frameborder=\"0\" \n  style=\"border:0;\" \n  allowfullscreen=\"\" \n  loading=\"lazy\" \n  referrerpolicy=\"no-referrer-when-downgrade\">\n<\/iframe><\/div><\/div><\/div>\n\t<div class=\"wpb_text_column wpb_content_element\" >\n\t\t<div class=\"wpb_wrapper\">\n\t\t\t<h3>Kentucky<\/h3>\n<p>312 S 4th Street<br \/>Suite 700<br \/>Louisville, KY 40202<\/p>\n<p>(502) 208-4879<\/p>\n<p><i><\/i> <a href=\"https:\/\/kpattorney.com\/contact-us\/\">Contact Us<\/a><\/p>\n<p style=\"display: none;\"><i><\/i> (800) 586-5555<\/p>\n\n\t\t<\/div>\n\t<\/div>\n<\/div><\/div><\/div><\/div><div data-vc-full-width=\"true\" data-vc-full-width-temp=\"true\" data-vc-full-width-init=\"false\" data-vc-stretch-content=\"true\" class=\"vc_row wpb_row vc_row-fluid map vc_row-no-padding\"><div class=\"wpb_column vc_column_container vc_col-sm-12\"><div class=\"vc_column-inner\"><div class=\"wpb_wrapper\"><div class=\"wpb_gmaps_widget wpb_content_element\"><div class=\"wpb_wrapper\"><div class=\"wpb_map_wraper\"><iframe src=\"https:\/\/www.google.com\/maps\/d\/embed?mid=1h5h9R3XKSnYZtGTKiMzyMTphTH0g_GE&#038;usp\" width=\"100%\" height=\"500\"><\/iframe><\/div><\/div><\/div><\/div><\/div><\/div><\/div><div class=\"vc_row-full-width vc_clearfix\"><\/div><div class=\"vc_row wpb_row vc_row-fluid\"><div class=\"wpb_column vc_column_container vc_col-sm-12\"><div class=\"vc_column-inner\"><div class=\"wpb_wrapper\">\n\t<div class=\"wpb_raw_code wpb_raw_html wpb_content_element\" >\n\t\t<div class=\"wpb_wrapper\">\n\t\t\t<script type=\"application\/ld+json\">\n{\n  \"@context\": \"http:\/\/schema.org\/\",\n  \"@type\": \"Service\",\n  \"serviceType\": \"Legal\",\n  \"provider\": {\n    \"@type\": \"Attorney\",\n    \"name\": \"Kanner & Pintaluga Personal Injury Attorneys\",\n    \"address\": \"Georgia\",\n    \"telephone\": \"(800) 586-5555\",\n    \"priceRange\": \"(NA)\",\n    \"image\": \"https:\/\/kpattorney.com\/wp-content\/uploads\/2018\/06\/logo-1.png\"\n  },\n  \"areaServed\": {\n    \"@type\": \"State\",\n    \"name\": \"Georgia\"\n  },\n  \"hasOfferCatalog\": {\n    \"@type\": \"OfferCatalog\",\n    \"name\": \"Legal Services\",\n    \"itemListElement\": [\n      {\n        \"@type\": \"OfferCatalog\",\n        \"name\": \"Legal Services\",\n        \"itemListElement\": [\n          {\n            \"@type\": \"Offer\",\n            \"itemOffered\": {\n              \"@type\": \"Service\",\n              \"name\": \"Personal Injury\"\n            }\n          },\n          {\n            \"@type\": \"Offer\",\n            \"itemOffered\": {\n              \"@type\": \"Service\",\n              \"name\": \"Car Accidents\"\n            }\n          },\n          {\n            \"@type\": \"Offer\",\n            \"itemOffered\": {\n              \"@type\": \"Service\",\n              \"name\": \"Workers' Comp\"\n            }\n          }\n        ]\n      }\n    ]\n  }\n}\n<\/script>\n\t\t<\/div>\n\t<\/div>\n<\/div><\/div><\/div><\/div>\t\t\t\t\t\t\t\t<\/div>\n\t\t\t\t<\/div>\n\t\t\t\t\t<\/div>\n\t\t<\/div>\n\t\t\t\t\t<\/div>\n\t\t<\/section>\n\t\t\t\t<\/div>\n\t\t<\/div>","protected":false},"excerpt":{"rendered":"Kentucky Personal Injury Laws Have you or a loved one been injured in an auto accident, workplace mishap, slip and fall or suffered any other type<span class=\"excerpt-hellip\"> [\u2026]<\/span>","protected":false},"author":22,"featured_media":17034,"parent":13198,"menu_order":0,"comment_status":"closed","ping_status":"closed","template":"","meta":{"_acf_changed":false,"footnotes":""},"class_list":["post-17032","page","type-page","status-publish","has-post-thumbnail","hentry"],"acf":[],"yoast_head":"<!-- This site is optimized with the Yoast SEO plugin v27.4 - https:\/\/yoast.com\/product\/yoast-seo-wordpress\/ -->\n<title>Kentucky Personal Injury &amp; Property Damage Lawyers<\/title>\n<meta name=\"description\" content=\"Legal services in Kentucky for personal injury and property damage cases. Kanner &amp; Pintaluga fights for maximum compensation for injury victims.\" \/>\n<meta name=\"robots\" content=\"index, follow, max-snippet:-1, max-image-preview:large, max-video-preview:-1\" \/>\n<link rel=\"canonical\" href=\"https:\/\/kpattorney.com\/es\/offices\/kentucky\/\" \/>\n<meta property=\"og:locale\" content=\"es_MX\" \/>\n<meta property=\"og:type\" content=\"article\" \/>\n<meta property=\"og:title\" content=\"Kentucky Personal Injury &amp; Property Damage Lawyers\" \/>\n<meta property=\"og:description\" content=\"Legal services in Kentucky for personal injury and property damage cases. Kanner &amp; Pintaluga fights for maximum compensation for injury victims.\" \/>\n<meta property=\"og:url\" content=\"https:\/\/kpattorney.com\/es\/offices\/kentucky\/\" \/>\n<meta property=\"og:site_name\" content=\"Kanner &amp; Pintaluga\" \/>\n<meta property=\"article:publisher\" content=\"https:\/\/www.facebook.com\/kpattorney\" \/>\n<meta property=\"article:modified_time\" content=\"2026-01-29T17:57:49+00:00\" \/>\n<meta property=\"og:image\" content=\"https:\/\/kpattorney.com\/wp-content\/uploads\/2025\/05\/Louisville_with_black_overlay-1280x853.png\" \/>\n\t<meta property=\"og:image:width\" content=\"1280\" \/>\n\t<meta property=\"og:image:height\" content=\"853\" \/>\n\t<meta property=\"og:image:type\" content=\"image\/png\" \/>\n<meta name=\"twitter:label1\" content=\"Tiempo de lectura\" \/>\n\t<meta name=\"twitter:data1\" content=\"4 minutos\" \/>\n<script type=\"application\/ld+json\" class=\"yoast-schema-graph\">{\"@context\":\"https:\\\/\\\/schema.org\",\"@graph\":[{\"@type\":\"WebPage\",\"@id\":\"https:\\\/\\\/kpattorney.com\\\/offices\\\/kentucky\\\/\",\"url\":\"https:\\\/\\\/kpattorney.com\\\/offices\\\/kentucky\\\/\",\"name\":\"Kentucky Personal Injury & Property Damage Lawyers\",\"isPartOf\":{\"@id\":\"https:\\\/\\\/kpattorney.com\\\/#website\"},\"primaryImageOfPage\":{\"@id\":\"https:\\\/\\\/kpattorney.com\\\/offices\\\/kentucky\\\/#primaryimage\"},\"image\":{\"@id\":\"https:\\\/\\\/kpattorney.com\\\/offices\\\/kentucky\\\/#primaryimage\"},\"thumbnailUrl\":\"https:\\\/\\\/kpattorney.com\\\/wp-content\\\/uploads\\\/2025\\\/05\\\/Louisville_with_black_overlay.png\",\"datePublished\":\"2025-05-27T12:29:24+00:00\",\"dateModified\":\"2026-01-29T17:57:49+00:00\",\"description\":\"Legal services in Kentucky for personal injury and property damage cases. Kanner & Pintaluga fights for maximum compensation for injury victims.\",\"breadcrumb\":{\"@id\":\"https:\\\/\\\/kpattorney.com\\\/offices\\\/kentucky\\\/#breadcrumb\"},\"inLanguage\":\"es\",\"potentialAction\":[{\"@type\":\"ReadAction\",\"target\":[\"https:\\\/\\\/kpattorney.com\\\/offices\\\/kentucky\\\/\"]}]},{\"@type\":\"ImageObject\",\"inLanguage\":\"es\",\"@id\":\"https:\\\/\\\/kpattorney.com\\\/offices\\\/kentucky\\\/#primaryimage\",\"url\":\"https:\\\/\\\/kpattorney.com\\\/wp-content\\\/uploads\\\/2025\\\/05\\\/Louisville_with_black_overlay.png\",\"contentUrl\":\"https:\\\/\\\/kpattorney.com\\\/wp-content\\\/uploads\\\/2025\\\/05\\\/Louisville_with_black_overlay.png\",\"width\":1536,\"height\":1024},{\"@type\":\"BreadcrumbList\",\"@id\":\"https:\\\/\\\/kpattorney.com\\\/offices\\\/kentucky\\\/#breadcrumb\",\"itemListElement\":[{\"@type\":\"ListItem\",\"position\":1,\"name\":\"Home\",\"item\":\"https:\\\/\\\/kpattorney.com\\\/\"},{\"@type\":\"ListItem\",\"position\":2,\"name\":\"Personal Injury &#038; Property Damage Law Offices\",\"item\":\"https:\\\/\\\/kpattorney.com\\\/offices\\\/\"},{\"@type\":\"ListItem\",\"position\":3,\"name\":\"Kentucky\"}]},{\"@type\":\"WebSite\",\"@id\":\"https:\\\/\\\/kpattorney.com\\\/#website\",\"url\":\"https:\\\/\\\/kpattorney.com\\\/\",\"name\":\"Kanner &amp; Pintaluga\",\"description\":\"\",\"publisher\":{\"@id\":\"https:\\\/\\\/kpattorney.com\\\/#organization\"},\"potentialAction\":[{\"@type\":\"SearchAction\",\"target\":{\"@type\":\"EntryPoint\",\"urlTemplate\":\"https:\\\/\\\/kpattorney.com\\\/?s={search_term_string}\"},\"query-input\":{\"@type\":\"PropertyValueSpecification\",\"valueRequired\":true,\"valueName\":\"search_term_string\"}}],\"inLanguage\":\"es\"},{\"@type\":\"Organization\",\"@id\":\"https:\\\/\\\/kpattorney.com\\\/#organization\",\"name\":\"Kanner & Pintaluga\",\"url\":\"https:\\\/\\\/kpattorney.com\\\/\",\"logo\":{\"@type\":\"ImageObject\",\"inLanguage\":\"es\",\"@id\":\"https:\\\/\\\/kpattorney.com\\\/#\\\/schema\\\/logo\\\/image\\\/\",\"url\":\"https:\\\/\\\/kpattorney.com\\\/wp-content\\\/uploads\\\/2022\\\/07\\\/newresizedkplogo.png\",\"contentUrl\":\"https:\\\/\\\/kpattorney.com\\\/wp-content\\\/uploads\\\/2022\\\/07\\\/newresizedkplogo.png\",\"width\":450,\"height\":94,\"caption\":\"Kanner & Pintaluga\"},\"image\":{\"@id\":\"https:\\\/\\\/kpattorney.com\\\/#\\\/schema\\\/logo\\\/image\\\/\"},\"sameAs\":[\"https:\\\/\\\/www.facebook.com\\\/kpattorney\",\"https:\\\/\\\/x.com\\\/kpattorney\",\"https:\\\/\\\/www.instagram.com\\\/kpattorney\\\/\",\"https:\\\/\\\/www.linkedin.com\\\/company\\\/kpattorney\\\/\"]}]}<\/script>\n<!-- \/ Yoast SEO plugin. -->","yoast_head_json":{"title":"Kentucky Lesiones Personales y Da\u00f1os a la Propiedad Abogados","description":"Servicios legales en Kentucky para casos de lesiones personales y da\u00f1os a la propiedad. Kanner &amp; Pintaluga lucha por la m\u00e1xima compensaci\u00f3n para las v\u00edctimas de lesiones.","robots":{"index":"index","follow":"follow","max-snippet":"max-snippet:-1","max-image-preview":"max-image-preview:large","max-video-preview":"max-video-preview:-1"},"canonical":"https:\/\/kpattorney.com\/es\/offices\/kentucky\/","og_locale":"es_MX","og_type":"article","og_title":"Kentucky Personal Injury & Property Damage Lawyers","og_description":"Legal services in Kentucky for personal injury and property damage cases. Kanner & Pintaluga fights for maximum compensation for injury victims.","og_url":"https:\/\/kpattorney.com\/es\/offices\/kentucky\/","og_site_name":"Kanner &amp; Pintaluga","article_publisher":"https:\/\/www.facebook.com\/kpattorney","article_modified_time":"2026-01-29T17:57:49+00:00","og_image":[{"width":1280,"height":853,"url":"https:\/\/kpattorney.com\/wp-content\/uploads\/2025\/05\/Louisville_with_black_overlay-1280x853.png","type":"image\/png"}],"twitter_misc":{"Tiempo de lectura":"4 minutos"},"schema":{"@context":"https:\/\/schema.org","@graph":[{"@type":"WebPage","@id":"https:\/\/kpattorney.com\/offices\/kentucky\/","url":"https:\/\/kpattorney.com\/offices\/kentucky\/","name":"Kentucky Lesiones Personales y Da\u00f1os a la Propiedad Abogados","isPartOf":{"@id":"https:\/\/kpattorney.com\/#website"},"primaryImageOfPage":{"@id":"https:\/\/kpattorney.com\/offices\/kentucky\/#primaryimage"},"image":{"@id":"https:\/\/kpattorney.com\/offices\/kentucky\/#primaryimage"},"thumbnailUrl":"https:\/\/kpattorney.com\/wp-content\/uploads\/2025\/05\/Louisville_with_black_overlay.png","datePublished":"2025-05-27T12:29:24+00:00","dateModified":"2026-01-29T17:57:49+00:00","description":"Servicios legales en Kentucky para casos de lesiones personales y da\u00f1os a la propiedad. Kanner &amp; Pintaluga lucha por la m\u00e1xima compensaci\u00f3n para las v\u00edctimas de lesiones.","breadcrumb":{"@id":"https:\/\/kpattorney.com\/offices\/kentucky\/#breadcrumb"},"inLanguage":"es","potentialAction":[{"@type":"ReadAction","target":["https:\/\/kpattorney.com\/offices\/kentucky\/"]}]},{"@type":"ImageObject","inLanguage":"es","@id":"https:\/\/kpattorney.com\/offices\/kentucky\/#primaryimage","url":"https:\/\/kpattorney.com\/wp-content\/uploads\/2025\/05\/Louisville_with_black_overlay.png","contentUrl":"https:\/\/kpattorney.com\/wp-content\/uploads\/2025\/05\/Louisville_with_black_overlay.png","width":1536,"height":1024},{"@type":"BreadcrumbList","@id":"https:\/\/kpattorney.com\/offices\/kentucky\/#breadcrumb","itemListElement":[{"@type":"ListItem","position":1,"name":"Home","item":"https:\/\/kpattorney.com\/"},{"@type":"ListItem","position":2,"name":"Personal Injury &#038; Property Damage Law Offices","item":"https:\/\/kpattorney.com\/offices\/"},{"@type":"ListItem","position":3,"name":"Kentucky"}]},{"@type":"WebSite","@id":"https:\/\/kpattorney.com\/#website","url":"https:\/\/kpattorney.com\/","name":"Kanner y Pintaluga","description":"","publisher":{"@id":"https:\/\/kpattorney.com\/#organization"},"potentialAction":[{"@type":"SearchAction","target":{"@type":"EntryPoint","urlTemplate":"https:\/\/kpattorney.com\/?s={search_term_string}"},"query-input":{"@type":"PropertyValueSpecification","valueRequired":true,"valueName":"search_term_string"}}],"inLanguage":"es"},{"@type":"Organization","@id":"https:\/\/kpattorney.com\/#organization","name":"Kanner y Pintaluga","url":"https:\/\/kpattorney.com\/","logo":{"@type":"ImageObject","inLanguage":"es","@id":"https:\/\/kpattorney.com\/#\/schema\/logo\/image\/","url":"https:\/\/kpattorney.com\/wp-content\/uploads\/2022\/07\/newresizedkplogo.png","contentUrl":"https:\/\/kpattorney.com\/wp-content\/uploads\/2022\/07\/newresizedkplogo.png","width":450,"height":94,"caption":"Kanner & Pintaluga"},"image":{"@id":"https:\/\/kpattorney.com\/#\/schema\/logo\/image\/"},"sameAs":["https:\/\/www.facebook.com\/kpattorney","https:\/\/x.com\/kpattorney","https:\/\/www.instagram.com\/kpattorney\/","https:\/\/www.linkedin.com\/company\/kpattorney\/"]}]}},"_links":{"self":[{"href":"https:\/\/kpattorney.com\/es\/wp-json\/wp\/v2\/pages\/17032","targetHints":{"allow":["GET"]}}],"collection":[{"href":"https:\/\/kpattorney.com\/es\/wp-json\/wp\/v2\/pages"}],"about":[{"href":"https:\/\/kpattorney.com\/es\/wp-json\/wp\/v2\/types\/page"}],"author":[{"embeddable":true,"href":"https:\/\/kpattorney.com\/es\/wp-json\/wp\/v2\/users\/22"}],"replies":[{"embeddable":true,"href":"https:\/\/kpattorney.com\/es\/wp-json\/wp\/v2\/comments?post=17032"}],"version-history":[{"count":0,"href":"https:\/\/kpattorney.com\/es\/wp-json\/wp\/v2\/pages\/17032\/revisions"}],"up":[{"embeddable":true,"href":"https:\/\/kpattorney.com\/es\/wp-json\/wp\/v2\/pages\/13198"}],"wp:featuredmedia":[{"embeddable":true,"href":"https:\/\/kpattorney.com\/es\/wp-json\/wp\/v2\/media\/17034"}],"wp:attachment":[{"href":"https:\/\/kpattorney.com\/es\/wp-json\/wp\/v2\/media?parent=17032"}],"curies":[{"name":"wp","href":"https:\/\/api.w.org\/{rel}","templated":true}]}}