{"id":16935,"date":"2025-04-03T13:07:59","date_gmt":"2025-04-03T17:07:59","guid":{"rendered":"https:\/\/kpattorney.com\/?page_id=16935"},"modified":"2025-11-13T06:46:46","modified_gmt":"2025-11-13T11:46:46","slug":"ohio-partner-attorneys","status":"publish","type":"page","link":"https:\/\/kpattorney.com\/es\/offices\/ohio-partner-attorneys\/","title":{"rendered":"ABOGADOS ASOCIADOS DE OHIO: <br\/>EL GRUPO BUCKEYE LAW"},"content":{"rendered":"<div class=\"wpb-content-wrapper\">\t\t<div data-elementor-type=\"wp-page\" data-elementor-id=\"16935\" class=\"elementor elementor-16935\" data-elementor-post-type=\"page\">\n\t\t\t\t\t\t<section class=\"elementor-section elementor-top-section elementor-element elementor-element-a87cfe1 elementor-section-boxed elementor-section-height-default elementor-section-height-default\" data-id=\"a87cfe1\" data-element_type=\"section\" data-e-type=\"section\">\n\t\t\t\t\t\t<div class=\"elementor-container elementor-column-gap-default\">\n\t\t\t\t\t<div class=\"elementor-column elementor-col-100 elementor-top-column elementor-element elementor-element-3c3d73ce\" data-id=\"3c3d73ce\" data-element_type=\"column\" data-e-type=\"column\">\n\t\t\t<div class=\"elementor-widget-wrap elementor-element-populated\">\n\t\t\t\t\t\t<div class=\"elementor-element elementor-element-2bdd8570 elementor-widget elementor-widget-text-editor\" data-id=\"2bdd8570\" data-element_type=\"widget\" data-e-type=\"widget\" data-widget_type=\"text-editor.default\">\n\t\t\t\t<div class=\"elementor-widget-container\">\n\t\t\t\t\t\t\t\t\t<div class=\"vc_row wpb_row vc_row-fluid\"><div class=\"wpb_column vc_column_container vc_col-sm-12\"><div class=\"vc_column-inner\"><div class=\"wpb_wrapper\"><div class=\"vc_empty_space\"   style=\"height: 20px\"><span class=\"vc_empty_space_inner\"><\/span><\/div>\n\t<div class=\"wpb_text_column wpb_content_element\" >\n\t\t<div class=\"wpb_wrapper\">\n\t\t\t<p>Nuestra empresa asociada, la <a href=\"https:\/\/www.buckeyeaccidentattorneys.com\/\" target=\"_blank\" rel=\"noopener noreferrer nofollow\">Buckeye Law Group<\/a>opera en todo Ohio y cuenta con un equipo de abogados diligentes y agresivos que est\u00e1n listos para pelear su caso. Sus abogados de lesiones personales de Ohio tienen d\u00e9cadas de experiencia asegurando a los clientes la compensaci\u00f3n merecida.<\/p>\n<p>No hay mayor traici\u00f3n que sufrir una lesi\u00f3n por negligencia ajena. Ahora, se enfrenta a una larga recuperaci\u00f3n - probablemente con la escalada de los gastos m\u00e9dicos y el tiempo fuera del trabajo. El equipo de abogados de lesiones personales con el que nos hemos asociado en Ohio est\u00e1 aqu\u00ed para proteger sus derechos y hacer que los responsables de su lesi\u00f3n rindan cuentas. El Buckeye Law Group le guiar\u00e1 a trav\u00e9s del complejo proceso legal, proporcionando informaci\u00f3n y apoyo en cada paso del camino para que pueda centrarse en su rehabilitaci\u00f3n.<\/p>\n<p>Si ha sufrido lesiones en el estado de Ohio, no espere; programe hoy mismo una evaluaci\u00f3n GRATUITA de su caso con los abogados de accidentes de nuestro bufete asociado de confianza para asegurarse de que no se le pasa ning\u00fan plazo de presentaci\u00f3n.<\/p>\n<h2><strong>Lo que diferencia a la Ley de Lesiones Personales de Ohio<\/strong><\/h2>\n<p>Cada estado de EE.UU. tiene sus propias leyes que rigen las demandas por lesiones personales, y Ohio tiene algunos puntos \u00fanicos a considerar. Los abogados de lesiones personales con los que nos asociamos en Ohio est\u00e1n familiarizados con la jurisdicci\u00f3n estatal y local, lo que proporciona la mejor oportunidad de maximizar su liquidaci\u00f3n. Si va a presentar una demanda por lesiones personales en el estado, es esencial entender lo que diferencia a Ohio de otros estados.<\/p>\n<ul>\n<li><strong>Negligencia comparativa modificada. <\/strong>Si una persona resulta herida en un accidente, puede reclamar una indemnizaci\u00f3n aunque tenga parte de la culpa. Sin embargo, la cantidad que puede recuperar se reduce en funci\u00f3n de su porcentaje de culpa.<\/li>\n<li><strong>Prescripci\u00f3n. <\/strong>El plazo de prescripci\u00f3n para las demandas por lesiones personales en Ohio es de dos a\u00f1os a partir de la fecha del accidente. Sin embargo, para las demandas por negligencia m\u00e9dica, el plazo de prescripci\u00f3n es de un a\u00f1o a partir de la fecha de la lesi\u00f3n. El plazo de prescripci\u00f3n es de dos a\u00f1os para las demandas por homicidio culposo.<\/li>\n<li><strong>No Caps on Pain and Suffering. <\/strong>Algunos estados limitan la cantidad que puede demandar por dolor y sufrimiento como parte de una demanda por lesiones personales. En Ohio, no hay l\u00edmite en la cantidad permitida. Hay excepciones para los casos de negligencia m\u00e9dica.<\/li>\n<li><strong>El Estado renuncia a la inmunidad soberana. <\/strong>Muchos estados de EE.UU. tienen una doctrina de inmunidad soberana, que establece que las subdivisiones pol\u00edticas tienen inmunidad total frente a demandas. Ohio ha renunciado a esta inmunidad, y las v\u00edctimas pueden demandar al Estado y a los gobiernos locales por negligencia.<\/li>\n<li><strong>Norma de la fuente colateral. <\/strong>En Ohio, usted todav\u00eda puede demandar a una parte negligente por da\u00f1os y perjuicios, incluso si usted recupera la compensaci\u00f3n de otras fuentes como las compa\u00f1\u00edas de seguros.<\/li>\n<li><strong>Estado del seguro por culpa. <\/strong>Ohio sigue empleando un modelo de seguro \"por culpa\" en lo que respecta a los accidentes de coche. Esto significa que el conductor responsable de los da\u00f1os en un accidente debe cubrir los gastos.<\/li>\n<li><strong>Indemnizaci\u00f3n por accidente laboral. <\/strong>Ohio tiene un proceso de indemnizaci\u00f3n por accidente laboral \u00fanico. El sitio <a href=\"https:\/\/info.bwc.ohio.gov\/\" target=\"_blank\" rel=\"noopener noreferrer\">CAB<\/a> se encarga de todas las reclamaciones en el estado, por lo que es un proceso ligeramente distinto al de otras regiones. En Ohio, las aseguradoras privadas no gestionan las reclamaciones de indemnizaci\u00f3n por accidente laboral.<\/li>\n<li><strong>Da\u00f1os punitivos. <\/strong><a href=\"https:\/\/kpattorney.com\/es\/personal-injury\/damages\/punitive\/\">Da\u00f1os punitivos<\/a> son una forma poco frecuente de recompensa compensatoria en los casos de lesiones personales destinada a castigar al demandante y desalentar futuros comportamientos imprudentes o negligentes. En Ohio, la cantidad de da\u00f1os punitivos que un acusado puede solicitar tiene un l\u00edmite de dos veces la cantidad de da\u00f1os econ\u00f3micos en un caso.<\/li>\n<\/ul>\n\n\t\t<\/div>\n\t<\/div>\n<\/div><\/div><\/div><\/div><div data-vc-full-width=\"true\" data-vc-full-width-temp=\"true\" data-vc-full-width-init=\"false\" data-vc-stretch-content=\"true\" class=\"vc_row wpb_row vc_row-fluid vc_custom_1564505912953 vc_row-has-fill\"><div class=\"wpb_column vc_column_container vc_col-sm-6 vc_col-has-fill\"><div class=\"vc_column-inner vc_custom_1630107783143\"><div class=\"wpb_wrapper\"><\/div><\/div><\/div><div class=\"about wpb_column vc_column_container vc_col-sm-6\"><div class=\"vc_column-inner\"><div class=\"wpb_wrapper\">\n\t<div class=\"wpb_text_column wpb_content_element vc_custom_1745405596248\" >\n\t\t<div class=\"wpb_wrapper\">\n\t\t\t<h2><strong>Pasos a seguir si se lesiona en Ohio<\/strong><\/h2>\n<p>Los abogados de lesiones personales en Ohio con los que colaboramos le guiar\u00e1n a trav\u00e9s del proceso legal. Le aconsejar\u00e1n sobre los siguientes pasos, se asegurar\u00e1n de que no se le pasen los plazos de presentaci\u00f3n y reunir\u00e1n todas las pruebas posibles para respaldar su caso. El equipo de Buckeye Law Group llevar\u00e1 a cabo una minuciosa investigaci\u00f3n independiente de su accidente para presentar pruebas ante los tribunales.<\/p>\n<p>Si sufre una lesi\u00f3n en Ohio, siga estos pasos para obtener el mejor resultado posible en su caso.<\/p>\n<ul>\n<li>Busque atenci\u00f3n m\u00e9dica inmediata. Lleve un registro de todos los informes m\u00e9dicos y gastos relacionados.<\/li>\n<li>Ponte en contacto con las fuerzas de seguridad directamente desde el lugar de los hechos. Llama al 911 si se trata de una emergencia. Solicita copias de los informes policiales.<\/li>\n<li>Concierte una consulta GRATUITA con nuestro socio <a href=\"https:\/\/www.buckeyeaccidentattorneys.com\/\" target=\"_blank\" rel=\"noopener noreferrer\">abogados de accidentes en Ohio<\/a> lo antes posible. Muchas v\u00edctimas se ponen en contacto con nuestro bufete asociado desde el hospital o inmediatamente despu\u00e9s de volver a casa.<\/li>\n<li>Notifique el accidente a su compa\u00f1\u00eda de seguros.<\/li>\n<li>Llevar un registro meticuloso de todos los gastos incurridos y la documentaci\u00f3n de las lesiones y el tratamiento.<\/li>\n<li>Siga los consejos de su abogado de lesiones personales de Ohio a lo largo de su caso.<\/li>\n<\/ul>\n<h2><strong>Casos comunes de lesiones personales que manejamos en Ohio<\/strong><\/h2>\n<p>El equipo de abogados de lesiones personales con el que nos asociamos en Ohio maneja una amplia gama de demandas por lesiones. A continuaci\u00f3n se presentan algunos ejemplos de las demandas m\u00e1s comunes que Buckeye Law Group representa.<\/p>\n<ul>\n<li>Accidentes automovil\u00edsticos<\/li>\n<li>Negligencia m\u00e9dica<\/li>\n<li><a href=\"https:\/\/kpattorney.com\/es\/personal-injury\/vehicle\/train-accidents\/\">Descarrilamiento del tren<\/a><\/li>\n<li>Responsabilidad de las instalaciones<\/li>\n<li>Productos defectuosos<\/li>\n<li>Seguridad Social e invalidez<\/li>\n<li>Indemnizaci\u00f3n por accidente laboral<\/li>\n<li>Y m\u00e1s<\/li>\n<\/ul>\n\n\t\t<\/div>\n\t<\/div>\n<\/div><\/div><\/div><\/div><div class=\"vc_row-full-width vc_clearfix\"><\/div><div class=\"vc_row wpb_row vc_row-fluid\"><div class=\"wpb_column vc_column_container vc_col-sm-12\"><div class=\"vc_column-inner\"><div class=\"wpb_wrapper\">\n\t<div class=\"wpb_text_column wpb_content_element\" >\n\t\t<div class=\"wpb_wrapper\">\n\t\t\t<h2><strong>Qu\u00e9 esperar en una demanda por lesiones personales en Ohio<\/strong><\/h2>\n<p>En un caso de lesiones personales en Ohio, una v\u00edctima y su equipo legal deben establecer varios puntos para una reclamaci\u00f3n v\u00e1lida.<\/p>\n<ul>\n<li>Debe demostrar que el demandado le deb\u00eda un deber de diligencia.<\/li>\n<li>Debe demostrar que el demandado incumpli\u00f3 ese deber de diligencia.<\/li>\n<li>Debe demostrar que esta infracci\u00f3n caus\u00f3 directamente sus lesiones.<\/li>\n<li>Debe demostrar que ha sufrido da\u00f1os y perjuicios por dichas lesiones y negligencias.<\/li>\n<\/ul>\n<p>Para respaldar sus reclamaciones, nuestros abogados asociados de lesiones personales de Ohio presentar\u00e1n pruebas como historiales m\u00e9dicos, informes policiales, declaraciones de testigos y otros documentos pertinentes.<\/p>\n<p>Tal vez el aspecto m\u00e1s dif\u00edcil de cualquier caso de lesiones personales es establecer la causalidad. La mayor\u00eda de los casos desestimados lo son por no poder probar este elemento. Los tribunales de Ohio a menudo consideran el principio de \"pero para\", lo que significa que \"pero para\" las acciones del acusado, la lesi\u00f3n no se habr\u00eda producido. Los abogados de nuestra firma asociada tienen experiencia en probar este elemento clave en casos de lesiones personales.<\/p>\n<h2><strong>Comprender la indemnizaci\u00f3n en las demandas por lesiones personales en Ohio<\/strong><\/h2>\n<p>Puede presentar una demanda por da\u00f1os econ\u00f3micos, no econ\u00f3micos y punitivos en Ohio.<\/p>\n<ul>\n<li><strong>Da\u00f1os econ\u00f3micos. <\/strong>P\u00e9rdidas econ\u00f3micas asociadas a la lesi\u00f3n. Estos da\u00f1os pueden incluir facturas m\u00e9dicas, costes de rehabilitaci\u00f3n, p\u00e9rdida de salarios y de ingresos futuros, da\u00f1os materiales, etc.<\/li>\n<li><strong>Da\u00f1os no econ\u00f3micos. <\/strong>Son p\u00e9rdidas intangibles asociadas a una lesi\u00f3n. Algunos ejemplos son el dolor y el sufrimiento, la angustia emocional, la p\u00e9rdida de reputaci\u00f3n, la p\u00e9rdida de relaciones, etc.<\/li>\n<li><strong>Da\u00f1os punitivos. <\/strong>Son indemnizaciones que castigan al demandado por acciones especialmente negligentes e imprudentes. Algunos ejemplos son los casos de negligencia m\u00e9dica, fraude, da\u00f1o intencionado y negligencia grave.<\/li>\n<\/ul>\n<h2><strong>Si no ganas, no pagas<\/strong><\/h2>\n<p>Los accidentes automovil\u00edsticos en Ohio pueden tener consecuencias que alteran la vida. Nuestra empresa asociada, el Buckeye Law Group, lucha con u\u00f1as y dientes para ayudar a hacer las cosas bien para que pueda centrarse en la recuperaci\u00f3n. P\u00f3ngase en contacto con ellos hoy para una consulta gratuita.<\/p>\n\n\t\t<\/div>\n\t<\/div>\n<\/div><\/div><\/div><\/div><div data-vc-full-width=\"true\" data-vc-full-width-temp=\"true\" data-vc-full-width-init=\"false\" class=\"vc_row wpb_row vc_row-fluid vc_custom_1564441723739 vc_row-has-fill\"><div class=\"wpb_column vc_column_container vc_col-sm-12\"><div class=\"vc_column-inner\"><div class=\"wpb_wrapper\">\n\t<div class=\"wpb_text_column wpb_content_element\" >\n\t\t<div class=\"wpb_wrapper\">\n\t\t\t<h2 style=\"text-align: center;\"><a href=\"https:\/\/www.buckeyeaccidentattorneys.com\/#ContactUs\" target=\"_blank\" rel=\"nofollow noopener noreferrer\">Contacte con Buckeye Law Group<\/a><\/h2>\n\n\t\t<\/div>\n\t<\/div>\n<\/div><\/div><\/div><\/div><div class=\"vc_row-full-width vc_clearfix\"><\/div><div class=\"vc_row wpb_row vc_row-fluid\"><div class=\"wpb_column vc_column_container vc_col-sm-12\"><div class=\"vc_column-inner\"><div class=\"wpb_wrapper\"><\/div><\/div><\/div><\/div>\t\t\t\t\t\t\t\t<\/div>\n\t\t\t\t<\/div>\n\t\t\t\t\t<\/div>\n\t\t<\/div>\n\t\t\t\t\t<\/div>\n\t\t<\/section>\n\t\t\t\t<\/div>\n\t\t<\/div>","protected":false},"excerpt":{"rendered":"Our partner firm, the Buckeye Law Group, operates throughout Ohio and has a team of diligent and aggressive attorneys who are ready to fight your case.<span class=\"excerpt-hellip\"> [\u2026]<\/span>","protected":false},"author":17,"featured_media":16938,"parent":13198,"menu_order":0,"comment_status":"closed","ping_status":"closed","template":"","meta":{"_acf_changed":false,"footnotes":""},"class_list":["post-16935","page","type-page","status-publish","has-post-thumbnail","hentry"],"acf":[],"yoast_head":"<!-- This site is optimized with the Yoast SEO plugin v27.5 - https:\/\/yoast.com\/product\/yoast-seo-wordpress\/ -->\n<title>Ohio Partner Personal Injury Attorneys: Buckeye Law Group<\/title>\n<meta name=\"description\" content=\"Injured in Ohio? Trust our skilled partner attorneys at the Buckeye Law Group to fight for your rights and get the compensation you deserve.\" \/>\n<meta name=\"robots\" content=\"index, follow, max-snippet:-1, max-image-preview:large, max-video-preview:-1\" \/>\n<link rel=\"canonical\" href=\"https:\/\/kpattorney.com\/es\/offices\/ohio-partner-attorneys\/\" \/>\n<meta property=\"og:locale\" content=\"es_MX\" \/>\n<meta property=\"og:type\" content=\"article\" \/>\n<meta property=\"og:title\" content=\"Ohio Partner Personal Injury Attorneys: Buckeye Law Group\" \/>\n<meta property=\"og:description\" content=\"Injured in Ohio? Trust our skilled partner attorneys at the Buckeye Law Group to fight for your rights and get the compensation you deserve.\" \/>\n<meta property=\"og:url\" content=\"https:\/\/kpattorney.com\/es\/offices\/ohio-partner-attorneys\/\" \/>\n<meta property=\"og:site_name\" content=\"Kanner &amp; Pintaluga\" \/>\n<meta property=\"article:publisher\" content=\"https:\/\/www.facebook.com\/kpattorney\" \/>\n<meta property=\"article:modified_time\" content=\"2025-11-13T11:46:46+00:00\" \/>\n<meta property=\"og:image\" content=\"https:\/\/kpattorney.com\/wp-content\/uploads\/2025\/04\/buckeye-law-group-ohio-partner-firm.jpg\" \/>\n\t<meta property=\"og:image:width\" content=\"2048\" \/>\n\t<meta property=\"og:image:height\" content=\"569\" \/>\n\t<meta property=\"og:image:type\" content=\"image\/jpeg\" \/>\n<meta name=\"twitter:label1\" content=\"Tiempo de lectura\" \/>\n\t<meta name=\"twitter:data1\" content=\"6 minutos\" \/>\n<script type=\"application\/ld+json\" class=\"yoast-schema-graph\">{\"@context\":\"https:\\\/\\\/schema.org\",\"@graph\":[{\"@type\":\"WebPage\",\"@id\":\"https:\\\/\\\/kpattorney.com\\\/offices\\\/ohio-partner-attorneys\\\/\",\"url\":\"https:\\\/\\\/kpattorney.com\\\/offices\\\/ohio-partner-attorneys\\\/\",\"name\":\"Ohio Partner Personal Injury Attorneys: Buckeye Law Group\",\"isPartOf\":{\"@id\":\"https:\\\/\\\/kpattorney.com\\\/#website\"},\"primaryImageOfPage\":{\"@id\":\"https:\\\/\\\/kpattorney.com\\\/offices\\\/ohio-partner-attorneys\\\/#primaryimage\"},\"image\":{\"@id\":\"https:\\\/\\\/kpattorney.com\\\/offices\\\/ohio-partner-attorneys\\\/#primaryimage\"},\"thumbnailUrl\":\"https:\\\/\\\/kpattorney.com\\\/wp-content\\\/uploads\\\/2025\\\/04\\\/buckeye-law-group-ohio-partner-firm.jpg\",\"datePublished\":\"2025-04-03T17:07:59+00:00\",\"dateModified\":\"2025-11-13T11:46:46+00:00\",\"description\":\"Injured in Ohio? Trust our skilled partner attorneys at the Buckeye Law Group to fight for your rights and get the compensation you deserve.\",\"breadcrumb\":{\"@id\":\"https:\\\/\\\/kpattorney.com\\\/offices\\\/ohio-partner-attorneys\\\/#breadcrumb\"},\"inLanguage\":\"es\",\"potentialAction\":[{\"@type\":\"ReadAction\",\"target\":[\"https:\\\/\\\/kpattorney.com\\\/offices\\\/ohio-partner-attorneys\\\/\"]}]},{\"@type\":\"ImageObject\",\"inLanguage\":\"es\",\"@id\":\"https:\\\/\\\/kpattorney.com\\\/offices\\\/ohio-partner-attorneys\\\/#primaryimage\",\"url\":\"https:\\\/\\\/kpattorney.com\\\/wp-content\\\/uploads\\\/2025\\\/04\\\/buckeye-law-group-ohio-partner-firm.jpg\",\"contentUrl\":\"https:\\\/\\\/kpattorney.com\\\/wp-content\\\/uploads\\\/2025\\\/04\\\/buckeye-law-group-ohio-partner-firm.jpg\",\"width\":2048,\"height\":569,\"caption\":\"cleveland, ohio city skyline\"},{\"@type\":\"BreadcrumbList\",\"@id\":\"https:\\\/\\\/kpattorney.com\\\/offices\\\/ohio-partner-attorneys\\\/#breadcrumb\",\"itemListElement\":[{\"@type\":\"ListItem\",\"position\":1,\"name\":\"Home\",\"item\":\"https:\\\/\\\/kpattorney.com\\\/\"},{\"@type\":\"ListItem\",\"position\":2,\"name\":\"Personal Injury &#038; Property Damage Law Offices\",\"item\":\"https:\\\/\\\/kpattorney.com\\\/offices\\\/\"},{\"@type\":\"ListItem\",\"position\":3,\"name\":\"OHIO PARTNER ATTORNEYS: THE BUCKEYE LAW GROUP\"}]},{\"@type\":\"WebSite\",\"@id\":\"https:\\\/\\\/kpattorney.com\\\/#website\",\"url\":\"https:\\\/\\\/kpattorney.com\\\/\",\"name\":\"Kanner &amp; Pintaluga\",\"description\":\"\",\"publisher\":{\"@id\":\"https:\\\/\\\/kpattorney.com\\\/#organization\"},\"potentialAction\":[{\"@type\":\"SearchAction\",\"target\":{\"@type\":\"EntryPoint\",\"urlTemplate\":\"https:\\\/\\\/kpattorney.com\\\/?s={search_term_string}\"},\"query-input\":{\"@type\":\"PropertyValueSpecification\",\"valueRequired\":true,\"valueName\":\"search_term_string\"}}],\"inLanguage\":\"es\"},{\"@type\":\"Organization\",\"@id\":\"https:\\\/\\\/kpattorney.com\\\/#organization\",\"name\":\"Kanner & Pintaluga\",\"url\":\"https:\\\/\\\/kpattorney.com\\\/\",\"logo\":{\"@type\":\"ImageObject\",\"inLanguage\":\"es\",\"@id\":\"https:\\\/\\\/kpattorney.com\\\/#\\\/schema\\\/logo\\\/image\\\/\",\"url\":\"https:\\\/\\\/kpattorney.com\\\/wp-content\\\/uploads\\\/2022\\\/07\\\/newresizedkplogo.png\",\"contentUrl\":\"https:\\\/\\\/kpattorney.com\\\/wp-content\\\/uploads\\\/2022\\\/07\\\/newresizedkplogo.png\",\"width\":450,\"height\":94,\"caption\":\"Kanner & Pintaluga\"},\"image\":{\"@id\":\"https:\\\/\\\/kpattorney.com\\\/#\\\/schema\\\/logo\\\/image\\\/\"},\"sameAs\":[\"https:\\\/\\\/www.facebook.com\\\/kpattorney\",\"https:\\\/\\\/x.com\\\/kpattorney\",\"https:\\\/\\\/www.instagram.com\\\/kpattorney\\\/\",\"https:\\\/\\\/www.linkedin.com\\\/company\\\/kpattorney\\\/\"]}]}<\/script>\n<!-- \/ Yoast SEO plugin. -->","yoast_head_json":{"title":"Abogados de lesiones personales de Ohio Partner: Buckeye Law Group","description":"\u00bfLesionado en Ohio? Conf\u00ede en nuestros h\u00e1biles abogados asociados en Buckeye Law Group para luchar por sus derechos y obtener la compensaci\u00f3n que se merece.","robots":{"index":"index","follow":"follow","max-snippet":"max-snippet:-1","max-image-preview":"max-image-preview:large","max-video-preview":"max-video-preview:-1"},"canonical":"https:\/\/kpattorney.com\/es\/offices\/ohio-partner-attorneys\/","og_locale":"es_MX","og_type":"article","og_title":"Ohio Partner Personal Injury Attorneys: Buckeye Law Group","og_description":"Injured in Ohio? Trust our skilled partner attorneys at the Buckeye Law Group to fight for your rights and get the compensation you deserve.","og_url":"https:\/\/kpattorney.com\/es\/offices\/ohio-partner-attorneys\/","og_site_name":"Kanner &amp; Pintaluga","article_publisher":"https:\/\/www.facebook.com\/kpattorney","article_modified_time":"2025-11-13T11:46:46+00:00","og_image":[{"width":2048,"height":569,"url":"https:\/\/kpattorney.com\/wp-content\/uploads\/2025\/04\/buckeye-law-group-ohio-partner-firm.jpg","type":"image\/jpeg"}],"twitter_misc":{"Tiempo de lectura":"6 minutos"},"schema":{"@context":"https:\/\/schema.org","@graph":[{"@type":"WebPage","@id":"https:\/\/kpattorney.com\/offices\/ohio-partner-attorneys\/","url":"https:\/\/kpattorney.com\/offices\/ohio-partner-attorneys\/","name":"Abogados de lesiones personales de Ohio Partner: Buckeye Law Group","isPartOf":{"@id":"https:\/\/kpattorney.com\/#website"},"primaryImageOfPage":{"@id":"https:\/\/kpattorney.com\/offices\/ohio-partner-attorneys\/#primaryimage"},"image":{"@id":"https:\/\/kpattorney.com\/offices\/ohio-partner-attorneys\/#primaryimage"},"thumbnailUrl":"https:\/\/kpattorney.com\/wp-content\/uploads\/2025\/04\/buckeye-law-group-ohio-partner-firm.jpg","datePublished":"2025-04-03T17:07:59+00:00","dateModified":"2025-11-13T11:46:46+00:00","description":"\u00bfLesionado en Ohio? Conf\u00ede en nuestros h\u00e1biles abogados asociados en Buckeye Law Group para luchar por sus derechos y obtener la compensaci\u00f3n que se merece.","breadcrumb":{"@id":"https:\/\/kpattorney.com\/offices\/ohio-partner-attorneys\/#breadcrumb"},"inLanguage":"es","potentialAction":[{"@type":"ReadAction","target":["https:\/\/kpattorney.com\/offices\/ohio-partner-attorneys\/"]}]},{"@type":"ImageObject","inLanguage":"es","@id":"https:\/\/kpattorney.com\/offices\/ohio-partner-attorneys\/#primaryimage","url":"https:\/\/kpattorney.com\/wp-content\/uploads\/2025\/04\/buckeye-law-group-ohio-partner-firm.jpg","contentUrl":"https:\/\/kpattorney.com\/wp-content\/uploads\/2025\/04\/buckeye-law-group-ohio-partner-firm.jpg","width":2048,"height":569,"caption":"cleveland, ohio city skyline"},{"@type":"BreadcrumbList","@id":"https:\/\/kpattorney.com\/offices\/ohio-partner-attorneys\/#breadcrumb","itemListElement":[{"@type":"ListItem","position":1,"name":"Home","item":"https:\/\/kpattorney.com\/"},{"@type":"ListItem","position":2,"name":"Personal Injury &#038; Property Damage Law Offices","item":"https:\/\/kpattorney.com\/offices\/"},{"@type":"ListItem","position":3,"name":"OHIO PARTNER ATTORNEYS: THE BUCKEYE LAW GROUP"}]},{"@type":"WebSite","@id":"https:\/\/kpattorney.com\/#website","url":"https:\/\/kpattorney.com\/","name":"Kanner y Pintaluga","description":"","publisher":{"@id":"https:\/\/kpattorney.com\/#organization"},"potentialAction":[{"@type":"SearchAction","target":{"@type":"EntryPoint","urlTemplate":"https:\/\/kpattorney.com\/?s={search_term_string}"},"query-input":{"@type":"PropertyValueSpecification","valueRequired":true,"valueName":"search_term_string"}}],"inLanguage":"es"},{"@type":"Organization","@id":"https:\/\/kpattorney.com\/#organization","name":"Kanner y Pintaluga","url":"https:\/\/kpattorney.com\/","logo":{"@type":"ImageObject","inLanguage":"es","@id":"https:\/\/kpattorney.com\/#\/schema\/logo\/image\/","url":"https:\/\/kpattorney.com\/wp-content\/uploads\/2022\/07\/newresizedkplogo.png","contentUrl":"https:\/\/kpattorney.com\/wp-content\/uploads\/2022\/07\/newresizedkplogo.png","width":450,"height":94,"caption":"Kanner & Pintaluga"},"image":{"@id":"https:\/\/kpattorney.com\/#\/schema\/logo\/image\/"},"sameAs":["https:\/\/www.facebook.com\/kpattorney","https:\/\/x.com\/kpattorney","https:\/\/www.instagram.com\/kpattorney\/","https:\/\/www.linkedin.com\/company\/kpattorney\/"]}]}},"_links":{"self":[{"href":"https:\/\/kpattorney.com\/es\/wp-json\/wp\/v2\/pages\/16935","targetHints":{"allow":["GET"]}}],"collection":[{"href":"https:\/\/kpattorney.com\/es\/wp-json\/wp\/v2\/pages"}],"about":[{"href":"https:\/\/kpattorney.com\/es\/wp-json\/wp\/v2\/types\/page"}],"author":[{"embeddable":true,"href":"https:\/\/kpattorney.com\/es\/wp-json\/wp\/v2\/users\/17"}],"replies":[{"embeddable":true,"href":"https:\/\/kpattorney.com\/es\/wp-json\/wp\/v2\/comments?post=16935"}],"version-history":[{"count":0,"href":"https:\/\/kpattorney.com\/es\/wp-json\/wp\/v2\/pages\/16935\/revisions"}],"up":[{"embeddable":true,"href":"https:\/\/kpattorney.com\/es\/wp-json\/wp\/v2\/pages\/13198"}],"wp:featuredmedia":[{"embeddable":true,"href":"https:\/\/kpattorney.com\/es\/wp-json\/wp\/v2\/media\/16938"}],"wp:attachment":[{"href":"https:\/\/kpattorney.com\/es\/wp-json\/wp\/v2\/media?parent=16935"}],"curies":[{"name":"wp","href":"https:\/\/api.w.org\/{rel}","templated":true}]}}