{"id":16633,"date":"2025-02-05T10:18:08","date_gmt":"2025-02-05T10:18:08","guid":{"rendered":"https:\/\/kpattorney.com\/?page_id=16633"},"modified":"2026-03-03T06:56:19","modified_gmt":"2026-03-03T11:56:19","slug":"texas","status":"publish","type":"page","link":"https:\/\/kpattorney.com\/es\/offices\/texas\/","title":{"rendered":"Despachos de abogados en Texas"},"content":{"rendered":"<div class=\"wpb-content-wrapper\"><div class=\"vc_row wpb_row vc_row-fluid\"><div class=\"wpb_column vc_column_container vc_col-sm-12\"><div class=\"vc_column-inner\"><div class=\"wpb_wrapper\"><div class=\"vc_empty_space\"   style=\"height: 20px\"><span class=\"vc_empty_space_inner\"><\/span><\/div>\n\t<div class=\"wpb_text_column wpb_content_element\" >\n\t\t<div class=\"wpb_wrapper\">\n\t\t\t<h2><strong>Abogados de lesiones personales dedicados a ayudar a la gente en Texas<\/strong><\/h2>\n<p>Nada puede arruinar m\u00e1s su vida y la de su familia como una emergencia m\u00e9dica inesperada. Las lesiones a menudo hacen que las personas se sientan vulnerables y abrumadas. La vida ya es bastante ocupada y dif\u00edcil: verse obligado a hacer frente a problemas de salud graves a\u00f1ade una carga siempre desagradable.<\/p>\n<p>El inconveniente de las lesiones no es el \u00fanico problema al que se enfrentan las personas lesionadas en <a href=\"https:\/\/kpattorney.com\/es\/personal-injury\/premises-liability\/slip-and-fall-accidents\/\">resbalones y ca\u00eddas<\/a>, accidentes de tr\u00e1fico u otros tipos de accidentes de responsabilidad civil. Tambi\u00e9n est\u00e1 la cuesti\u00f3n del dinero.<\/p>\n<p>Muchas personas en Texas tienen deducibles altos o simplemente carecen de la cobertura m\u00e9dica necesaria para pagar adecuadamente todos los tratamientos m\u00e9dicos y la rehabilitaci\u00f3n que puedan necesitar despu\u00e9s de un accidente.<\/p>\n<p>\u00bfY por qu\u00e9 tiene que pagar usted por las lesiones que sufri\u00f3 por la imprudencia de otra persona? La verdad es que usted no deber\u00eda pagar por lesiones que no ha causado. La persona responsable y su compa\u00f1\u00eda de seguros debe pagar la factura de todos los tratamientos m\u00e9dicos, salarios perdidos y el dolor y el sufrimiento que incurri\u00f3 debido al accidente que instig\u00f3.<\/p>\n<p>Desgraciadamente, <a href=\"https:\/\/kpattorney.com\/es\/personal-injury\/how-cases-work\/negotiating-with-insurance-companies\/\">compa\u00f1\u00edas de seguros<\/a> no siempre son altruistas en su trato a las v\u00edctimas de lesiones. Su objetivo fundamental, como empresas, es ganar dinero. Cada reclamaci\u00f3n que pagan es una p\u00e9rdida para ellos.<\/p>\n<p>Por eso las aseguradoras intentan a menudo encontrar alg\u00fan resquicio contractual, amenazan con llevar al lesionado a los tribunales o utilizan a su ej\u00e9rcito de peritos y abogados para intimidar a los lesionados durante las negociaciones. Su objetivo es convencer a los lesionados de que se conformen con menos de lo que merecen.<\/p>\n<ul>\n<li><a href=\"https:\/\/kpattorney.com\/es\/offices\/texas\/houston\/\">Houston<\/a><\/li>\n<li><a href=\"https:\/\/kpattorney.com\/es\/offices\/texas\/irving\/\">Irving<\/a><\/li>\n<\/ul>\n\n\t\t<\/div>\n\t<\/div>\n<div class=\"vc_empty_space\"   style=\"height: 20px\"><span class=\"vc_empty_space_inner\"><\/span><\/div><\/div><\/div><\/div><\/div><div data-vc-full-width=\"true\" data-vc-full-width-temp=\"true\" data-vc-full-width-init=\"false\" data-vc-stretch-content=\"true\" class=\"vc_row wpb_row vc_row-fluid vc_custom_1564505912953 vc_row-has-fill\"><div class=\"wpb_column vc_column_container vc_col-sm-6 vc_col-has-fill\"><div class=\"vc_column-inner vc_custom_1624488006235\"><div class=\"wpb_wrapper\"><\/div><\/div><\/div><div class=\"about wpb_column vc_column_container vc_col-sm-6\"><div class=\"vc_column-inner\"><div class=\"wpb_wrapper\">\n\t<div class=\"wpb_text_column wpb_content_element vc_custom_1738748234822\" >\n\t\t<div class=\"wpb_wrapper\">\n\t\t\t<h2>Obtenga ayuda con su caso de lesiones<\/h2>\n<p>Los abogados de lesiones personales de Texas en Kanner y Pintaluga han estado en el negocio de lesiones personales durante muchos a\u00f1os. Han visto todo tipo de casos y est\u00e1n muy familiarizados con las estrategias de negociaci\u00f3n y legales empleadas por las compa\u00f1\u00edas de seguros.<\/p>\n<p>Nuestros abogados de lesiones personales de Texas saben c\u00f3mo contrarrestar estas t\u00e1cticas, desarrollar casos detallados a fondo y hacer argumentos convincentes en nombre de nuestros clientes. Si usted no tuvo la culpa de sus lesiones y la compa\u00f1\u00eda de seguros se niega a llegar a un acuerdo por una cantidad justa, haremos todo lo que est\u00e9 a nuestro alcance legal para probar su caso ante un juez y un jurado.<\/p>\n\n\t\t<\/div>\n\t<\/div>\n<\/div><\/div><\/div><\/div><div class=\"vc_row-full-width vc_clearfix\"><\/div><div class=\"vc_row wpb_row vc_row-fluid\"><div class=\"wpb_column vc_column_container vc_col-sm-12\"><div class=\"vc_column-inner\"><div class=\"wpb_wrapper\"><div class=\"vc_empty_space\"   style=\"height: 20px\"><span class=\"vc_empty_space_inner\"><\/span><\/div>\n\t<div class=\"wpb_text_column wpb_content_element\" >\n\t\t<div class=\"wpb_wrapper\">\n\t\t\t<h2>Las aseguradoras te conocen:<\/h2>\n<ul>\n<li>Es probable que est\u00e9 sin trabajo debido a su lesi\u00f3n.<\/li>\n<li>Necesita dinero para cubrir su deducible m\u00e1s todos sus gastos de vida normales.<\/li>\n<li>Es posible que necesite dinero para reemplazar o reparar su veh\u00edculo si result\u00f3 da\u00f1ado en un accidente.<\/li>\n<\/ul>\n<p>Las compa\u00f1\u00edas de seguros pueden intentar utilizar tu \"desesperaci\u00f3n\" como herramienta durante las negociaciones. Pueden suponer que necesitas dinero cuanto antes y que no tienes medios para luchar eficazmente contra ellos en el terreno legal.<\/p>\n<p>Ah\u00ed es donde los abogados de lesiones personales de Texas de Kanner &amp; Pintaluga pueden ser capaces de ayudar. Nuestros abogados han dedicado sus carreras a ganar las personas lesionadas la compensaci\u00f3n que merecen despu\u00e9s de accidentes automovil\u00edsticos y lesiones de responsabilidad local.<\/p>\n\n\t\t<\/div>\n\t<\/div>\n\n\t<div class=\"wpb_text_column wpb_content_element\" >\n\t\t<div class=\"wpb_wrapper\">\n\t\t\t<h2>Leyes de Texas sobre lesiones personales<\/h2>\n<p>Texas tiene un estatuto de dos a\u00f1os de limitaciones para los casos de lesiones personales, lo que significa que tiene dos a\u00f1os despu\u00e9s de su lesi\u00f3n para presentar una demanda contra la parte negligente que le lesion\u00f3 y su compa\u00f1\u00eda de seguros.<\/p>\n<p>Texas utiliza una norma de negligencia comparativa modificada del 50 por ciento en los casos de lesiones personales. Si usted es parcialmente culpable por el accidente de coche, resbal\u00f3n y ca\u00edda o accidente de responsabilidad local que caus\u00f3 sus lesiones, usted todav\u00eda puede buscar una compensaci\u00f3n. Siempre y cuando usted no es sobre todo la culpa, usted podr\u00eda tener un caso.<\/p>\n<p>Mientras que algunos casos de lesiones personales en Texas puede tener un l\u00edmite en la recuperaci\u00f3n de los da\u00f1os sufridos (por ejemplo, los casos contra el gobierno estatal o local) nuestros abogados en Kanner y Pintaluga luchar\u00e1 para recuperar para usted. Nuestros abogados experimentados est\u00e1n bien enterados de estos topes estatutarios y podr\u00e1n aconsejarle con respecto al mismo<\/p>\n<p>Los tipos de indemnizaci\u00f3n disponibles para las personas en Texas que han resultado heridas en un accidente de coche o resbal\u00f3n y ca\u00edda incluyen no s\u00f3lo las facturas m\u00e9dicas inmediatas, sino tambi\u00e9n da\u00f1os futuros, tales como el costo de tener una casa modificada para dar cabida a alguien que estaba incapacitado por un accidente. Algunos de estos otros da\u00f1os pueden incluir la p\u00e9rdida de potencial de ingresos, gastos m\u00e9dicos futuros, la reconversi\u00f3n profesional y mucho m\u00e1s.<\/p>\n\n\t\t<\/div>\n\t<\/div>\n<\/div><\/div><\/div><\/div><div class=\"vc_row wpb_row vc_row-fluid\"><div class=\"wpb_column vc_column_container vc_col-sm-4\"><div class=\"vc_column-inner\"><div class=\"wpb_wrapper\"><div class=\"wpb_gmaps_widget wpb_content_element\"><div class=\"wpb_wrapper\"><div class=\"wpb_map_wraper\"><iframe src=\"https:\/\/www.google.com\/maps\/embed?pb=!1m18!1m12!1m3!1d3463.972627021979!2d-95.48453512417686!3d29.749505375073362!2m3!1f0!2f0!3f0!3m2!1i1024!2i768!4f13.1!3m3!1m2!1s0x8640c3e140be21e9%3A0x37dffd88db98f84e!2s5847%20San%20Felipe%20St%20%232050%2C%20Houston%2C%20TX%2077057%2C%20USA!5e0!3m2!1sen!2sro!4v1738749493478!5m2!1sen!2sro\" width=\"100%\" height=\"250\" style=\"border:0;\" allowfullscreen=\"\" loading=\"lazy\"><\/iframe><\/div><\/div><\/div>\n\t<div class=\"wpb_text_column wpb_content_element\" >\n\t\t<div class=\"wpb_wrapper\">\n\t\t\t<h3>Houston<\/h3>\n<p>5847 San Felipe St Suite 2050<br \/>\nHouston, TX 77057<\/p>\n<p><a href=\"https:\/\/kpattorney.com\/es\/contact-us\/\">Cont\u00e1ctenos<\/a><\/p>\n<p>(713) 684-8000<\/p>\n\n\t\t<\/div>\n\t<\/div>\n<\/div><\/div><\/div><div class=\"wpb_column vc_column_container vc_col-sm-4\"><div class=\"vc_column-inner\"><div class=\"wpb_wrapper\"><div class=\"wpb_gmaps_widget wpb_content_element\"><div class=\"wpb_wrapper\"><div class=\"wpb_map_wraper\"><iframe src=\"https:\/\/www.google.com\/maps\/embed?pb=!1m18!1m12!1m3!1d3351.0236765685977!2d-96.94609192406192!3d32.87109297362453!2m3!1f0!2f0!3f0!3m2!1i1024!2i768!4f13.1!3m3!1m2!1s0x864e82963ee55551%3A0xa050f434170d0f36!2sEast%20Tower%2C%20222%20W%20Las%20Colinas%20Blvd.%20suite%201650%2C%20Irving%2C%20TX%2075039%2C%20USA!5e0!3m2!1sen!2sro!4v1738749658311!5m2!1sen!2sro\" width=\"100%\" height=\"250\" style=\"border:0;\" allowfullscreen=\"\" loading=\"lazy\"><\/iframe><\/div><\/div><\/div>\n\t<div class=\"wpb_text_column wpb_content_element\" >\n\t\t<div class=\"wpb_wrapper\">\n\t\t\t<h3>Irving<\/h3>\n<p>222 West Las Colinas Boulevard Suite 1650<br \/>\nIrving, TX 75039<\/p>\n<p><a href=\"https:\/\/kpattorney.com\/es\/contact-us\/\">Cont\u00e1ctenos<\/a><\/p>\n<p>(469) 647-9945<\/p>\n\n\t\t<\/div>\n\t<\/div>\n<\/div><\/div><\/div><div class=\"wpb_column vc_column_container vc_col-sm-4\"><div class=\"vc_column-inner\"><div class=\"wpb_wrapper\"><\/div><\/div><\/div><\/div><div data-vc-full-width=\"true\" data-vc-full-width-temp=\"true\" data-vc-full-width-init=\"false\" class=\"vc_row wpb_row vc_row-fluid vc_custom_1526501451452 vc_row-has-fill\"><div class=\"wpb_column vc_column_container vc_col-sm-12\"><div class=\"vc_column-inner\"><div class=\"wpb_wrapper\">\n\t<div class=\"wpb_text_column wpb_content_element vc_custom_1752235387119 practice-areas-mid-cta\" >\n\t\t<div class=\"wpb_wrapper\">\n\t\t\t<h3 style=\"text-align: center; color: white;\">Ll\u00e1menos al (800) 586-5555 para programar una consulta con uno de nuestros abogados de Texas.<\/h3>\n\n\t\t<\/div>\n\t<\/div>\n<\/div><\/div><\/div><\/div><div class=\"vc_row-full-width vc_clearfix\"><\/div>\n<\/div>","protected":false},"excerpt":{"rendered":"Personal Injury Lawyers Dedicated to Helping People in Texas Nothing can throw you and your family\u2019s life into disarray quite like an unexpected medical emergency. Injuries<span class=\"excerpt-hellip\"> [\u2026]<\/span>","protected":false},"author":22,"featured_media":16635,"parent":13198,"menu_order":0,"comment_status":"closed","ping_status":"closed","template":"","meta":{"_acf_changed":false,"footnotes":""},"class_list":["post-16633","page","type-page","status-publish","has-post-thumbnail","hentry"],"acf":[],"yoast_head":"<!-- This site is optimized with the Yoast SEO plugin v27.3 - https:\/\/yoast.com\/product\/yoast-seo-wordpress\/ -->\n<title>Texas Personal Injury &amp; Property Damage Attorneys<\/title>\n<meta name=\"description\" content=\"Kanner &amp; Pintaluga offers legal services for personal injury and property damage cases in Texas. Protect your rights with experienced attorneys.\" \/>\n<meta name=\"robots\" content=\"index, follow, max-snippet:-1, max-image-preview:large, max-video-preview:-1\" \/>\n<link rel=\"canonical\" href=\"https:\/\/kpattorney.com\/es\/offices\/texas\/\" \/>\n<meta property=\"og:locale\" content=\"es_MX\" \/>\n<meta property=\"og:type\" content=\"article\" \/>\n<meta property=\"og:title\" content=\"Texas Personal Injury &amp; Property Damage Attorneys\" \/>\n<meta property=\"og:description\" content=\"Kanner &amp; Pintaluga offers legal services for personal injury and property damage cases in Texas. Protect your rights with experienced attorneys.\" \/>\n<meta property=\"og:url\" content=\"https:\/\/kpattorney.com\/es\/offices\/texas\/\" \/>\n<meta property=\"og:site_name\" content=\"Kanner &amp; Pintaluga\" \/>\n<meta property=\"article:publisher\" content=\"https:\/\/www.facebook.com\/kpattorney\" \/>\n<meta property=\"article:modified_time\" content=\"2026-03-03T11:56:19+00:00\" \/>\n<meta property=\"og:image\" content=\"https:\/\/kpattorney.com\/wp-content\/uploads\/2025\/02\/houston2.jpg\" \/>\n\t<meta property=\"og:image:width\" content=\"1215\" \/>\n\t<meta property=\"og:image:height\" content=\"277\" \/>\n\t<meta property=\"og:image:type\" content=\"image\/jpeg\" \/>\n<meta name=\"twitter:label1\" content=\"Tiempo de lectura\" \/>\n\t<meta name=\"twitter:data1\" content=\"4 minutos\" \/>\n<script type=\"application\/ld+json\" class=\"yoast-schema-graph\">{\"@context\":\"https:\\\/\\\/schema.org\",\"@graph\":[{\"@type\":\"WebPage\",\"@id\":\"https:\\\/\\\/kpattorney.com\\\/offices\\\/texas\\\/\",\"url\":\"https:\\\/\\\/kpattorney.com\\\/offices\\\/texas\\\/\",\"name\":\"Texas Personal Injury & Property Damage Attorneys\",\"isPartOf\":{\"@id\":\"https:\\\/\\\/kpattorney.com\\\/#website\"},\"primaryImageOfPage\":{\"@id\":\"https:\\\/\\\/kpattorney.com\\\/offices\\\/texas\\\/#primaryimage\"},\"image\":{\"@id\":\"https:\\\/\\\/kpattorney.com\\\/offices\\\/texas\\\/#primaryimage\"},\"thumbnailUrl\":\"https:\\\/\\\/kpattorney.com\\\/wp-content\\\/uploads\\\/2025\\\/02\\\/houston2.jpg\",\"datePublished\":\"2025-02-05T10:18:08+00:00\",\"dateModified\":\"2026-03-03T11:56:19+00:00\",\"description\":\"Kanner & Pintaluga offers legal services for personal injury and property damage cases in Texas. Protect your rights with experienced attorneys.\",\"breadcrumb\":{\"@id\":\"https:\\\/\\\/kpattorney.com\\\/offices\\\/texas\\\/#breadcrumb\"},\"inLanguage\":\"es\",\"potentialAction\":[{\"@type\":\"ReadAction\",\"target\":[\"https:\\\/\\\/kpattorney.com\\\/offices\\\/texas\\\/\"]}]},{\"@type\":\"ImageObject\",\"inLanguage\":\"es\",\"@id\":\"https:\\\/\\\/kpattorney.com\\\/offices\\\/texas\\\/#primaryimage\",\"url\":\"https:\\\/\\\/kpattorney.com\\\/wp-content\\\/uploads\\\/2025\\\/02\\\/houston2.jpg\",\"contentUrl\":\"https:\\\/\\\/kpattorney.com\\\/wp-content\\\/uploads\\\/2025\\\/02\\\/houston2.jpg\",\"width\":1215,\"height\":277,\"caption\":\"Houston\"},{\"@type\":\"BreadcrumbList\",\"@id\":\"https:\\\/\\\/kpattorney.com\\\/offices\\\/texas\\\/#breadcrumb\",\"itemListElement\":[{\"@type\":\"ListItem\",\"position\":1,\"name\":\"Home\",\"item\":\"https:\\\/\\\/kpattorney.com\\\/\"},{\"@type\":\"ListItem\",\"position\":2,\"name\":\"Personal Injury &#038; Property Damage Law Offices\",\"item\":\"https:\\\/\\\/kpattorney.com\\\/offices\\\/\"},{\"@type\":\"ListItem\",\"position\":3,\"name\":\"Texas Law Offices\"}]},{\"@type\":\"WebSite\",\"@id\":\"https:\\\/\\\/kpattorney.com\\\/#website\",\"url\":\"https:\\\/\\\/kpattorney.com\\\/\",\"name\":\"Kanner &amp; Pintaluga\",\"description\":\"\",\"publisher\":{\"@id\":\"https:\\\/\\\/kpattorney.com\\\/#organization\"},\"potentialAction\":[{\"@type\":\"SearchAction\",\"target\":{\"@type\":\"EntryPoint\",\"urlTemplate\":\"https:\\\/\\\/kpattorney.com\\\/?s={search_term_string}\"},\"query-input\":{\"@type\":\"PropertyValueSpecification\",\"valueRequired\":true,\"valueName\":\"search_term_string\"}}],\"inLanguage\":\"es\"},{\"@type\":\"Organization\",\"@id\":\"https:\\\/\\\/kpattorney.com\\\/#organization\",\"name\":\"Kanner & Pintaluga\",\"url\":\"https:\\\/\\\/kpattorney.com\\\/\",\"logo\":{\"@type\":\"ImageObject\",\"inLanguage\":\"es\",\"@id\":\"https:\\\/\\\/kpattorney.com\\\/#\\\/schema\\\/logo\\\/image\\\/\",\"url\":\"https:\\\/\\\/kpattorney.com\\\/wp-content\\\/uploads\\\/2022\\\/07\\\/newresizedkplogo.png\",\"contentUrl\":\"https:\\\/\\\/kpattorney.com\\\/wp-content\\\/uploads\\\/2022\\\/07\\\/newresizedkplogo.png\",\"width\":450,\"height\":94,\"caption\":\"Kanner & Pintaluga\"},\"image\":{\"@id\":\"https:\\\/\\\/kpattorney.com\\\/#\\\/schema\\\/logo\\\/image\\\/\"},\"sameAs\":[\"https:\\\/\\\/www.facebook.com\\\/kpattorney\",\"https:\\\/\\\/x.com\\\/kpattorney\",\"https:\\\/\\\/www.instagram.com\\\/kpattorney\\\/\",\"https:\\\/\\\/www.linkedin.com\\\/company\\\/kpattorney\\\/\"]}]}<\/script>\n<!-- \/ Yoast SEO plugin. -->","yoast_head_json":{"title":"Texas Lesiones Personales y Da\u00f1os a la Propiedad Abogados","description":"Kanner &amp; Pintaluga ofrece servicios legales para casos de lesiones personales y da\u00f1os a la propiedad en Texas. Proteja sus derechos con abogados experimentados.","robots":{"index":"index","follow":"follow","max-snippet":"max-snippet:-1","max-image-preview":"max-image-preview:large","max-video-preview":"max-video-preview:-1"},"canonical":"https:\/\/kpattorney.com\/es\/offices\/texas\/","og_locale":"es_MX","og_type":"article","og_title":"Texas Personal Injury & Property Damage Attorneys","og_description":"Kanner & Pintaluga offers legal services for personal injury and property damage cases in Texas. Protect your rights with experienced attorneys.","og_url":"https:\/\/kpattorney.com\/es\/offices\/texas\/","og_site_name":"Kanner &amp; Pintaluga","article_publisher":"https:\/\/www.facebook.com\/kpattorney","article_modified_time":"2026-03-03T11:56:19+00:00","og_image":[{"width":1215,"height":277,"url":"https:\/\/kpattorney.com\/wp-content\/uploads\/2025\/02\/houston2.jpg","type":"image\/jpeg"}],"twitter_misc":{"Tiempo de lectura":"4 minutos"},"schema":{"@context":"https:\/\/schema.org","@graph":[{"@type":"WebPage","@id":"https:\/\/kpattorney.com\/offices\/texas\/","url":"https:\/\/kpattorney.com\/offices\/texas\/","name":"Texas Lesiones Personales y Da\u00f1os a la Propiedad Abogados","isPartOf":{"@id":"https:\/\/kpattorney.com\/#website"},"primaryImageOfPage":{"@id":"https:\/\/kpattorney.com\/offices\/texas\/#primaryimage"},"image":{"@id":"https:\/\/kpattorney.com\/offices\/texas\/#primaryimage"},"thumbnailUrl":"https:\/\/kpattorney.com\/wp-content\/uploads\/2025\/02\/houston2.jpg","datePublished":"2025-02-05T10:18:08+00:00","dateModified":"2026-03-03T11:56:19+00:00","description":"Kanner &amp; Pintaluga ofrece servicios legales para casos de lesiones personales y da\u00f1os a la propiedad en Texas. Proteja sus derechos con abogados experimentados.","breadcrumb":{"@id":"https:\/\/kpattorney.com\/offices\/texas\/#breadcrumb"},"inLanguage":"es","potentialAction":[{"@type":"ReadAction","target":["https:\/\/kpattorney.com\/offices\/texas\/"]}]},{"@type":"ImageObject","inLanguage":"es","@id":"https:\/\/kpattorney.com\/offices\/texas\/#primaryimage","url":"https:\/\/kpattorney.com\/wp-content\/uploads\/2025\/02\/houston2.jpg","contentUrl":"https:\/\/kpattorney.com\/wp-content\/uploads\/2025\/02\/houston2.jpg","width":1215,"height":277,"caption":"Houston"},{"@type":"BreadcrumbList","@id":"https:\/\/kpattorney.com\/offices\/texas\/#breadcrumb","itemListElement":[{"@type":"ListItem","position":1,"name":"Home","item":"https:\/\/kpattorney.com\/"},{"@type":"ListItem","position":2,"name":"Personal Injury &#038; Property Damage Law Offices","item":"https:\/\/kpattorney.com\/offices\/"},{"@type":"ListItem","position":3,"name":"Texas Law Offices"}]},{"@type":"WebSite","@id":"https:\/\/kpattorney.com\/#website","url":"https:\/\/kpattorney.com\/","name":"Kanner y Pintaluga","description":"","publisher":{"@id":"https:\/\/kpattorney.com\/#organization"},"potentialAction":[{"@type":"SearchAction","target":{"@type":"EntryPoint","urlTemplate":"https:\/\/kpattorney.com\/?s={search_term_string}"},"query-input":{"@type":"PropertyValueSpecification","valueRequired":true,"valueName":"search_term_string"}}],"inLanguage":"es"},{"@type":"Organization","@id":"https:\/\/kpattorney.com\/#organization","name":"Kanner y Pintaluga","url":"https:\/\/kpattorney.com\/","logo":{"@type":"ImageObject","inLanguage":"es","@id":"https:\/\/kpattorney.com\/#\/schema\/logo\/image\/","url":"https:\/\/kpattorney.com\/wp-content\/uploads\/2022\/07\/newresizedkplogo.png","contentUrl":"https:\/\/kpattorney.com\/wp-content\/uploads\/2022\/07\/newresizedkplogo.png","width":450,"height":94,"caption":"Kanner & Pintaluga"},"image":{"@id":"https:\/\/kpattorney.com\/#\/schema\/logo\/image\/"},"sameAs":["https:\/\/www.facebook.com\/kpattorney","https:\/\/x.com\/kpattorney","https:\/\/www.instagram.com\/kpattorney\/","https:\/\/www.linkedin.com\/company\/kpattorney\/"]}]}},"_links":{"self":[{"href":"https:\/\/kpattorney.com\/es\/wp-json\/wp\/v2\/pages\/16633","targetHints":{"allow":["GET"]}}],"collection":[{"href":"https:\/\/kpattorney.com\/es\/wp-json\/wp\/v2\/pages"}],"about":[{"href":"https:\/\/kpattorney.com\/es\/wp-json\/wp\/v2\/types\/page"}],"author":[{"embeddable":true,"href":"https:\/\/kpattorney.com\/es\/wp-json\/wp\/v2\/users\/22"}],"replies":[{"embeddable":true,"href":"https:\/\/kpattorney.com\/es\/wp-json\/wp\/v2\/comments?post=16633"}],"version-history":[{"count":0,"href":"https:\/\/kpattorney.com\/es\/wp-json\/wp\/v2\/pages\/16633\/revisions"}],"up":[{"embeddable":true,"href":"https:\/\/kpattorney.com\/es\/wp-json\/wp\/v2\/pages\/13198"}],"wp:featuredmedia":[{"embeddable":true,"href":"https:\/\/kpattorney.com\/es\/wp-json\/wp\/v2\/media\/16635"}],"wp:attachment":[{"href":"https:\/\/kpattorney.com\/es\/wp-json\/wp\/v2\/media?parent=16633"}],"curies":[{"name":"wp","href":"https:\/\/api.w.org\/{rel}","templated":true}]}}