{"id":16608,"date":"2025-01-23T16:34:47","date_gmt":"2025-01-23T16:34:47","guid":{"rendered":"https:\/\/kpattorney.com\/?page_id=16608"},"modified":"2026-03-27T10:39:03","modified_gmt":"2026-03-27T14:39:03","slug":"new-jersey","status":"publish","type":"page","link":"https:\/\/kpattorney.com\/es\/offices\/new-jersey\/","title":{"rendered":"Oficina Legal en Nueva Jersey"},"content":{"rendered":"<div class=\"wpb-content-wrapper\">\t\t<div data-elementor-type=\"wp-page\" data-elementor-id=\"16608\" class=\"elementor elementor-16608\" data-elementor-post-type=\"page\">\n\t\t\t\t\t\t<section class=\"elementor-section elementor-top-section elementor-element elementor-element-c05937a elementor-section-boxed elementor-section-height-default elementor-section-height-default\" data-id=\"c05937a\" data-element_type=\"section\" data-e-type=\"section\">\n\t\t\t\t\t\t<div class=\"elementor-container elementor-column-gap-default\">\n\t\t\t\t\t<div class=\"elementor-column elementor-col-100 elementor-top-column elementor-element elementor-element-2bc175f9\" data-id=\"2bc175f9\" data-element_type=\"column\" data-e-type=\"column\">\n\t\t\t<div class=\"elementor-widget-wrap elementor-element-populated\">\n\t\t\t\t\t\t<div class=\"elementor-element elementor-element-55c6676e elementor-widget elementor-widget-text-editor\" data-id=\"55c6676e\" data-element_type=\"widget\" data-e-type=\"widget\" data-widget_type=\"text-editor.default\">\n\t\t\t\t<div class=\"elementor-widget-container\">\n\t\t\t\t\t\t\t\t\t<div class=\"vc_row wpb_row vc_row-fluid\"><div class=\"wpb_column vc_column_container vc_col-sm-12\"><div class=\"vc_column-inner\"><div class=\"wpb_wrapper\"><div class=\"vc_empty_space\"   style=\"height: 20px\"><span class=\"vc_empty_space_inner\"><\/span><\/div>\n\t<div class=\"wpb_text_column wpb_content_element\" >\n\t\t<div class=\"wpb_wrapper\">\n\t\t\t<h2><strong>Abogados de Lesiones Personales en Nueva Jersey Representando a Personas Lesionadas en Ca\u00eddas y Accidentes Automovil\u00edsticos<\/strong><\/h2>\n<p>\u00bfHa sufrido usted o un miembro de su familia una lesi\u00f3n grave en un accidente de tr\u00e1fico, accidente laboral o accidente de tr\u00e1fico en Nueva Jersey? <a href=\"https:\/\/kpattorney.com\/es\/personal-injury\/premises-liability\/slip-and-fall-accidents\/\">resbal\u00f3n y ca\u00edda<\/a>? Los abogados de lesiones personales en Kanner y Pintaluga tienen d\u00e9cadas de experiencia combinada representando a personas que han sido heridas debido a la negligencia de otra persona. Nuestros abogados de Nueva Jersey est\u00e1n listos para ayudar en todo lo que podamos.<\/p>\n<ul>\n<li><a href=\"\/es\/offices\/new-jersey\/newark-law-office\/\">Newark<\/a><\/li>\n<\/ul>\n\n\t\t<\/div>\n\t<\/div>\n<div class=\"vc_empty_space\"   style=\"height: 20px\"><span class=\"vc_empty_space_inner\"><\/span><\/div><\/div><\/div><\/div><\/div><div data-vc-full-width=\"true\" data-vc-full-width-temp=\"true\" data-vc-full-width-init=\"false\" data-vc-stretch-content=\"true\" class=\"vc_row wpb_row vc_row-fluid vc_custom_1564505912953 vc_row-has-fill\"><div class=\"wpb_column vc_column_container vc_col-sm-6 vc_col-has-fill\"><div class=\"vc_column-inner vc_custom_1624488006235\"><div class=\"wpb_wrapper\"><\/div><\/div><\/div><div class=\"about wpb_column vc_column_container vc_col-sm-6\"><div class=\"vc_column-inner\"><div class=\"wpb_wrapper\">\n\t<div class=\"wpb_text_column wpb_content_element vc_custom_1737647267245\" >\n\t\t<div class=\"wpb_wrapper\">\n\t\t\t<h2>\u00bfQu\u00e9 Debes Saber Sobre las Leyes de Lesiones Personales en Nueva Jersey?<\/h2>\n<p>Nada puede arruinar m\u00e1s su vida y la de su familia como una emergencia m\u00e9dica inesperada. Las lesiones a menudo hacen que las personas se sientan vulnerables y abrumadas. La vida ya es bastante ocupada y dif\u00edcil: verse obligado a hacer frente a problemas de salud graves a\u00f1ade una carga siempre desagradable.<\/p>\n<p>El simple inconveniente de las lesiones no es el \u00fanico problema que enfrentan las personas lesionadas en accidentes automovil\u00edsticos, accidentes laborales, resbalones y ca\u00eddas y otros tipos de accidentes de responsabilidad local. Tambi\u00e9n est\u00e1 la cuesti\u00f3n del dinero.<\/p>\n<p>Muchas personas en Nueva Jersey tienen deducibles altos o simplemente no cuentan con cobertura m\u00e9dica suficiente para pagar todos los tratamientos y rehabilitaciones necesarias despu\u00e9s de un accidente.<\/p>\n<p>\u00bfY por qu\u00e9 deber\u00eda verse obligado a pagar por las lesiones que sufri\u00f3 debido al descuido de otra persona?<\/p>\n<p>La verdad fundamental es que no deber\u00eda pagar por esas lesiones. La persona responsable y su compa\u00f1\u00eda de seguros deben pagar la factura de todos los tratamientos m\u00e9dicos, salarios perdidos y el dolor y sufrimiento que haya sufrido debido a las lesiones que caus\u00f3.<\/p>\n\n\t\t<\/div>\n\t<\/div>\n<\/div><\/div><\/div><\/div><div class=\"vc_row-full-width vc_clearfix\"><\/div><div class=\"vc_row wpb_row vc_row-fluid\"><div class=\"wpb_column vc_column_container vc_col-sm-12\"><div class=\"vc_column-inner\"><div class=\"wpb_wrapper\"><div class=\"vc_empty_space\"   style=\"height: 20px\"><span class=\"vc_empty_space_inner\"><\/span><\/div>\n\t<div class=\"wpb_text_column wpb_content_element\" >\n\t\t<div class=\"wpb_wrapper\">\n\t\t\t<h2>Leyes de Lesiones Personales en Nueva Jersey<\/h2>\n<ul>\n<li>Nueva Jersey tiene un estatuto de limitaciones de dos a\u00f1os para casos de lesiones personales, lo que significa que tienes dos a\u00f1os desde la fecha de la lesi\u00f3n para presentar una demanda contra la parte responsable y su aseguradora.<\/li>\n<li>Nueva Jersey es un estado con seguro sin culpa, lo que significa que, despu\u00e9s de un accidente automovil\u00edstico, ambos conductores y\/o todas las partes lesionadas pueden presentar reclamos y buscar compensaci\u00f3n de sus propias aseguradoras, sin importar qui\u00e9n tuvo la culpa.<\/li>\n<li>Nueva Jersey aplica la regla de \u201cnegligencia comparativa modificada\u201d con el est\u00e1ndar del 51% en casos de lesiones personales. Si tuviste parte de la culpa en el accidente automovil\u00edstico, la ca\u00edda o el accidente de responsabilidad en propiedad que caus\u00f3 tus lesiones, a\u00fan puedes buscar compensaci\u00f3n. Sin embargo, solo puedes recuperar da\u00f1os si tu nivel de culpa es del 50% o menos. Si se determina que tienes m\u00e1s del 50% de culpa, no podr\u00e1s recibir compensaci\u00f3n alguna.<\/li>\n<li>Los tipos de compensaci\u00f3n disponibles para personas lesionadas en accidentes automovil\u00edsticos o ca\u00eddas en Nueva Jersey incluyen no solo facturas m\u00e9dicas inmediatas, sino tambi\u00e9n da\u00f1os futuros, como el costo de modificar una vivienda para alguien que qued\u00f3 discapacitado debido a un accidente. Otros da\u00f1os pueden incluir p\u00e9rdida de capacidad de ingresos, gastos m\u00e9dicos futuros, reentrenamiento profesional y m\u00e1s.<\/li>\n<\/ul>\n\n\t\t<\/div>\n\t<\/div>\n\n\t<div class=\"wpb_text_column wpb_content_element\" >\n\t\t<div class=\"wpb_wrapper\">\n\t\t\t<h2>Seguro de Auto para Conductores en Nueva Jersey<\/h2>\n<p>El seguro de auto es obligatorio en Nueva Jersey, pero el tipo y costo de la cobertura var\u00edan significativamente. Hay dos tipos de p\u00f3lizas disponibles: \"P\u00f3liza B\u00e1sica\" y \"P\u00f3liza Est\u00e1ndar\". Mientras que ambas cumplen con los requisitos m\u00ednimos de seguro en Nueva Jersey, la \"P\u00f3liza Est\u00e1ndar\" es la opci\u00f3n m\u00e1s com\u00fan entre los conductores del estado.<\/p>\n<ul>\n<li><strong>Los requisitos m\u00ednimos de cobertura de la \u201cP\u00f3liza Est\u00e1ndar\"<\/strong>\n<ul>\n<li>$25,000\/$50,000 (por persona\/accidente) en cobertura por lesiones corporales<\/li>\n<li>$25,000 en cobertura por da\u00f1os a la propiedad por accidente<\/li>\n<li>$25,000\/$50,000 (por persona\/accidente) en cobertura para conductores sin seguro o con seguro insuficiente.<\/li>\n<li>Cobertura m\u00ednima PIP (sin culpa) de $15,000 por persona.<\/li>\n<\/ul>\n<\/li>\n<\/ul>\n<ul>\n<li><strong>Los requisitos m\u00ednimos de cobertura de la \u201cP\u00f3liza B\u00e1sica\"<\/strong>\n<ul>\n<li class=\"translation-block\">La cobertura por lesiones corporales no est\u00e1 incluida, pero existe la opci\u00f3n de a\u00f1adir $10,000.<\/li>\n<li>$5,000 en cobertura por da\u00f1os a la propiedad.<\/li>\n<li>Cobertura m\u00ednima PIP (sin culpa) de $15,000 por persona.<\/li>\n<\/ul>\n<\/li>\n<\/ul>\n\n\t\t<\/div>\n\t<\/div>\n\n\t<div class=\"wpb_text_column wpb_content_element\" >\n\t\t<div class=\"wpb_wrapper\">\n\t\t\t<h2>Leyes Sobre Mordeduras de Perro en Nueva Jersey<\/h2>\n<p>A diferencia de algunos estados que aplican la regla de la \u201cprimera mordida\u201d, Nueva Jersey considera a los due\u00f1os de perros estrictamente responsables por las lesiones que causen sus mascotas, sin importar si el perro hab\u00eda mostrado previamente alguna inclinaci\u00f3n a morder a las personas. Esta responsabilidad estricta se aplica si la persona mordida estaba en un lugar p\u00fablico o legalmente en una propiedad privada. Sin embargo, si la persona lesionada provoc\u00f3 al perro, podr\u00eda tener dificultades para recibir compensaci\u00f3n total debido a la regla de negligencia comparativa de Nueva Jersey.<\/p>\n\n\t\t<\/div>\n\t<\/div>\n\n\t<div class=\"wpb_text_column wpb_content_element\" >\n\t\t<div class=\"wpb_wrapper\">\n\t\t\t<h2>\u00bfPor Qu\u00e9 Elegir a Kanner &amp; Pintaluga para Casos de Accidentes Automovil\u00edsticos, Ca\u00eddas y Otras Lesiones Personales en Nueva Jersey?<\/h2>\n<p>Ponemos tus intereses en primer lugar y ofrecemos un servicio orientado al cliente. En Kanner &amp; Pintaluga, estamos comprometidos a asignarte un abogado de lesiones personales en Nueva Jersey con experiencia, que priorice tus necesidades y elija la estrategia con mayor probabilidad de \u00e9xito. No evitamos ir a juicio si la aseguradora no est\u00e1 dispuesta a ofrecer un acuerdo justo y lucharemos agresivamente por la m\u00e1xima compensaci\u00f3n que mereces.<\/p>\n\n\t\t<\/div>\n\t<\/div>\n\n\t<div class=\"wpb_text_column wpb_content_element\" >\n\t\t<div class=\"wpb_wrapper\">\n\t\t\t<h2>Obt\u00e9n Ayuda con Tu Caso de Lesiones en Nueva Jersey<\/h2>\n<p>Los abogados de lesiones personales de Kanner &amp; Pintaluga tienen muchos a\u00f1os de experiencia en el manejo de casos de lesiones personales. Han visto todo tipo de casos y conocen bien las estrategias de negociaci\u00f3n y legales que utilizan las compa\u00f1\u00edas de seguros.<\/p>\n<p>Nuestros abogados saben c\u00f3mo contrarrestar estas t\u00e1cticas, desarrollar casos minuciosamente detallados y presentar argumentos convincentes en nombre de nuestros clientes. Si la compa\u00f1\u00eda de seguros se niega a llegar a un acuerdo por una cantidad justa, haremos todo lo que est\u00e9 a nuestro alcance legal para probar su caso ante un juez y un jurado.<\/p>\n<p>Ll\u00e1manos al (800) 586-5555 para programar una consulta inicial gratuita con un abogado de lesiones personales de Kanner &amp; Pintaluga en Nueva Jersey.<\/p>\n\n\t\t<\/div>\n\t<\/div>\n<\/div><\/div><\/div><\/div><div class=\"vc_row wpb_row vc_row-fluid\"><div class=\"wpb_column vc_column_container vc_col-sm-4\"><div class=\"vc_column-inner\"><div class=\"wpb_wrapper\"><div class=\"wpb_gmaps_widget wpb_content_element\"><div class=\"wpb_wrapper\"><div class=\"wpb_map_wraper\"><iframe src=\"https:\/\/www.google.com\/maps\/embed?pb=!1m18!1m12!1m3!1d3023.4564113147067!2d-74.17735212359389!3d40.729981571391036!2m3!1f0!2f0!3f0!3m2!1i1024!2i768!4f13.1!3m3!1m2!1s0x89c25376e379c0c1%3A0x7498d9a027d8ac80!2s972%20Broad%20St%2C%20Newark%2C%20NJ%2007102%2C%20USA!5e0!3m2!1sen!2sro!4v1737648454245!5m2!1sen!2sro\" width=\"100%\" height=\"250\" style=\"border:0;\" allowfullscreen=\"\" loading=\"lazy\"><\/iframe><\/div><\/div><\/div>\n\t<div class=\"wpb_text_column wpb_content_element\" >\n\t\t<div class=\"wpb_wrapper\">\n\t\t\t<h3>Newark<\/h3>\n<p>Calle Broad 972<br \/>\nSuite 300<br \/>\nNewark, NJ 07102<\/p>\n<p><i class=\"fas fa-envelope\"><\/i> <a href=\"https:\/\/kpattorney.com\/es\/contact-us\/\">Cont\u00e1ctenos<\/a><\/p>\n<p><i class=\"fas fa-phone\"><\/i> (862) 401-1749<\/p>\n<p><em>* Disponible solo con cita previa<\/em><\/p>\n\n\t\t<\/div>\n\t<\/div>\n<\/div><\/div><\/div><div class=\"wpb_column vc_column_container vc_col-sm-4\"><div class=\"vc_column-inner\"><div class=\"wpb_wrapper\"><\/div><\/div><\/div><div class=\"wpb_column vc_column_container vc_col-sm-4\"><div class=\"vc_column-inner\"><div class=\"wpb_wrapper\"><\/div><\/div><\/div><\/div><div data-vc-full-width=\"true\" data-vc-full-width-temp=\"true\" data-vc-full-width-init=\"false\" class=\"vc_row wpb_row vc_row-fluid vc_custom_1526501451452 vc_row-has-fill\"><div class=\"wpb_column vc_column_container vc_col-sm-12\"><div class=\"vc_column-inner\"><div class=\"wpb_wrapper\">\n\t<div class=\"wpb_text_column wpb_content_element vc_custom_1737648700670 practice-areas-mid-cta\" >\n\t\t<div class=\"wpb_wrapper\">\n\t\t\t<h3 style=\"text-align: center;\"><span style=\"color: #ffffff;\">Ll\u00e1menos al (800) 586-5555 para programar una consulta con uno de nuestros abogados en Nueva Jersey. <\/span><\/h3>\n\n\t\t<\/div>\n\t<\/div>\n<\/div><\/div><\/div><\/div><div class=\"vc_row-full-width vc_clearfix\"><\/div>\t\t\t\t\t\t\t\t<\/div>\n\t\t\t\t<\/div>\n\t\t\t\t\t<\/div>\n\t\t<\/div>\n\t\t\t\t\t<\/div>\n\t\t<\/section>\n\t\t\t\t<\/div>\n\t\t<\/div>","protected":false},"excerpt":{"rendered":"New Jersey Personal Injury Lawyers Representing People Injured in Slip and Falls and Car Crashes Have you or a family member suffered a serious injury in<span class=\"excerpt-hellip\"> [\u2026]<\/span>","protected":false},"author":22,"featured_media":16610,"parent":13198,"menu_order":0,"comment_status":"closed","ping_status":"closed","template":"","meta":{"_acf_changed":false,"footnotes":""},"class_list":["post-16608","page","type-page","status-publish","has-post-thumbnail","hentry"],"acf":[],"yoast_head":"<!-- This site is optimized with the Yoast SEO plugin v27.3 - https:\/\/yoast.com\/product\/yoast-seo-wordpress\/ -->\n<title>Abogados de lesiones personales y da\u00f1os a la propiedad en NJ<\/title>\n<meta name=\"description\" content=\"Kanner &amp; Pintaluga offers legal services for personal injury and property damage cases in New Jersey. Protect your rights with experienced attorneys.\" \/>\n<meta name=\"robots\" content=\"index, follow, max-snippet:-1, max-image-preview:large, max-video-preview:-1\" \/>\n<link rel=\"canonical\" href=\"https:\/\/kpattorney.com\/es\/offices\/new-jersey\/\" \/>\n<meta property=\"og:locale\" content=\"es_MX\" \/>\n<meta property=\"og:type\" content=\"article\" \/>\n<meta property=\"og:title\" content=\"Abogados de lesiones personales y da\u00f1os a la propiedad en NJ\" \/>\n<meta property=\"og:description\" content=\"Kanner &amp; Pintaluga offers legal services for personal injury and property damage cases in New Jersey. Protect your rights with experienced attorneys.\" \/>\n<meta property=\"og:url\" content=\"https:\/\/kpattorney.com\/es\/offices\/new-jersey\/\" \/>\n<meta property=\"og:site_name\" content=\"Kanner &amp; Pintaluga\" \/>\n<meta property=\"article:publisher\" content=\"https:\/\/www.facebook.com\/kpattorney\" \/>\n<meta property=\"article:modified_time\" content=\"2026-03-27T14:39:03+00:00\" \/>\n<meta property=\"og:image\" content=\"https:\/\/kpattorney.com\/wp-content\/uploads\/2025\/01\/pexels-jdominici-1.png\" \/>\n\t<meta property=\"og:image:width\" content=\"1600\" \/>\n\t<meta property=\"og:image:height\" content=\"587\" \/>\n\t<meta property=\"og:image:type\" content=\"image\/png\" \/>\n<meta name=\"twitter:label1\" content=\"Tiempo de lectura\" \/>\n\t<meta name=\"twitter:data1\" content=\"5 minutos\" \/>\n<script type=\"application\/ld+json\" class=\"yoast-schema-graph\">{\"@context\":\"https:\\\/\\\/schema.org\",\"@graph\":[{\"@type\":\"WebPage\",\"@id\":\"https:\\\/\\\/kpattorney.com\\\/offices\\\/new-jersey\\\/\",\"url\":\"https:\\\/\\\/kpattorney.com\\\/offices\\\/new-jersey\\\/\",\"name\":\"Abogados de lesiones personales y da\u00f1os a la propiedad en NJ\",\"isPartOf\":{\"@id\":\"https:\\\/\\\/kpattorney.com\\\/#website\"},\"primaryImageOfPage\":{\"@id\":\"https:\\\/\\\/kpattorney.com\\\/offices\\\/new-jersey\\\/#primaryimage\"},\"image\":{\"@id\":\"https:\\\/\\\/kpattorney.com\\\/offices\\\/new-jersey\\\/#primaryimage\"},\"thumbnailUrl\":\"https:\\\/\\\/kpattorney.com\\\/wp-content\\\/uploads\\\/2025\\\/01\\\/pexels-jdominici-1.png\",\"datePublished\":\"2025-01-23T16:34:47+00:00\",\"dateModified\":\"2026-03-27T14:39:03+00:00\",\"description\":\"Kanner & Pintaluga offers legal services for personal injury and property damage cases in New Jersey. Protect your rights with experienced attorneys.\",\"breadcrumb\":{\"@id\":\"https:\\\/\\\/kpattorney.com\\\/offices\\\/new-jersey\\\/#breadcrumb\"},\"inLanguage\":\"es\",\"potentialAction\":[{\"@type\":\"ReadAction\",\"target\":[\"https:\\\/\\\/kpattorney.com\\\/offices\\\/new-jersey\\\/\"]}]},{\"@type\":\"ImageObject\",\"inLanguage\":\"es\",\"@id\":\"https:\\\/\\\/kpattorney.com\\\/offices\\\/new-jersey\\\/#primaryimage\",\"url\":\"https:\\\/\\\/kpattorney.com\\\/wp-content\\\/uploads\\\/2025\\\/01\\\/pexels-jdominici-1.png\",\"contentUrl\":\"https:\\\/\\\/kpattorney.com\\\/wp-content\\\/uploads\\\/2025\\\/01\\\/pexels-jdominici-1.png\",\"width\":1600,\"height\":587},{\"@type\":\"BreadcrumbList\",\"@id\":\"https:\\\/\\\/kpattorney.com\\\/offices\\\/new-jersey\\\/#breadcrumb\",\"itemListElement\":[{\"@type\":\"ListItem\",\"position\":1,\"name\":\"Home\",\"item\":\"https:\\\/\\\/kpattorney.com\\\/\"},{\"@type\":\"ListItem\",\"position\":2,\"name\":\"Personal Injury &#038; Property Damage Law Offices\",\"item\":\"https:\\\/\\\/kpattorney.com\\\/offices\\\/\"},{\"@type\":\"ListItem\",\"position\":3,\"name\":\"New Jersey Law Office\"}]},{\"@type\":\"WebSite\",\"@id\":\"https:\\\/\\\/kpattorney.com\\\/#website\",\"url\":\"https:\\\/\\\/kpattorney.com\\\/\",\"name\":\"Kanner &amp; Pintaluga\",\"description\":\"\",\"publisher\":{\"@id\":\"https:\\\/\\\/kpattorney.com\\\/#organization\"},\"potentialAction\":[{\"@type\":\"SearchAction\",\"target\":{\"@type\":\"EntryPoint\",\"urlTemplate\":\"https:\\\/\\\/kpattorney.com\\\/?s={search_term_string}\"},\"query-input\":{\"@type\":\"PropertyValueSpecification\",\"valueRequired\":true,\"valueName\":\"search_term_string\"}}],\"inLanguage\":\"es\"},{\"@type\":\"Organization\",\"@id\":\"https:\\\/\\\/kpattorney.com\\\/#organization\",\"name\":\"Kanner & Pintaluga\",\"url\":\"https:\\\/\\\/kpattorney.com\\\/\",\"logo\":{\"@type\":\"ImageObject\",\"inLanguage\":\"es\",\"@id\":\"https:\\\/\\\/kpattorney.com\\\/#\\\/schema\\\/logo\\\/image\\\/\",\"url\":\"https:\\\/\\\/kpattorney.com\\\/wp-content\\\/uploads\\\/2022\\\/07\\\/newresizedkplogo.png\",\"contentUrl\":\"https:\\\/\\\/kpattorney.com\\\/wp-content\\\/uploads\\\/2022\\\/07\\\/newresizedkplogo.png\",\"width\":450,\"height\":94,\"caption\":\"Kanner & Pintaluga\"},\"image\":{\"@id\":\"https:\\\/\\\/kpattorney.com\\\/#\\\/schema\\\/logo\\\/image\\\/\"},\"sameAs\":[\"https:\\\/\\\/www.facebook.com\\\/kpattorney\",\"https:\\\/\\\/x.com\\\/kpattorney\",\"https:\\\/\\\/www.instagram.com\\\/kpattorney\\\/\",\"https:\\\/\\\/www.linkedin.com\\\/company\\\/kpattorney\\\/\"]}]}<\/script>\n<!-- \/ Yoast SEO plugin. -->","yoast_head_json":{"title":"Abogados especializados en lesiones personales y da\u00f1os a la propiedad en Nueva Jersey","description":"Kanner &amp; Pintaluga ofrece servicios legales para casos de lesiones personales y da\u00f1os a la propiedad en Nueva Jersey. Proteja sus derechos con abogados experimentados.","robots":{"index":"index","follow":"follow","max-snippet":"max-snippet:-1","max-image-preview":"max-image-preview:large","max-video-preview":"max-video-preview:-1"},"canonical":"https:\/\/kpattorney.com\/es\/offices\/new-jersey\/","og_locale":"es_MX","og_type":"article","og_title":"Abogados de lesiones personales y da\u00f1os a la propiedad en NJ","og_description":"Kanner & Pintaluga offers legal services for personal injury and property damage cases in New Jersey. Protect your rights with experienced attorneys.","og_url":"https:\/\/kpattorney.com\/es\/offices\/new-jersey\/","og_site_name":"Kanner &amp; Pintaluga","article_publisher":"https:\/\/www.facebook.com\/kpattorney","article_modified_time":"2026-03-27T14:39:03+00:00","og_image":[{"width":1600,"height":587,"url":"https:\/\/kpattorney.com\/wp-content\/uploads\/2025\/01\/pexels-jdominici-1.png","type":"image\/png"}],"twitter_misc":{"Tiempo de lectura":"5 minutos"},"schema":{"@context":"https:\/\/schema.org","@graph":[{"@type":"WebPage","@id":"https:\/\/kpattorney.com\/offices\/new-jersey\/","url":"https:\/\/kpattorney.com\/offices\/new-jersey\/","name":"Abogados especializados en lesiones personales y da\u00f1os a la propiedad en Nueva Jersey","isPartOf":{"@id":"https:\/\/kpattorney.com\/#website"},"primaryImageOfPage":{"@id":"https:\/\/kpattorney.com\/offices\/new-jersey\/#primaryimage"},"image":{"@id":"https:\/\/kpattorney.com\/offices\/new-jersey\/#primaryimage"},"thumbnailUrl":"https:\/\/kpattorney.com\/wp-content\/uploads\/2025\/01\/pexels-jdominici-1.png","datePublished":"2025-01-23T16:34:47+00:00","dateModified":"2026-03-27T14:39:03+00:00","description":"Kanner &amp; Pintaluga ofrece servicios legales para casos de lesiones personales y da\u00f1os a la propiedad en Nueva Jersey. Proteja sus derechos con abogados experimentados.","breadcrumb":{"@id":"https:\/\/kpattorney.com\/offices\/new-jersey\/#breadcrumb"},"inLanguage":"es","potentialAction":[{"@type":"ReadAction","target":["https:\/\/kpattorney.com\/offices\/new-jersey\/"]}]},{"@type":"ImageObject","inLanguage":"es","@id":"https:\/\/kpattorney.com\/offices\/new-jersey\/#primaryimage","url":"https:\/\/kpattorney.com\/wp-content\/uploads\/2025\/01\/pexels-jdominici-1.png","contentUrl":"https:\/\/kpattorney.com\/wp-content\/uploads\/2025\/01\/pexels-jdominici-1.png","width":1600,"height":587},{"@type":"BreadcrumbList","@id":"https:\/\/kpattorney.com\/offices\/new-jersey\/#breadcrumb","itemListElement":[{"@type":"ListItem","position":1,"name":"Home","item":"https:\/\/kpattorney.com\/"},{"@type":"ListItem","position":2,"name":"Personal Injury &#038; Property Damage Law Offices","item":"https:\/\/kpattorney.com\/offices\/"},{"@type":"ListItem","position":3,"name":"New Jersey Law Office"}]},{"@type":"WebSite","@id":"https:\/\/kpattorney.com\/#website","url":"https:\/\/kpattorney.com\/","name":"Kanner y Pintaluga","description":"","publisher":{"@id":"https:\/\/kpattorney.com\/#organization"},"potentialAction":[{"@type":"SearchAction","target":{"@type":"EntryPoint","urlTemplate":"https:\/\/kpattorney.com\/?s={search_term_string}"},"query-input":{"@type":"PropertyValueSpecification","valueRequired":true,"valueName":"search_term_string"}}],"inLanguage":"es"},{"@type":"Organization","@id":"https:\/\/kpattorney.com\/#organization","name":"Kanner y Pintaluga","url":"https:\/\/kpattorney.com\/","logo":{"@type":"ImageObject","inLanguage":"es","@id":"https:\/\/kpattorney.com\/#\/schema\/logo\/image\/","url":"https:\/\/kpattorney.com\/wp-content\/uploads\/2022\/07\/newresizedkplogo.png","contentUrl":"https:\/\/kpattorney.com\/wp-content\/uploads\/2022\/07\/newresizedkplogo.png","width":450,"height":94,"caption":"Kanner & Pintaluga"},"image":{"@id":"https:\/\/kpattorney.com\/#\/schema\/logo\/image\/"},"sameAs":["https:\/\/www.facebook.com\/kpattorney","https:\/\/x.com\/kpattorney","https:\/\/www.instagram.com\/kpattorney\/","https:\/\/www.linkedin.com\/company\/kpattorney\/"]}]}},"_links":{"self":[{"href":"https:\/\/kpattorney.com\/es\/wp-json\/wp\/v2\/pages\/16608","targetHints":{"allow":["GET"]}}],"collection":[{"href":"https:\/\/kpattorney.com\/es\/wp-json\/wp\/v2\/pages"}],"about":[{"href":"https:\/\/kpattorney.com\/es\/wp-json\/wp\/v2\/types\/page"}],"author":[{"embeddable":true,"href":"https:\/\/kpattorney.com\/es\/wp-json\/wp\/v2\/users\/22"}],"replies":[{"embeddable":true,"href":"https:\/\/kpattorney.com\/es\/wp-json\/wp\/v2\/comments?post=16608"}],"version-history":[{"count":0,"href":"https:\/\/kpattorney.com\/es\/wp-json\/wp\/v2\/pages\/16608\/revisions"}],"up":[{"embeddable":true,"href":"https:\/\/kpattorney.com\/es\/wp-json\/wp\/v2\/pages\/13198"}],"wp:featuredmedia":[{"embeddable":true,"href":"https:\/\/kpattorney.com\/es\/wp-json\/wp\/v2\/media\/16610"}],"wp:attachment":[{"href":"https:\/\/kpattorney.com\/es\/wp-json\/wp\/v2\/media?parent=16608"}],"curies":[{"name":"wp","href":"https:\/\/api.w.org\/{rel}","templated":true}]}}