{"id":1343,"date":"2018-07-24T17:10:48","date_gmt":"2018-07-24T17:10:48","guid":{"rendered":"http:\/\/50.28.38.211\/~kpattorney\/?page_id=1343"},"modified":"2024-10-16T15:15:20","modified_gmt":"2024-10-16T15:15:20","slug":"privacy-policy","status":"publish","type":"page","link":"https:\/\/kpattorney.com\/es\/privacy-policy\/","title":{"rendered":"Pol\u00edtica de Privacidad"},"content":{"rendered":"<p>La siguiente Pol\u00edtica de Privacidad rige las pr\u00e1cticas de recopilaci\u00f3n de informaci\u00f3n en l\u00ednea de Kanner y Pintaluga. En concreto, se describen los tipos de informaci\u00f3n que recopilamos sobre usted mientras utiliza el sitio web y las formas en que utilizamos esta informaci\u00f3n. Esta Pol\u00edtica de Privacidad, incluida nuestra declaraci\u00f3n de privacidad infantil, no se aplica a ninguna informaci\u00f3n que usted pueda proporcionarnos o que podamos recopilar fuera de l\u00ednea y\/o a trav\u00e9s de otros medios (por ejemplo, en un evento en vivo, por tel\u00e9fono o por correo).<\/p>\n<h3><strong>C\u00f3mo recopilamos y utilizamos la informaci\u00f3n<\/strong><\/h3>\n<p>Podemos recopilar y almacenar informaci\u00f3n personal o de otro tipo que usted nos proporcione voluntariamente en l\u00ednea mientras utiliza el Sitio (por ejemplo, mientras est\u00e1 en el Sitio o al responder por correo electr\u00f3nico a una funci\u00f3n proporcionada en el Sitio).<br \/>\nUtilizamos la informaci\u00f3n que recopilamos de usted mientras utiliza el Sitio de diversas maneras, entre ellas para personalizar las funciones y la publicidad que aparecen en el Sitio y para recopilar informaci\u00f3n que nos permita prestar mejor nuestros servicios.<\/p>\n<h3><strong>Declaraci\u00f3n de privacidad infantil<\/strong><\/h3>\n<p>Esta declaraci\u00f3n de privacidad infantil explica nuestras pr\u00e1cticas con respecto a la recopilaci\u00f3n y uso en l\u00ednea de informaci\u00f3n personal de ni\u00f1os menores de trece a\u00f1os, y proporciona informaci\u00f3n importante sobre sus derechos bajo la ley federal con respecto a dicha informaci\u00f3n.<\/p>\n<ul>\n<li style=\"list-style-type: none;\">\n<ul>\n<li>Este Sitio no est\u00e1 dirigido a ni\u00f1os menores de trece a\u00f1os y NO recopilamos conscientemente informaci\u00f3n personal identificable de ni\u00f1os menores de trece a\u00f1os como parte del Sitio. Seleccionamos a los usuarios que desean facilitar informaci\u00f3n personal para evitar que los menores de trece a\u00f1os faciliten dicha informaci\u00f3n. Si nos damos cuenta de que hemos recibido inadvertidamente informaci\u00f3n de identificaci\u00f3n personal de un usuario menor de trece a\u00f1os como parte del Sitio, eliminaremos dicha informaci\u00f3n de nuestros registros. Si cambiamos nuestras pr\u00e1cticas en el futuro, obtendremos el consentimiento previo y verificable de los padres antes de recopilar cualquier informaci\u00f3n de identificaci\u00f3n personal de ni\u00f1os menores de trece a\u00f1os como parte del Sitio.<\/li>\n<\/ul>\n<\/li>\n<\/ul>\n<p>&nbsp;<\/p>\n<ul>\n<li style=\"list-style-type: none;\">\n<ul>\n<li>Dado que no recopilamos ninguna informaci\u00f3n personal identificable de ni\u00f1os menores de trece a\u00f1os como parte del Sitio, tampoco distribuimos a sabiendas dicha informaci\u00f3n a terceros.<\/li>\n<\/ul>\n<\/li>\n<\/ul>\n<p>&nbsp;<\/p>\n<ul>\n<li style=\"list-style-type: none;\">\n<ul>\n<li>NO permitimos conscientemente que ni\u00f1os menores de trece a\u00f1os publiquen o distribuyan de otro modo informaci\u00f3n de contacto personalmente identificable a trav\u00e9s del Sitio.<\/li>\n<\/ul>\n<\/li>\n<\/ul>\n<p>&nbsp;<\/p>\n<ul>\n<li>Dado que no recopilamos ninguna informaci\u00f3n personal identificable de ni\u00f1os menores de trece a\u00f1os como parte del Sitio, NO condicionamos la participaci\u00f3n de un ni\u00f1o menor de trece a\u00f1os en las actividades en l\u00ednea del Sitio a que proporcione informaci\u00f3n personal identificable.<\/li>\n<\/ul>\n<p>&nbsp;<\/p>\n<h3><strong>C\u00f3mo modificar sus datos<\/strong><\/h3>\n<p>Si desea solicitar que se modifique la informaci\u00f3n que proporcion\u00f3 en el sitio web anterior, llame al n\u00famero que figura en dicho sitio web y solicite que se modifique o elimine su informaci\u00f3n de los registros de la empresa.<\/p>\n<h3><strong>Sus derechos de privacidad en California<\/strong><\/h3>\n<p>El art\u00edculo 1798.83 del C\u00f3digo Civil de California, tambi\u00e9n conocido como ley \"Shine The Light\", permite a nuestros clientes residentes en California solicitar y obtener de nosotros una vez al a\u00f1o, de forma gratuita, informaci\u00f3n sobre los datos personales (si los hubiera) que hayamos revelado a terceros con fines de marketing directo en el a\u00f1o natural precedente. Si procede, esta informaci\u00f3n incluir\u00eda una lista de las categor\u00edas de informaci\u00f3n personal que se comparti\u00f3 y los nombres y direcciones de todos los terceros con los que compartimos informaci\u00f3n en el a\u00f1o natural inmediatamente anterior. Si es usted residente en California y desea realizar una solicitud de este tipo, llame al n\u00famero indicado en el sitio anterior.<\/p>","protected":false},"excerpt":{"rendered":"<p>The following Privacy Policy governs the online information collection practices of Kanner and Pintaluga. Specifically, it outlines the types of information that we gather about you<span class=\"excerpt-hellip\"> [\u2026]<\/span><\/p>\n","protected":false},"author":17,"featured_media":1315,"parent":0,"menu_order":0,"comment_status":"closed","ping_status":"closed","template":"","meta":{"_acf_changed":false,"footnotes":""},"class_list":["post-1343","page","type-page","status-publish","has-post-thumbnail","hentry"],"acf":[],"yoast_head":"<!-- This site is optimized with the Yoast SEO plugin v27.3 - https:\/\/yoast.com\/product\/yoast-seo-wordpress\/ -->\n<title>Privacy Policy<\/title>\n<meta name=\"description\" content=\"Privacy Policy | Kanner &amp; Pintaluga\" \/>\n<meta name=\"robots\" content=\"noindex, follow\" \/>\n<meta property=\"og:locale\" content=\"es_MX\" \/>\n<meta property=\"og:type\" content=\"article\" \/>\n<meta property=\"og:title\" content=\"Privacy Policy\" \/>\n<meta property=\"og:description\" content=\"Privacy Policy | Kanner &amp; Pintaluga\" \/>\n<meta property=\"og:url\" content=\"https:\/\/kpattorney.com\/es\/privacy-policy\/\" \/>\n<meta property=\"og:site_name\" content=\"Kanner &amp; Pintaluga\" \/>\n<meta property=\"article:publisher\" content=\"https:\/\/www.facebook.com\/kpattorney\" \/>\n<meta property=\"article:modified_time\" content=\"2024-10-16T15:15:20+00:00\" \/>\n<meta property=\"og:image\" content=\"https:\/\/kpattorney.com\/wp-content\/uploads\/2018\/07\/About-Header-opt-1-scaled.jpg\" \/>\n\t<meta property=\"og:image:width\" content=\"2048\" \/>\n\t<meta property=\"og:image:height\" content=\"569\" \/>\n\t<meta property=\"og:image:type\" content=\"image\/jpeg\" \/>\n<meta name=\"twitter:label1\" content=\"Tiempo de lectura\" \/>\n\t<meta name=\"twitter:data1\" content=\"3 minutos\" \/>\n<script type=\"application\/ld+json\" class=\"yoast-schema-graph\">{\"@context\":\"https:\\\/\\\/schema.org\",\"@graph\":[{\"@type\":\"WebPage\",\"@id\":\"https:\\\/\\\/kpattorney.com\\\/privacy-policy\\\/\",\"url\":\"https:\\\/\\\/kpattorney.com\\\/privacy-policy\\\/\",\"name\":\"Privacy Policy\",\"isPartOf\":{\"@id\":\"https:\\\/\\\/kpattorney.com\\\/#website\"},\"primaryImageOfPage\":{\"@id\":\"https:\\\/\\\/kpattorney.com\\\/privacy-policy\\\/#primaryimage\"},\"image\":{\"@id\":\"https:\\\/\\\/kpattorney.com\\\/privacy-policy\\\/#primaryimage\"},\"thumbnailUrl\":\"https:\\\/\\\/kpattorney.com\\\/wp-content\\\/uploads\\\/2018\\\/07\\\/About-Header-opt-1-scaled.jpg\",\"datePublished\":\"2018-07-24T17:10:48+00:00\",\"dateModified\":\"2024-10-16T15:15:20+00:00\",\"description\":\"Privacy Policy | Kanner &amp; Pintaluga\",\"breadcrumb\":{\"@id\":\"https:\\\/\\\/kpattorney.com\\\/privacy-policy\\\/#breadcrumb\"},\"inLanguage\":\"es\",\"potentialAction\":[{\"@type\":\"ReadAction\",\"target\":[\"https:\\\/\\\/kpattorney.com\\\/privacy-policy\\\/\"]}]},{\"@type\":\"ImageObject\",\"inLanguage\":\"es\",\"@id\":\"https:\\\/\\\/kpattorney.com\\\/privacy-policy\\\/#primaryimage\",\"url\":\"https:\\\/\\\/kpattorney.com\\\/wp-content\\\/uploads\\\/2018\\\/07\\\/About-Header-opt-1-scaled.jpg\",\"contentUrl\":\"https:\\\/\\\/kpattorney.com\\\/wp-content\\\/uploads\\\/2018\\\/07\\\/About-Header-opt-1-scaled.jpg\",\"width\":2048,\"height\":569},{\"@type\":\"BreadcrumbList\",\"@id\":\"https:\\\/\\\/kpattorney.com\\\/privacy-policy\\\/#breadcrumb\",\"itemListElement\":[{\"@type\":\"ListItem\",\"position\":1,\"name\":\"Home\",\"item\":\"https:\\\/\\\/kpattorney.com\\\/\"},{\"@type\":\"ListItem\",\"position\":2,\"name\":\"Privacy Policy\"}]},{\"@type\":\"WebSite\",\"@id\":\"https:\\\/\\\/kpattorney.com\\\/#website\",\"url\":\"https:\\\/\\\/kpattorney.com\\\/\",\"name\":\"Kanner &amp; Pintaluga\",\"description\":\"\",\"publisher\":{\"@id\":\"https:\\\/\\\/kpattorney.com\\\/#organization\"},\"potentialAction\":[{\"@type\":\"SearchAction\",\"target\":{\"@type\":\"EntryPoint\",\"urlTemplate\":\"https:\\\/\\\/kpattorney.com\\\/?s={search_term_string}\"},\"query-input\":{\"@type\":\"PropertyValueSpecification\",\"valueRequired\":true,\"valueName\":\"search_term_string\"}}],\"inLanguage\":\"es\"},{\"@type\":\"Organization\",\"@id\":\"https:\\\/\\\/kpattorney.com\\\/#organization\",\"name\":\"Kanner & Pintaluga\",\"url\":\"https:\\\/\\\/kpattorney.com\\\/\",\"logo\":{\"@type\":\"ImageObject\",\"inLanguage\":\"es\",\"@id\":\"https:\\\/\\\/kpattorney.com\\\/#\\\/schema\\\/logo\\\/image\\\/\",\"url\":\"https:\\\/\\\/kpattorney.com\\\/wp-content\\\/uploads\\\/2022\\\/07\\\/newresizedkplogo.png\",\"contentUrl\":\"https:\\\/\\\/kpattorney.com\\\/wp-content\\\/uploads\\\/2022\\\/07\\\/newresizedkplogo.png\",\"width\":450,\"height\":94,\"caption\":\"Kanner & Pintaluga\"},\"image\":{\"@id\":\"https:\\\/\\\/kpattorney.com\\\/#\\\/schema\\\/logo\\\/image\\\/\"},\"sameAs\":[\"https:\\\/\\\/www.facebook.com\\\/kpattorney\",\"https:\\\/\\\/x.com\\\/kpattorney\",\"https:\\\/\\\/www.instagram.com\\\/kpattorney\\\/\",\"https:\\\/\\\/www.linkedin.com\\\/company\\\/kpattorney\\\/\"]}]}<\/script>\n<!-- \/ Yoast SEO plugin. -->","yoast_head_json":{"title":"Pol\u00edtica de Privacidad","description":"Pol\u00edtica de privacidad | Kanner &amp; Pintaluga","robots":{"index":"noindex","follow":"follow"},"og_locale":"es_MX","og_type":"article","og_title":"Privacy Policy","og_description":"Privacy Policy | Kanner &amp; Pintaluga","og_url":"https:\/\/kpattorney.com\/es\/privacy-policy\/","og_site_name":"Kanner &amp; Pintaluga","article_publisher":"https:\/\/www.facebook.com\/kpattorney","article_modified_time":"2024-10-16T15:15:20+00:00","og_image":[{"width":2048,"height":569,"url":"https:\/\/kpattorney.com\/wp-content\/uploads\/2018\/07\/About-Header-opt-1-scaled.jpg","type":"image\/jpeg"}],"twitter_misc":{"Tiempo de lectura":"3 minutos"},"schema":{"@context":"https:\/\/schema.org","@graph":[{"@type":"WebPage","@id":"https:\/\/kpattorney.com\/privacy-policy\/","url":"https:\/\/kpattorney.com\/privacy-policy\/","name":"Pol\u00edtica de Privacidad","isPartOf":{"@id":"https:\/\/kpattorney.com\/#website"},"primaryImageOfPage":{"@id":"https:\/\/kpattorney.com\/privacy-policy\/#primaryimage"},"image":{"@id":"https:\/\/kpattorney.com\/privacy-policy\/#primaryimage"},"thumbnailUrl":"https:\/\/kpattorney.com\/wp-content\/uploads\/2018\/07\/About-Header-opt-1-scaled.jpg","datePublished":"2018-07-24T17:10:48+00:00","dateModified":"2024-10-16T15:15:20+00:00","description":"Pol\u00edtica de privacidad | Kanner &amp; Pintaluga","breadcrumb":{"@id":"https:\/\/kpattorney.com\/privacy-policy\/#breadcrumb"},"inLanguage":"es","potentialAction":[{"@type":"ReadAction","target":["https:\/\/kpattorney.com\/privacy-policy\/"]}]},{"@type":"ImageObject","inLanguage":"es","@id":"https:\/\/kpattorney.com\/privacy-policy\/#primaryimage","url":"https:\/\/kpattorney.com\/wp-content\/uploads\/2018\/07\/About-Header-opt-1-scaled.jpg","contentUrl":"https:\/\/kpattorney.com\/wp-content\/uploads\/2018\/07\/About-Header-opt-1-scaled.jpg","width":2048,"height":569},{"@type":"BreadcrumbList","@id":"https:\/\/kpattorney.com\/privacy-policy\/#breadcrumb","itemListElement":[{"@type":"ListItem","position":1,"name":"Home","item":"https:\/\/kpattorney.com\/"},{"@type":"ListItem","position":2,"name":"Privacy Policy"}]},{"@type":"WebSite","@id":"https:\/\/kpattorney.com\/#website","url":"https:\/\/kpattorney.com\/","name":"Kanner y Pintaluga","description":"","publisher":{"@id":"https:\/\/kpattorney.com\/#organization"},"potentialAction":[{"@type":"SearchAction","target":{"@type":"EntryPoint","urlTemplate":"https:\/\/kpattorney.com\/?s={search_term_string}"},"query-input":{"@type":"PropertyValueSpecification","valueRequired":true,"valueName":"search_term_string"}}],"inLanguage":"es"},{"@type":"Organization","@id":"https:\/\/kpattorney.com\/#organization","name":"Kanner y Pintaluga","url":"https:\/\/kpattorney.com\/","logo":{"@type":"ImageObject","inLanguage":"es","@id":"https:\/\/kpattorney.com\/#\/schema\/logo\/image\/","url":"https:\/\/kpattorney.com\/wp-content\/uploads\/2022\/07\/newresizedkplogo.png","contentUrl":"https:\/\/kpattorney.com\/wp-content\/uploads\/2022\/07\/newresizedkplogo.png","width":450,"height":94,"caption":"Kanner & Pintaluga"},"image":{"@id":"https:\/\/kpattorney.com\/#\/schema\/logo\/image\/"},"sameAs":["https:\/\/www.facebook.com\/kpattorney","https:\/\/x.com\/kpattorney","https:\/\/www.instagram.com\/kpattorney\/","https:\/\/www.linkedin.com\/company\/kpattorney\/"]}]}},"_links":{"self":[{"href":"https:\/\/kpattorney.com\/es\/wp-json\/wp\/v2\/pages\/1343","targetHints":{"allow":["GET"]}}],"collection":[{"href":"https:\/\/kpattorney.com\/es\/wp-json\/wp\/v2\/pages"}],"about":[{"href":"https:\/\/kpattorney.com\/es\/wp-json\/wp\/v2\/types\/page"}],"author":[{"embeddable":true,"href":"https:\/\/kpattorney.com\/es\/wp-json\/wp\/v2\/users\/17"}],"replies":[{"embeddable":true,"href":"https:\/\/kpattorney.com\/es\/wp-json\/wp\/v2\/comments?post=1343"}],"version-history":[{"count":0,"href":"https:\/\/kpattorney.com\/es\/wp-json\/wp\/v2\/pages\/1343\/revisions"}],"wp:featuredmedia":[{"embeddable":true,"href":"https:\/\/kpattorney.com\/es\/wp-json\/wp\/v2\/media\/1315"}],"wp:attachment":[{"href":"https:\/\/kpattorney.com\/es\/wp-json\/wp\/v2\/media?parent=1343"}],"curies":[{"name":"wp","href":"https:\/\/api.w.org\/{rel}","templated":true}]}}