{"id":12171,"date":"2023-03-02T22:22:27","date_gmt":"2023-03-02T22:22:27","guid":{"rendered":"https:\/\/kpattorney.com\/?page_id=12171"},"modified":"2026-03-03T05:33:50","modified_gmt":"2026-03-03T10:33:50","slug":"indiana","status":"publish","type":"page","link":"https:\/\/kpattorney.com\/es\/offices\/indiana\/","title":{"rendered":"Oficina Legal de Indiana"},"content":{"rendered":"<div class=\"wpb-content-wrapper\"><div class=\"vc_row wpb_row vc_row-fluid\"><div class=\"wpb_column vc_column_container vc_col-sm-12\"><div class=\"vc_column-inner\"><div class=\"wpb_wrapper\"><div class=\"vc_empty_space\"   style=\"height: 20px\"><span class=\"vc_empty_space_inner\"><\/span><\/div>\n\t<div class=\"wpb_text_column wpb_content_element\" >\n\t\t<div class=\"wpb_wrapper\">\n\t\t\t<h2><strong>Abogados de lesiones personales de Indiana que representan a personas lesionadas en resbalones, ca\u00eddas y accidentes automovil\u00edsticos<\/strong><\/h2>\n<p>\u00bfUsted o un miembro de su familia ha sufrido una lesi\u00f3n grave en un accidente automovil\u00edstico, un accidente laboral o un resbal\u00f3n y ca\u00edda en Indiana? Los abogados de lesiones personales de Kanner &amp; Pintaluga tienen d\u00e9cadas de experiencia combinada representando a personas que han resultado lesionadas debido a la negligencia de otra persona. Nuestros abogados de Indiana est\u00e1n listos para ayudarlo en todo lo que podamos.<\/p>\n<ul>\n<li><a href=\"https:\/\/kpattorney.com\/es\/offices\/indiana\/indianapolis\/\">Indian\u00e1polis<\/a><\/li>\n<\/ul>\n\n\t\t<\/div>\n\t<\/div>\n<div class=\"vc_empty_space\"   style=\"height: 20px\"><span class=\"vc_empty_space_inner\"><\/span><\/div><\/div><\/div><\/div><\/div><div data-vc-full-width=\"true\" data-vc-full-width-temp=\"true\" data-vc-full-width-init=\"false\" data-vc-stretch-content=\"true\" class=\"vc_row wpb_row vc_row-fluid vc_custom_1564505912953 vc_row-has-fill\"><div class=\"wpb_column vc_column_container vc_col-sm-6 vc_col-has-fill\"><div class=\"vc_column-inner vc_custom_1672876875888\"><div class=\"wpb_wrapper\"><\/div><\/div><\/div><div class=\"about wpb_column vc_column_container vc_col-sm-6\"><div class=\"vc_column-inner\"><div class=\"wpb_wrapper\">\n\t<div class=\"wpb_text_column wpb_content_element vc_custom_1762279195196\" >\n\t\t<div class=\"wpb_wrapper\">\n\t\t\t<h2><strong>Obtenga ayuda con su caso de lesiones en Indiana<\/strong><\/h2>\n<p>Los abogados de lesiones personales de Indiana en Kanner y Pintaluga han estado en el negocio de lesiones personales durante muchos a\u00f1os. Han visto todo tipo de casos de lesiones personales y est\u00e1n muy familiarizados con la negociaci\u00f3n y las estrategias legales empleadas por <a href=\"https:\/\/kpattorney.com\/es\/personal-injury\/how-cases-work\/negotiating-with-insurance-companies\/\">compa\u00f1\u00edas de seguros<\/a>.<\/p>\n<p>Nuestros abogados saben c\u00f3mo contrarrestar estas t\u00e1cticas, desarrollar casos minuciosamente detallados y presentar argumentos convincentes en nombre de nuestros clientes. Si la compa\u00f1\u00eda de seguros se niega a llegar a un acuerdo por una cantidad justa, haremos todo lo que est\u00e9 a nuestro alcance legal para probar su caso ante un juez y un jurado.<\/p>\n\n\t\t<\/div>\n\t<\/div>\n<\/div><\/div><\/div><\/div><div class=\"vc_row-full-width vc_clearfix\"><\/div><div class=\"vc_row wpb_row vc_row-fluid\"><div class=\"wpb_column vc_column_container vc_col-sm-12\"><div class=\"vc_column-inner\"><div class=\"wpb_wrapper\"><div class=\"vc_empty_space\"   style=\"height: 20px\"><span class=\"vc_empty_space_inner\"><\/span><\/div>\n\t<div class=\"wpb_text_column wpb_content_element\" >\n\t\t<div class=\"wpb_wrapper\">\n\t\t\t<h2><strong>Abogados de lesiones personales dedicados a ayudar a las personas en Indiana <\/strong><\/h2>\n<p>Nada puede arruinar m\u00e1s su vida y la de su familia como una emergencia m\u00e9dica inesperada. Las lesiones a menudo hacen que las personas se sientan vulnerables y abrumadas. La vida ya es bastante ocupada y dif\u00edcil: verse obligado a hacer frente a problemas de salud graves a\u00f1ade una carga siempre desagradable.<\/p>\n<p>El simple inconveniente de las lesiones no es el \u00fanico problema que enfrentan las personas lesionadas en accidentes automovil\u00edsticos, accidentes laborales, resbalones y ca\u00eddas y otros tipos de accidentes de responsabilidad local. Tambi\u00e9n est\u00e1 la cuesti\u00f3n del dinero.<\/p>\n<p>Muchas personas en Indiana tienen deducibles altos o simplemente carecen de la cobertura de atenci\u00f3n m\u00e9dica necesaria para pagar adecuadamente todos los tratamientos m\u00e9dicos y la rehabilitaci\u00f3n que puedan necesitar despu\u00e9s de un accidente.<\/p>\n<p>\u00bfY por qu\u00e9 deber\u00eda verse obligado a pagar por las lesiones que sufri\u00f3 debido al descuido de otra persona?<\/p>\n<p>La verdad fundamental es que no deber\u00eda pagar por esas lesiones. La persona responsable y su compa\u00f1\u00eda de seguros deben pagar la factura de todos los tratamientos m\u00e9dicos, salarios perdidos y el dolor y sufrimiento que haya sufrido debido a las lesiones que caus\u00f3.<\/p>\n<p>Desafortunadamente, las compa\u00f1\u00edas de seguros no siempre son altruistas en su enfoque hacia las v\u00edctimas de lesiones. Su objetivo fundamental, como empresas, es ganar dinero. Cada reclamo que pagan es una p\u00e9rdida para ellos.<\/p>\n<p>Es por eso que las aseguradoras a menudo intentan culpar a la persona lesionada por el accidente, encuentran alg\u00fan vac\u00edo legal en el contrato, amenazan con llevar a la persona lesionada a los tribunales o utilizan su ej\u00e9rcito de ajustadores de reclamos y abogados para intimidar a las personas lesionadas durante las negociaciones. Su objetivo es convencer a los heridos de que se conformen con menos de lo que merecen.<\/p>\n<p>Ellos te conocen:<\/p>\n<ul>\n<li>Es probable que est\u00e9 sin trabajo debido a su lesi\u00f3n.<\/li>\n<li>Necesita dinero para cubrir su deducible m\u00e1s todos sus gastos de vida normales.<\/li>\n<li>Es posible que necesite dinero para reemplazar o reparar su veh\u00edculo si result\u00f3 da\u00f1ado en un accidente.<\/li>\n<\/ul>\n<p>Las personas lesionadas suelen verse en malas situaciones econ\u00f3micas debido a accidentes graves. A la compa\u00f1\u00eda de seguros le gusta aprovechar la desesperaci\u00f3n de la v\u00edctima de lesiones personales durante las negociaciones. Asumen que usted necesita dinero lo antes posible y probablemente no tenga los medios para luchar eficazmente contra ellos en el \u00e1mbito legal.<\/p>\n<p>Ah\u00ed es donde entran en juego los abogados de lesiones personales de Kanner &amp; Pintaluga en Indiana. Nuestros abogados han dedicado sus carreras a lograr que las personas lesionadas obtengan la compensaci\u00f3n que merecen despu\u00e9s de las lesiones.<\/p>\n<p>Enfrentarse a las compa\u00f1\u00edas de seguros no siempre es f\u00e1cil. Estas empresas son justificadamente intimidantes: tienen mucho dinero y cientos de ajustadores de reclamaciones, negociadores profesionales y abogados.<\/p>\n<p>Nuestros abogados tienen algo igualmente valioso: una causa justa, adem\u00e1s de expertos m\u00e9dicos, profesionales de recreaci\u00f3n de accidentes y d\u00e9cadas de experiencia.<\/p>\n\n\t\t<\/div>\n\t<\/div>\n<\/div><\/div><\/div><\/div><div class=\"vc_row wpb_row vc_row-fluid\"><div class=\"wpb_column vc_column_container vc_col-sm-12\"><div class=\"vc_column-inner\"><div class=\"wpb_wrapper\"><div class=\"vc_empty_space\"   style=\"height: 32px\"><span class=\"vc_empty_space_inner\"><\/span><\/div>\n\t<div class=\"wpb_text_column wpb_content_element\" >\n\t\t<div class=\"wpb_wrapper\">\n\t\t\t<div class=\"wpb_text_column wpb_content_element\">\n<div class=\"wpb_wrapper\">\n<h2 style=\"text-align: center;\"><strong>Ubicaciones de las oficinas de Indiana<\/strong><\/h2>\n<\/div>\n<\/div>\n\n\t\t<\/div>\n\t<\/div>\n<div class=\"vc_empty_space\"   style=\"height: 15px\"><span class=\"vc_empty_space_inner\"><\/span><\/div><\/div><\/div><\/div><\/div><div class=\"vc_row wpb_row vc_row-fluid\"><div class=\"wpb_column vc_column_container vc_col-sm-4\"><div class=\"vc_column-inner\"><div class=\"wpb_wrapper\"><div class=\"wpb_gmaps_widget wpb_content_element\"><div class=\"wpb_wrapper\"><div class=\"wpb_map_wraper\"><iframe src=\"https:\/\/www.google.com\/maps\/embed?pb=!1m18!1m12!1m3!1d3060.09604488126!2d-86.11096188402988!3d39.916866793810556!2m3!1f0!2f0!3f0!3m2!1i1024!2i768!4f13.1!3m3!1m2!1s0x8814ad4ca66aaaab%3A0x2f9810fe6ca0503b!2s8888%20Keystone%20Crossing%20STE%201300%2C%20Indianapolis%2C%20IN%2046240!5e0!3m2!1sen!2sus!4v1677795596809!5m2!1sen!2sus\" width=\"400\" height=\"300\" style=\"border:0;\" allowfullscreen=\"\" loading=\"lazy\" referrerpolicy=\"no-referrer-when-downgrade\"><\/iframe><\/div><\/div><\/div>\n\t<div class=\"wpb_text_column wpb_content_element\" >\n\t\t<div class=\"wpb_wrapper\">\n\t\t\t<h4><strong>Indian\u00e1polis<\/strong><\/h4>\n<p>8888 Cruce Keystone<br \/>\nhabitaci\u00f3n 1300<br \/>\nIndian\u00e1polis, IN 46240<\/p>\n<p><i class=\"fas fa-envelope\"><\/i> <a href=\"https:\/\/kpattorney.com\/es\/contact-us\/\">Cont\u00e1ctenos<\/a><\/p>\n<p><i class=\"fas fa-phone\"><\/i> (317) 643-2591<\/p>\n<p><em>* Disponible solo con cita previa<\/em><\/p>\n\n\t\t<\/div>\n\t<\/div>\n<\/div><\/div><\/div><div class=\"wpb_column vc_column_container vc_col-sm-4\"><div class=\"vc_column-inner\"><div class=\"wpb_wrapper\"><\/div><\/div><\/div><div class=\"wpb_column vc_column_container vc_col-sm-4\"><div class=\"vc_column-inner\"><div class=\"wpb_wrapper\"><\/div><\/div><\/div><\/div><div data-vc-full-width=\"true\" data-vc-full-width-temp=\"true\" data-vc-full-width-init=\"false\" class=\"vc_row wpb_row vc_row-fluid vc_custom_1526501451452 vc_row-has-fill\"><div class=\"wpb_column vc_column_container vc_col-sm-12\"><div class=\"vc_column-inner\"><div class=\"wpb_wrapper\">\n\t<div class=\"wpb_text_column wpb_content_element vc_custom_1672876801214 practice-areas-mid-cta\" >\n\t\t<div class=\"wpb_wrapper\">\n\t\t\t<h3 style=\"text-align: center;\"><strong><span style=\"color: #ffffff;\">Ll\u00e1menos al (800) 586-5555 para programar su consulta inicial gratuita con un abogado de lesiones personales de Kanner &amp; Pintaluga en Colorado. <\/span><\/strong><\/h3>\n\n\t\t<\/div>\n\t<\/div>\n<\/div><\/div><\/div><\/div><div class=\"vc_row-full-width vc_clearfix\"><\/div>\n<\/div>","protected":false},"excerpt":{"rendered":"Indiana Personal Injury Lawyers Representing People Injured in Slip and Falls and Car Crashes Have you or a family member suffered a serious injury in a<span class=\"excerpt-hellip\"> [\u2026]<\/span>","protected":false},"author":17,"featured_media":12177,"parent":13198,"menu_order":0,"comment_status":"closed","ping_status":"closed","template":"","meta":{"_acf_changed":false,"footnotes":""},"class_list":["post-12171","page","type-page","status-publish","has-post-thumbnail","hentry"],"acf":[],"yoast_head":"<!-- This site is optimized with the Yoast SEO plugin v27.3 - https:\/\/yoast.com\/product\/yoast-seo-wordpress\/ -->\n<title>Indiana Personal Injury &amp; Property Damage Lawyers<\/title>\n<meta name=\"description\" content=\"Legal representation for personal injury and property damage cases in Indiana. Kanner &amp; Pintaluga ensures your rights are protected.\" \/>\n<meta name=\"robots\" content=\"index, follow, max-snippet:-1, max-image-preview:large, max-video-preview:-1\" \/>\n<link rel=\"canonical\" href=\"https:\/\/kpattorney.com\/es\/offices\/indiana\/\" \/>\n<meta property=\"og:locale\" content=\"es_MX\" \/>\n<meta property=\"og:type\" content=\"article\" \/>\n<meta property=\"og:title\" content=\"Indiana Personal Injury &amp; Property Damage Lawyers\" \/>\n<meta property=\"og:description\" content=\"Legal representation for personal injury and property damage cases in Indiana. Kanner &amp; Pintaluga ensures your rights are protected.\" \/>\n<meta property=\"og:url\" content=\"https:\/\/kpattorney.com\/es\/offices\/indiana\/\" \/>\n<meta property=\"og:site_name\" content=\"Kanner &amp; Pintaluga\" \/>\n<meta property=\"article:publisher\" content=\"https:\/\/www.facebook.com\/kpattorney\" \/>\n<meta property=\"article:modified_time\" content=\"2026-03-03T10:33:50+00:00\" \/>\n<meta property=\"og:image\" content=\"https:\/\/kpattorney.com\/wp-content\/uploads\/2023\/03\/indy4.jpg\" \/>\n\t<meta property=\"og:image:width\" content=\"1800\" \/>\n\t<meta property=\"og:image:height\" content=\"776\" \/>\n\t<meta property=\"og:image:type\" content=\"image\/jpeg\" \/>\n<meta name=\"twitter:label1\" content=\"Tiempo de lectura\" \/>\n\t<meta name=\"twitter:data1\" content=\"4 minutos\" \/>\n<script type=\"application\/ld+json\" class=\"yoast-schema-graph\">{\"@context\":\"https:\\\/\\\/schema.org\",\"@graph\":[{\"@type\":\"WebPage\",\"@id\":\"https:\\\/\\\/kpattorney.com\\\/offices\\\/indiana\\\/\",\"url\":\"https:\\\/\\\/kpattorney.com\\\/offices\\\/indiana\\\/\",\"name\":\"Indiana Personal Injury & Property Damage Lawyers\",\"isPartOf\":{\"@id\":\"https:\\\/\\\/kpattorney.com\\\/#website\"},\"primaryImageOfPage\":{\"@id\":\"https:\\\/\\\/kpattorney.com\\\/offices\\\/indiana\\\/#primaryimage\"},\"image\":{\"@id\":\"https:\\\/\\\/kpattorney.com\\\/offices\\\/indiana\\\/#primaryimage\"},\"thumbnailUrl\":\"https:\\\/\\\/kpattorney.com\\\/wp-content\\\/uploads\\\/2023\\\/03\\\/indy4.jpg\",\"datePublished\":\"2023-03-02T22:22:27+00:00\",\"dateModified\":\"2026-03-03T10:33:50+00:00\",\"description\":\"Legal representation for personal injury and property damage cases in Indiana. Kanner & Pintaluga ensures your rights are protected.\",\"breadcrumb\":{\"@id\":\"https:\\\/\\\/kpattorney.com\\\/offices\\\/indiana\\\/#breadcrumb\"},\"inLanguage\":\"es\",\"potentialAction\":[{\"@type\":\"ReadAction\",\"target\":[\"https:\\\/\\\/kpattorney.com\\\/offices\\\/indiana\\\/\"]}]},{\"@type\":\"ImageObject\",\"inLanguage\":\"es\",\"@id\":\"https:\\\/\\\/kpattorney.com\\\/offices\\\/indiana\\\/#primaryimage\",\"url\":\"https:\\\/\\\/kpattorney.com\\\/wp-content\\\/uploads\\\/2023\\\/03\\\/indy4.jpg\",\"contentUrl\":\"https:\\\/\\\/kpattorney.com\\\/wp-content\\\/uploads\\\/2023\\\/03\\\/indy4.jpg\",\"width\":1800,\"height\":776},{\"@type\":\"BreadcrumbList\",\"@id\":\"https:\\\/\\\/kpattorney.com\\\/offices\\\/indiana\\\/#breadcrumb\",\"itemListElement\":[{\"@type\":\"ListItem\",\"position\":1,\"name\":\"Home\",\"item\":\"https:\\\/\\\/kpattorney.com\\\/\"},{\"@type\":\"ListItem\",\"position\":2,\"name\":\"Personal Injury &#038; Property Damage Law Offices\",\"item\":\"https:\\\/\\\/kpattorney.com\\\/offices\\\/\"},{\"@type\":\"ListItem\",\"position\":3,\"name\":\"Indiana Law Office\"}]},{\"@type\":\"WebSite\",\"@id\":\"https:\\\/\\\/kpattorney.com\\\/#website\",\"url\":\"https:\\\/\\\/kpattorney.com\\\/\",\"name\":\"Kanner &amp; Pintaluga\",\"description\":\"\",\"publisher\":{\"@id\":\"https:\\\/\\\/kpattorney.com\\\/#organization\"},\"potentialAction\":[{\"@type\":\"SearchAction\",\"target\":{\"@type\":\"EntryPoint\",\"urlTemplate\":\"https:\\\/\\\/kpattorney.com\\\/?s={search_term_string}\"},\"query-input\":{\"@type\":\"PropertyValueSpecification\",\"valueRequired\":true,\"valueName\":\"search_term_string\"}}],\"inLanguage\":\"es\"},{\"@type\":\"Organization\",\"@id\":\"https:\\\/\\\/kpattorney.com\\\/#organization\",\"name\":\"Kanner & Pintaluga\",\"url\":\"https:\\\/\\\/kpattorney.com\\\/\",\"logo\":{\"@type\":\"ImageObject\",\"inLanguage\":\"es\",\"@id\":\"https:\\\/\\\/kpattorney.com\\\/#\\\/schema\\\/logo\\\/image\\\/\",\"url\":\"https:\\\/\\\/kpattorney.com\\\/wp-content\\\/uploads\\\/2022\\\/07\\\/newresizedkplogo.png\",\"contentUrl\":\"https:\\\/\\\/kpattorney.com\\\/wp-content\\\/uploads\\\/2022\\\/07\\\/newresizedkplogo.png\",\"width\":450,\"height\":94,\"caption\":\"Kanner & Pintaluga\"},\"image\":{\"@id\":\"https:\\\/\\\/kpattorney.com\\\/#\\\/schema\\\/logo\\\/image\\\/\"},\"sameAs\":[\"https:\\\/\\\/www.facebook.com\\\/kpattorney\",\"https:\\\/\\\/x.com\\\/kpattorney\",\"https:\\\/\\\/www.instagram.com\\\/kpattorney\\\/\",\"https:\\\/\\\/www.linkedin.com\\\/company\\\/kpattorney\\\/\"]}]}<\/script>\n<!-- \/ Yoast SEO plugin. -->","yoast_head_json":{"title":"Abogados de Indiana de lesiones personales y da\u00f1os a la propiedad","description":"Representaci\u00f3n legal para casos de lesiones personales y da\u00f1os a la propiedad en Indiana. Kanner &amp; Pintaluga asegura que sus derechos est\u00e1n protegidos.","robots":{"index":"index","follow":"follow","max-snippet":"max-snippet:-1","max-image-preview":"max-image-preview:large","max-video-preview":"max-video-preview:-1"},"canonical":"https:\/\/kpattorney.com\/es\/offices\/indiana\/","og_locale":"es_MX","og_type":"article","og_title":"Indiana Personal Injury & Property Damage Lawyers","og_description":"Legal representation for personal injury and property damage cases in Indiana. Kanner & Pintaluga ensures your rights are protected.","og_url":"https:\/\/kpattorney.com\/es\/offices\/indiana\/","og_site_name":"Kanner &amp; Pintaluga","article_publisher":"https:\/\/www.facebook.com\/kpattorney","article_modified_time":"2026-03-03T10:33:50+00:00","og_image":[{"width":1800,"height":776,"url":"https:\/\/kpattorney.com\/wp-content\/uploads\/2023\/03\/indy4.jpg","type":"image\/jpeg"}],"twitter_misc":{"Tiempo de lectura":"4 minutos"},"schema":{"@context":"https:\/\/schema.org","@graph":[{"@type":"WebPage","@id":"https:\/\/kpattorney.com\/offices\/indiana\/","url":"https:\/\/kpattorney.com\/offices\/indiana\/","name":"Abogados de Indiana de lesiones personales y da\u00f1os a la propiedad","isPartOf":{"@id":"https:\/\/kpattorney.com\/#website"},"primaryImageOfPage":{"@id":"https:\/\/kpattorney.com\/offices\/indiana\/#primaryimage"},"image":{"@id":"https:\/\/kpattorney.com\/offices\/indiana\/#primaryimage"},"thumbnailUrl":"https:\/\/kpattorney.com\/wp-content\/uploads\/2023\/03\/indy4.jpg","datePublished":"2023-03-02T22:22:27+00:00","dateModified":"2026-03-03T10:33:50+00:00","description":"Representaci\u00f3n legal para casos de lesiones personales y da\u00f1os a la propiedad en Indiana. Kanner &amp; Pintaluga asegura que sus derechos est\u00e1n protegidos.","breadcrumb":{"@id":"https:\/\/kpattorney.com\/offices\/indiana\/#breadcrumb"},"inLanguage":"es","potentialAction":[{"@type":"ReadAction","target":["https:\/\/kpattorney.com\/offices\/indiana\/"]}]},{"@type":"ImageObject","inLanguage":"es","@id":"https:\/\/kpattorney.com\/offices\/indiana\/#primaryimage","url":"https:\/\/kpattorney.com\/wp-content\/uploads\/2023\/03\/indy4.jpg","contentUrl":"https:\/\/kpattorney.com\/wp-content\/uploads\/2023\/03\/indy4.jpg","width":1800,"height":776},{"@type":"BreadcrumbList","@id":"https:\/\/kpattorney.com\/offices\/indiana\/#breadcrumb","itemListElement":[{"@type":"ListItem","position":1,"name":"Home","item":"https:\/\/kpattorney.com\/"},{"@type":"ListItem","position":2,"name":"Personal Injury &#038; Property Damage Law Offices","item":"https:\/\/kpattorney.com\/offices\/"},{"@type":"ListItem","position":3,"name":"Indiana Law Office"}]},{"@type":"WebSite","@id":"https:\/\/kpattorney.com\/#website","url":"https:\/\/kpattorney.com\/","name":"Kanner y Pintaluga","description":"","publisher":{"@id":"https:\/\/kpattorney.com\/#organization"},"potentialAction":[{"@type":"SearchAction","target":{"@type":"EntryPoint","urlTemplate":"https:\/\/kpattorney.com\/?s={search_term_string}"},"query-input":{"@type":"PropertyValueSpecification","valueRequired":true,"valueName":"search_term_string"}}],"inLanguage":"es"},{"@type":"Organization","@id":"https:\/\/kpattorney.com\/#organization","name":"Kanner y Pintaluga","url":"https:\/\/kpattorney.com\/","logo":{"@type":"ImageObject","inLanguage":"es","@id":"https:\/\/kpattorney.com\/#\/schema\/logo\/image\/","url":"https:\/\/kpattorney.com\/wp-content\/uploads\/2022\/07\/newresizedkplogo.png","contentUrl":"https:\/\/kpattorney.com\/wp-content\/uploads\/2022\/07\/newresizedkplogo.png","width":450,"height":94,"caption":"Kanner & Pintaluga"},"image":{"@id":"https:\/\/kpattorney.com\/#\/schema\/logo\/image\/"},"sameAs":["https:\/\/www.facebook.com\/kpattorney","https:\/\/x.com\/kpattorney","https:\/\/www.instagram.com\/kpattorney\/","https:\/\/www.linkedin.com\/company\/kpattorney\/"]}]}},"_links":{"self":[{"href":"https:\/\/kpattorney.com\/es\/wp-json\/wp\/v2\/pages\/12171","targetHints":{"allow":["GET"]}}],"collection":[{"href":"https:\/\/kpattorney.com\/es\/wp-json\/wp\/v2\/pages"}],"about":[{"href":"https:\/\/kpattorney.com\/es\/wp-json\/wp\/v2\/types\/page"}],"author":[{"embeddable":true,"href":"https:\/\/kpattorney.com\/es\/wp-json\/wp\/v2\/users\/17"}],"replies":[{"embeddable":true,"href":"https:\/\/kpattorney.com\/es\/wp-json\/wp\/v2\/comments?post=12171"}],"version-history":[{"count":0,"href":"https:\/\/kpattorney.com\/es\/wp-json\/wp\/v2\/pages\/12171\/revisions"}],"up":[{"embeddable":true,"href":"https:\/\/kpattorney.com\/es\/wp-json\/wp\/v2\/pages\/13198"}],"wp:featuredmedia":[{"embeddable":true,"href":"https:\/\/kpattorney.com\/es\/wp-json\/wp\/v2\/media\/12177"}],"wp:attachment":[{"href":"https:\/\/kpattorney.com\/es\/wp-json\/wp\/v2\/media?parent=12171"}],"curies":[{"name":"wp","href":"https:\/\/api.w.org\/{rel}","templated":true}]}}