{"id":11257,"date":"2022-08-10T20:58:24","date_gmt":"2022-08-10T20:58:24","guid":{"rendered":"https:\/\/kpattorney.com\/?page_id=11257"},"modified":"2022-08-10T21:21:21","modified_gmt":"2022-08-10T21:21:21","slug":"scholarship-program","status":"publish","type":"page","link":"https:\/\/kpattorney.com\/es\/scholarship-program\/","title":{"rendered":"Programa de becas"},"content":{"rendered":"<div class=\"wpb-content-wrapper\"><div class=\"vc_row wpb_row vc_row-fluid three-fifths\"><div class=\"wpb_column vc_column_container vc_col-sm-8\"><div class=\"vc_column-inner vc_custom_1532550507978\"><div class=\"wpb_wrapper\">\n\t<div class=\"wpb_text_column wpb_content_element\" >\n\t\t<div class=\"wpb_wrapper\">\n\t\t\t<h2><strong>Proudly Empowering Future Leaders and Professionals <\/strong><\/h2>\n<p>The attorneys at our law firm know firsthand the power of an education and the change it can bring about in an individual\u2019s life. We also understand how the rising cost of tuition is making it more difficult for many students to pursue the college or university degree they need to reach their professional goals.<\/p>\n<p>Every aspiring student has a story that is driving them to seek a better future, and we\u2019d love to hear yours. We encourage you to apply for our scholarship program and look forward to hearing what you seek to gain from an education.<\/p>\n<h4><strong>Essay<\/strong><\/h4>\n<p>Please write between 500 and 750 words explaining why a college education is important to you. Also let us know how you plan on using your scholarship funds.<\/p>\n<h4><strong>Application Guideline <\/strong><\/h4>\n<p>Please complete the form in its entirety and attach a PDF copy of your essay with your submission. Students attending accredited colleges and universities are eligible. Only current students or those registered for the upcoming semester should apply.<\/p>\n\n\t\t<\/div>\n\t<\/div>\n<\/div><\/div><\/div><div class=\"dark-bg wpb_column vc_column_container vc_col-sm-4\"><div class=\"vc_column-inner vc_custom_1660165031913\"><div class=\"wpb_wrapper\">\n\t<div class=\"wpb_text_column wpb_content_element wpb_animate_when_almost_visible wpb_fadeInRight fadeInRight\" >\n\t\t<div class=\"wpb_wrapper\">\n\t\t\t<h3 style=\"text-align: center;\"><span style=\"color: #ffffff;\"><strong>Scholarship Application Form<\/strong><\/span><\/h3>\n\n\t\t<\/div>\n\t<\/div>\n<div class=\"vc_empty_space\"   style=\"height: 20px\"><span class=\"vc_empty_space_inner\"><\/span><\/div>\n\t<div class=\"wpb_raw_code wpb_raw_js\" >\n\t\t<div class=\"wpb_wrapper\">\n\t\t\t<div id=\"wufoo-mk8j6y00rnhm7c\"> Fill out my <a href=\"https:\/\/glbroadcast.wufoo.com\/forms\/mk8j6y00rnhm7c\">online form<\/a>. <\/div> <script type=\"text\/javascript\"> var mk8j6y00rnhm7c; (function(d, t) { var s = d.createElement(t), options = { 'userName':'glbroadcast', 'formHash':'mk8j6y00rnhm7c', 'autoResize':true, 'height':'650', 'async':true, 'host':'wufoo.com', 'header':'hide', 'ssl':true }; s.src = ('https:' == d.location.protocol ?'https:\/\/':'http:\/\/') + 'secure.wufoo.com\/scripts\/embed\/form.js'; s.onload = s.onreadystatechange = function() { var rs = this.readyState; if (rs) if (rs != 'complete') if (rs != 'loaded') return; try { mk8j6y00rnhm7c = new WufooForm(); mk8j6y00rnhm7c.initialize(options); mk8j6y00rnhm7c.display(); } catch (e) { } }; var scr = d.getElementsByTagName(t)[0], par = scr.parentNode; par.insertBefore(s, scr); })(document, 'script'); <\/script>\n\t\t<\/div>\n\t<\/div>\n\n\t<div class=\"wpb_text_column wpb_content_element\" >\n\t\t<div class=\"wpb_wrapper\">\n\t\t\t<p><span style=\"color: #ffffff; font-size: 13px;\"><strong>Privacy Statement: <\/strong>Your personal information will not be used for marketing purposes or shared with any other entities or persons except where required for tax purposes.<\/span><\/p>\n\n\t\t<\/div>\n\t<\/div>\n<\/div><\/div><\/div><\/div><div class=\"vc_row wpb_row vc_row-fluid\"><div class=\"wpb_column vc_column_container vc_col-sm-12\"><div class=\"vc_column-inner\"><div class=\"wpb_wrapper\"><div class=\"vc_empty_space\"   style=\"height: 60px\"><span class=\"vc_empty_space_inner\"><\/span><\/div><\/div><\/div><\/div><\/div>\n<\/div>","protected":false},"excerpt":{"rendered":"Proudly Empowering Future Leaders and Professionals The attorneys at our law firm know firsthand the power of an education and the change it can bring about<span class=\"excerpt-hellip\"> [\u2026]<\/span>","protected":false},"author":17,"featured_media":11267,"parent":0,"menu_order":0,"comment_status":"closed","ping_status":"closed","template":"","meta":{"_acf_changed":false,"footnotes":""},"class_list":["post-11257","page","type-page","status-publish","has-post-thumbnail","hentry"],"acf":[],"yoast_head":"<!-- This site is optimized with the Yoast SEO plugin v27.3 - https:\/\/yoast.com\/product\/yoast-seo-wordpress\/ -->\n<title>Scholarship Program | Kanner &amp; Pintaluga<\/title>\n<meta name=\"description\" content=\"Kanner &amp; Pintaluga only fight for the rights of injured victims and their families. Our goal is to help achieve the most favorable outcomes..800.586.5555.\" \/>\n<meta name=\"robots\" content=\"index, follow, max-snippet:-1, max-image-preview:large, max-video-preview:-1\" \/>\n<link rel=\"canonical\" href=\"https:\/\/kpattorney.com\/es\/scholarship-program\/\" \/>\n<meta property=\"og:locale\" content=\"es_MX\" \/>\n<meta property=\"og:type\" content=\"article\" \/>\n<meta property=\"og:title\" content=\"Scholarship Program | Kanner &amp; Pintaluga\" \/>\n<meta property=\"og:description\" content=\"Kanner &amp; Pintaluga only fight for the rights of injured victims and their families. Our goal is to help achieve the most favorable outcomes..800.586.5555.\" \/>\n<meta property=\"og:url\" content=\"https:\/\/kpattorney.com\/es\/scholarship-program\/\" \/>\n<meta property=\"og:site_name\" content=\"Kanner &amp; Pintaluga\" \/>\n<meta property=\"article:publisher\" content=\"https:\/\/www.facebook.com\/kpattorney\" \/>\n<meta property=\"article:modified_time\" content=\"2022-08-10T21:21:21+00:00\" \/>\n<meta property=\"og:image\" content=\"https:\/\/kpattorney.com\/wp-content\/uploads\/2022\/08\/scholarshipheader2.jpg\" \/>\n\t<meta property=\"og:image:width\" content=\"1771\" \/>\n\t<meta property=\"og:image:height\" content=\"737\" \/>\n\t<meta property=\"og:image:type\" content=\"image\/jpeg\" \/>\n<meta name=\"twitter:label1\" content=\"Tiempo de lectura\" \/>\n\t<meta name=\"twitter:data1\" content=\"2 minutos\" \/>\n<script type=\"application\/ld+json\" class=\"yoast-schema-graph\">{\"@context\":\"https:\\\/\\\/schema.org\",\"@graph\":[{\"@type\":\"WebPage\",\"@id\":\"https:\\\/\\\/kpattorney.com\\\/scholarship-program\\\/\",\"url\":\"https:\\\/\\\/kpattorney.com\\\/scholarship-program\\\/\",\"name\":\"Scholarship Program | Kanner & Pintaluga\",\"isPartOf\":{\"@id\":\"https:\\\/\\\/kpattorney.com\\\/#website\"},\"primaryImageOfPage\":{\"@id\":\"https:\\\/\\\/kpattorney.com\\\/scholarship-program\\\/#primaryimage\"},\"image\":{\"@id\":\"https:\\\/\\\/kpattorney.com\\\/scholarship-program\\\/#primaryimage\"},\"thumbnailUrl\":\"https:\\\/\\\/kpattorney.com\\\/wp-content\\\/uploads\\\/2022\\\/08\\\/scholarshipheader2.jpg\",\"datePublished\":\"2022-08-10T20:58:24+00:00\",\"dateModified\":\"2022-08-10T21:21:21+00:00\",\"description\":\"Kanner & Pintaluga only fight for the rights of injured victims and their families. Our goal is to help achieve the most favorable outcomes..800.586.5555.\",\"breadcrumb\":{\"@id\":\"https:\\\/\\\/kpattorney.com\\\/scholarship-program\\\/#breadcrumb\"},\"inLanguage\":\"es\",\"potentialAction\":[{\"@type\":\"ReadAction\",\"target\":[\"https:\\\/\\\/kpattorney.com\\\/scholarship-program\\\/\"]}]},{\"@type\":\"ImageObject\",\"inLanguage\":\"es\",\"@id\":\"https:\\\/\\\/kpattorney.com\\\/scholarship-program\\\/#primaryimage\",\"url\":\"https:\\\/\\\/kpattorney.com\\\/wp-content\\\/uploads\\\/2022\\\/08\\\/scholarshipheader2.jpg\",\"contentUrl\":\"https:\\\/\\\/kpattorney.com\\\/wp-content\\\/uploads\\\/2022\\\/08\\\/scholarshipheader2.jpg\",\"width\":1771,\"height\":737},{\"@type\":\"BreadcrumbList\",\"@id\":\"https:\\\/\\\/kpattorney.com\\\/scholarship-program\\\/#breadcrumb\",\"itemListElement\":[{\"@type\":\"ListItem\",\"position\":1,\"name\":\"Home\",\"item\":\"https:\\\/\\\/kpattorney.com\\\/\"},{\"@type\":\"ListItem\",\"position\":2,\"name\":\"Scholarship Program\"}]},{\"@type\":\"WebSite\",\"@id\":\"https:\\\/\\\/kpattorney.com\\\/#website\",\"url\":\"https:\\\/\\\/kpattorney.com\\\/\",\"name\":\"Kanner &amp; Pintaluga\",\"description\":\"\",\"publisher\":{\"@id\":\"https:\\\/\\\/kpattorney.com\\\/#organization\"},\"potentialAction\":[{\"@type\":\"SearchAction\",\"target\":{\"@type\":\"EntryPoint\",\"urlTemplate\":\"https:\\\/\\\/kpattorney.com\\\/?s={search_term_string}\"},\"query-input\":{\"@type\":\"PropertyValueSpecification\",\"valueRequired\":true,\"valueName\":\"search_term_string\"}}],\"inLanguage\":\"es\"},{\"@type\":\"Organization\",\"@id\":\"https:\\\/\\\/kpattorney.com\\\/#organization\",\"name\":\"Kanner & Pintaluga\",\"url\":\"https:\\\/\\\/kpattorney.com\\\/\",\"logo\":{\"@type\":\"ImageObject\",\"inLanguage\":\"es\",\"@id\":\"https:\\\/\\\/kpattorney.com\\\/#\\\/schema\\\/logo\\\/image\\\/\",\"url\":\"https:\\\/\\\/kpattorney.com\\\/wp-content\\\/uploads\\\/2022\\\/07\\\/newresizedkplogo.png\",\"contentUrl\":\"https:\\\/\\\/kpattorney.com\\\/wp-content\\\/uploads\\\/2022\\\/07\\\/newresizedkplogo.png\",\"width\":450,\"height\":94,\"caption\":\"Kanner & Pintaluga\"},\"image\":{\"@id\":\"https:\\\/\\\/kpattorney.com\\\/#\\\/schema\\\/logo\\\/image\\\/\"},\"sameAs\":[\"https:\\\/\\\/www.facebook.com\\\/kpattorney\",\"https:\\\/\\\/x.com\\\/kpattorney\",\"https:\\\/\\\/www.instagram.com\\\/kpattorney\\\/\",\"https:\\\/\\\/www.linkedin.com\\\/company\\\/kpattorney\\\/\"]}]}<\/script>\n<!-- \/ Yoast SEO plugin. -->","yoast_head_json":{"title":"Programa de becas | Kanner &amp; Pintaluga","description":"Kanner &amp; Pintaluga s\u00f3lo luchan por los derechos de las v\u00edctimas lesionadas y sus familias. Nuestro objetivo es ayudar a lograr los resultados m\u00e1s favorables..800.586.5555.","robots":{"index":"index","follow":"follow","max-snippet":"max-snippet:-1","max-image-preview":"max-image-preview:large","max-video-preview":"max-video-preview:-1"},"canonical":"https:\/\/kpattorney.com\/es\/scholarship-program\/","og_locale":"es_MX","og_type":"article","og_title":"Scholarship Program | Kanner & Pintaluga","og_description":"Kanner & Pintaluga only fight for the rights of injured victims and their families. Our goal is to help achieve the most favorable outcomes..800.586.5555.","og_url":"https:\/\/kpattorney.com\/es\/scholarship-program\/","og_site_name":"Kanner &amp; Pintaluga","article_publisher":"https:\/\/www.facebook.com\/kpattorney","article_modified_time":"2022-08-10T21:21:21+00:00","og_image":[{"width":1771,"height":737,"url":"https:\/\/kpattorney.com\/wp-content\/uploads\/2022\/08\/scholarshipheader2.jpg","type":"image\/jpeg"}],"twitter_misc":{"Tiempo de lectura":"2 minutos"},"schema":{"@context":"https:\/\/schema.org","@graph":[{"@type":"WebPage","@id":"https:\/\/kpattorney.com\/scholarship-program\/","url":"https:\/\/kpattorney.com\/scholarship-program\/","name":"Programa de becas | Kanner &amp; Pintaluga","isPartOf":{"@id":"https:\/\/kpattorney.com\/#website"},"primaryImageOfPage":{"@id":"https:\/\/kpattorney.com\/scholarship-program\/#primaryimage"},"image":{"@id":"https:\/\/kpattorney.com\/scholarship-program\/#primaryimage"},"thumbnailUrl":"https:\/\/kpattorney.com\/wp-content\/uploads\/2022\/08\/scholarshipheader2.jpg","datePublished":"2022-08-10T20:58:24+00:00","dateModified":"2022-08-10T21:21:21+00:00","description":"Kanner &amp; Pintaluga s\u00f3lo luchan por los derechos de las v\u00edctimas lesionadas y sus familias. Nuestro objetivo es ayudar a lograr los resultados m\u00e1s favorables..800.586.5555.","breadcrumb":{"@id":"https:\/\/kpattorney.com\/scholarship-program\/#breadcrumb"},"inLanguage":"es","potentialAction":[{"@type":"ReadAction","target":["https:\/\/kpattorney.com\/scholarship-program\/"]}]},{"@type":"ImageObject","inLanguage":"es","@id":"https:\/\/kpattorney.com\/scholarship-program\/#primaryimage","url":"https:\/\/kpattorney.com\/wp-content\/uploads\/2022\/08\/scholarshipheader2.jpg","contentUrl":"https:\/\/kpattorney.com\/wp-content\/uploads\/2022\/08\/scholarshipheader2.jpg","width":1771,"height":737},{"@type":"BreadcrumbList","@id":"https:\/\/kpattorney.com\/scholarship-program\/#breadcrumb","itemListElement":[{"@type":"ListItem","position":1,"name":"Home","item":"https:\/\/kpattorney.com\/"},{"@type":"ListItem","position":2,"name":"Scholarship Program"}]},{"@type":"WebSite","@id":"https:\/\/kpattorney.com\/#website","url":"https:\/\/kpattorney.com\/","name":"Kanner y Pintaluga","description":"","publisher":{"@id":"https:\/\/kpattorney.com\/#organization"},"potentialAction":[{"@type":"SearchAction","target":{"@type":"EntryPoint","urlTemplate":"https:\/\/kpattorney.com\/?s={search_term_string}"},"query-input":{"@type":"PropertyValueSpecification","valueRequired":true,"valueName":"search_term_string"}}],"inLanguage":"es"},{"@type":"Organization","@id":"https:\/\/kpattorney.com\/#organization","name":"Kanner y Pintaluga","url":"https:\/\/kpattorney.com\/","logo":{"@type":"ImageObject","inLanguage":"es","@id":"https:\/\/kpattorney.com\/#\/schema\/logo\/image\/","url":"https:\/\/kpattorney.com\/wp-content\/uploads\/2022\/07\/newresizedkplogo.png","contentUrl":"https:\/\/kpattorney.com\/wp-content\/uploads\/2022\/07\/newresizedkplogo.png","width":450,"height":94,"caption":"Kanner & Pintaluga"},"image":{"@id":"https:\/\/kpattorney.com\/#\/schema\/logo\/image\/"},"sameAs":["https:\/\/www.facebook.com\/kpattorney","https:\/\/x.com\/kpattorney","https:\/\/www.instagram.com\/kpattorney\/","https:\/\/www.linkedin.com\/company\/kpattorney\/"]}]}},"_links":{"self":[{"href":"https:\/\/kpattorney.com\/es\/wp-json\/wp\/v2\/pages\/11257","targetHints":{"allow":["GET"]}}],"collection":[{"href":"https:\/\/kpattorney.com\/es\/wp-json\/wp\/v2\/pages"}],"about":[{"href":"https:\/\/kpattorney.com\/es\/wp-json\/wp\/v2\/types\/page"}],"author":[{"embeddable":true,"href":"https:\/\/kpattorney.com\/es\/wp-json\/wp\/v2\/users\/17"}],"replies":[{"embeddable":true,"href":"https:\/\/kpattorney.com\/es\/wp-json\/wp\/v2\/comments?post=11257"}],"version-history":[{"count":0,"href":"https:\/\/kpattorney.com\/es\/wp-json\/wp\/v2\/pages\/11257\/revisions"}],"wp:featuredmedia":[{"embeddable":true,"href":"https:\/\/kpattorney.com\/es\/wp-json\/wp\/v2\/media\/11267"}],"wp:attachment":[{"href":"https:\/\/kpattorney.com\/es\/wp-json\/wp\/v2\/media?parent=11257"}],"curies":[{"name":"wp","href":"https:\/\/api.w.org\/{rel}","templated":true}]}}