{"id":10321,"date":"2021-10-28T05:43:43","date_gmt":"2021-10-28T05:43:43","guid":{"rendered":"https:\/\/kpattorney.com\/?page_id=10321"},"modified":"2021-11-05T21:53:22","modified_gmt":"2021-11-05T21:53:22","slug":"professional-staff-listings","status":"publish","type":"page","link":"https:\/\/kpattorney.com\/es\/careers-old\/professional-staff-listings\/","title":{"rendered":"Carreras - Listados de personal profesional"},"content":{"rendered":"<div class=\"wpb-content-wrapper\"><div class=\"vc_row wpb_row vc_row-fluid\"><div class=\"wpb_column vc_column_container vc_col-sm-12\"><div class=\"vc_column-inner\"><div class=\"wpb_wrapper\"><div class=\"vc_empty_space\"   style=\"height: 32px\"><span class=\"vc_empty_space_inner\"><\/span><\/div><\/div><\/div><\/div><\/div><div class=\"vc_row wpb_row vc_row-fluid\"><div class=\"wpb_column vc_column_container vc_col-sm-8\"><div class=\"vc_column-inner vc_custom_1634872575442\"><div class=\"wpb_wrapper\">\n\t<div class=\"wpb_text_column wpb_content_element\" >\n\t\t<div class=\"wpb_wrapper\">\n\t\t\t<h2 style=\"font-size: 45px;\">Plazas vacantes para el personal profesional<\/h2>\n\n\t\t<\/div>\n\t<\/div>\n\n\t<div class=\"wpb_raw_code wpb_raw_html wpb_content_element\" >\n\t\t<div class=\"wpb_wrapper\">\n\t\t\t<script src=\"https:\/\/theapplicantmanager.com\/jobfeeds\/kb_professional_staff.js\"><\/script>\n\t\t<\/div>\n\t<\/div>\n<div class=\"vc_empty_space\"   style=\"height: 60px\"><span class=\"vc_empty_space_inner\"><\/span><\/div><\/div><\/div><\/div><div class=\"wpb_column vc_column_container vc_col-sm-4 vc_col-has-fill\"><div class=\"vc_column-inner vc_custom_1634874753344\"><div class=\"wpb_wrapper\">\n\t<div class=\"wpb_text_column wpb_content_element wpb_animate_when_almost_visible wpb_fadeInRight fadeInRight\" >\n\t\t<div class=\"wpb_wrapper\">\n\t\t\t<h3 style=\"text-align: center;\"><span style=\"color: #ffffff;\"><strong>Puestos vacantes<\/strong><\/span><\/h3>\n\n\t\t<\/div>\n\t<\/div>\n\n\t<div class=\"wpb_text_column wpb_content_element\" >\n\t\t<div class=\"wpb_wrapper\">\n\t\t\t<p><span style=\"color: #ffffff;\">Haga clic en los enlaces siguientes para ver las ofertas de empleo actuales y presentar su candidatura hoy mismo.<\/span><\/p>\n\n\t\t<\/div>\n\t<\/div>\n<div class=\"vc_btn3-container  wpb_animate_when_almost_visible wpb_fadeIn fadeIn vc_btn3-center vc_custom_1635399887861 vc_do_btn\" ><a class=\"vc_general vc_btn3 vc_btn3-size-md vc_btn3-shape-square vc_btn3-style-modern vc_btn3-block vc_btn3-icon-right vc_btn3-color-orange\" href=\"https:\/\/kpattorney.com\/es\/careers\/law-student-listings\/\" title=\"\">ESTUDIANTES DE DERECHO <i class=\"vc_btn3-icon fas fa-angle-right\"><\/i><\/a><\/div><div class=\"vc_btn3-container  wpb_animate_when_almost_visible wpb_fadeIn fadeIn vc_btn3-center vc_custom_1635399866168 vc_do_btn\" ><a class=\"vc_general vc_btn3 vc_btn3-size-md vc_btn3-shape-square vc_btn3-style-modern vc_btn3-block vc_btn3-icon-right vc_btn3-color-orange\" href=\"https:\/\/kpattorney.com\/es\/careers\/experienced-lawyers-listings\/\" title=\"\">ABOGADOS CON EXPERIENCIA <i class=\"vc_btn3-icon fas fa-angle-right\"><\/i><\/a><\/div><div class=\"vc_btn3-container  wpb_animate_when_almost_visible wpb_fadeIn fadeIn vc_btn3-center vc_custom_1635399852482 vc_do_btn\" ><a class=\"vc_general vc_btn3 vc_btn3-size-md vc_btn3-shape-square vc_btn3-style-modern vc_btn3-block vc_btn3-icon-right vc_btn3-color-orange\" href=\"https:\/\/kpattorney.com\/es\/careers\/professional-staff-listings\/\" title=\"\">PERSONAL PROFESIONAL <i class=\"vc_btn3-icon fas fa-angle-right\"><\/i><\/a><\/div><\/div><\/div><\/div><\/div><div class=\"vc_row wpb_row vc_row-fluid\"><div class=\"wpb_column vc_column_container vc_col-sm-12\"><div class=\"vc_column-inner\"><div class=\"wpb_wrapper\"><div class=\"vc_empty_space\"   style=\"height: 32px\"><span class=\"vc_empty_space_inner\"><\/span><\/div><\/div><\/div><\/div><\/div><div data-vc-full-width=\"true\" data-vc-full-width-temp=\"true\" data-vc-full-width-init=\"false\" class=\"vc_row wpb_row vc_row-fluid vc_custom_1526501451452 vc_row-has-fill\"><div class=\"wpb_column vc_column_container vc_col-sm-12\"><div class=\"vc_column-inner\"><div class=\"wpb_wrapper\">\n\t<div class=\"wpb_text_column wpb_content_element vc_custom_1526501678582 practice-areas-mid-cta\" >\n\t\t<div class=\"wpb_wrapper\">\n\t\t\t<h3 style=\"text-align: center;\"><span style=\"color: #ffffff;\">P\u00f3ngase en contacto con el bufete de abogados de Kanner &amp; Pintaluga para una consulta gratuita.<\/span><br \/>\n<span style=\"color: #ffffff;\">consulta y perm\u00edtanos brindarle a usted y a su familia atenci\u00f3n<\/span><br \/>\n<span style=\"color: #ffffff;\">servicio y conseguirle la compensaci\u00f3n que se merece.<\/span><\/h3>\n<h2 style=\"text-align: center;\"><span style=\"color: #f7bc3b;\">Llame al 800.586.5555<\/span><\/h2>\n\n\t\t<\/div>\n\t<\/div>\n<\/div><\/div><\/div><\/div><div class=\"vc_row-full-width vc_clearfix\"><\/div>\n<\/div>","protected":false},"excerpt":{"rendered":"Openings for Professional Staff Current Openings Click the links below to view current job listings and apply today. LAW STUDENTS EXPERIENCED LAWYERS PROFESSIONAL STAFF Contact the<span class=\"excerpt-hellip\"> [\u2026]<\/span>","protected":false},"author":17,"featured_media":10248,"parent":10244,"menu_order":0,"comment_status":"closed","ping_status":"closed","template":"","meta":{"_acf_changed":false,"footnotes":""},"class_list":["post-10321","page","type-page","status-publish","has-post-thumbnail","hentry"],"acf":[],"yoast_head":"<!-- This site is optimized with the Yoast SEO plugin v27.4 - https:\/\/yoast.com\/product\/yoast-seo-wordpress\/ -->\n<title>Careers - Professional Staff Listings | Property Damage &amp; Personal Injury<\/title>\n<meta name=\"description\" content=\"Kanner &amp; Pintaluga only fight for the rights of injured victims and their families. Our goal is to help achieve the most favorable outcomes..800.586.5555.\" \/>\n<meta name=\"robots\" content=\"index, follow, max-snippet:-1, max-image-preview:large, max-video-preview:-1\" \/>\n<link rel=\"canonical\" href=\"https:\/\/kpattorney.com\/es\/careers\/professional-staff-listings\/\" \/>\n<meta property=\"og:locale\" content=\"es_MX\" \/>\n<meta property=\"og:type\" content=\"article\" \/>\n<meta property=\"og:title\" content=\"Careers - Professional Staff Listings | Property Damage &amp; Personal Injury\" \/>\n<meta property=\"og:description\" content=\"Kanner &amp; Pintaluga only fight for the rights of injured victims and their families. Our goal is to help achieve the most favorable outcomes..800.586.5555.\" \/>\n<meta property=\"og:url\" content=\"https:\/\/kpattorney.com\/es\/careers\/professional-staff-listings\/\" \/>\n<meta property=\"og:site_name\" content=\"Kanner &amp; Pintaluga\" \/>\n<meta property=\"article:publisher\" content=\"https:\/\/www.facebook.com\/kpattorney\" \/>\n<meta property=\"article:modified_time\" content=\"2021-11-05T21:53:22+00:00\" \/>\n<meta property=\"og:image\" content=\"https:\/\/kpattorney.com\/wp-content\/uploads\/2021\/10\/careersheader-scaled.jpg\" \/>\n\t<meta property=\"og:image:width\" content=\"2048\" \/>\n\t<meta property=\"og:image:height\" content=\"682\" \/>\n\t<meta property=\"og:image:type\" content=\"image\/jpeg\" \/>\n<meta name=\"twitter:label1\" content=\"Tiempo de lectura\" \/>\n\t<meta name=\"twitter:data1\" content=\"2 minutos\" \/>\n<script type=\"application\/ld+json\" class=\"yoast-schema-graph\">{\"@context\":\"https:\\\/\\\/schema.org\",\"@graph\":[{\"@type\":\"WebPage\",\"@id\":\"https:\\\/\\\/kpattorney.com\\\/careers\\\/professional-staff-listings\\\/\",\"url\":\"https:\\\/\\\/kpattorney.com\\\/careers\\\/professional-staff-listings\\\/\",\"name\":\"Careers - Professional Staff Listings | Property Damage & Personal Injury\",\"isPartOf\":{\"@id\":\"https:\\\/\\\/kpattorney.com\\\/#website\"},\"primaryImageOfPage\":{\"@id\":\"https:\\\/\\\/kpattorney.com\\\/careers\\\/professional-staff-listings\\\/#primaryimage\"},\"image\":{\"@id\":\"https:\\\/\\\/kpattorney.com\\\/careers\\\/professional-staff-listings\\\/#primaryimage\"},\"thumbnailUrl\":\"https:\\\/\\\/kpattorney.com\\\/wp-content\\\/uploads\\\/2021\\\/10\\\/careersheader-scaled.jpg\",\"datePublished\":\"2021-10-28T05:43:43+00:00\",\"dateModified\":\"2021-11-05T21:53:22+00:00\",\"description\":\"Kanner & Pintaluga only fight for the rights of injured victims and their families. Our goal is to help achieve the most favorable outcomes..800.586.5555.\",\"breadcrumb\":{\"@id\":\"https:\\\/\\\/kpattorney.com\\\/careers\\\/professional-staff-listings\\\/#breadcrumb\"},\"inLanguage\":\"es\",\"potentialAction\":[{\"@type\":\"ReadAction\",\"target\":[\"https:\\\/\\\/kpattorney.com\\\/careers\\\/professional-staff-listings\\\/\"]}]},{\"@type\":\"ImageObject\",\"inLanguage\":\"es\",\"@id\":\"https:\\\/\\\/kpattorney.com\\\/careers\\\/professional-staff-listings\\\/#primaryimage\",\"url\":\"https:\\\/\\\/kpattorney.com\\\/wp-content\\\/uploads\\\/2021\\\/10\\\/careersheader-scaled.jpg\",\"contentUrl\":\"https:\\\/\\\/kpattorney.com\\\/wp-content\\\/uploads\\\/2021\\\/10\\\/careersheader-scaled.jpg\",\"width\":2048,\"height\":682},{\"@type\":\"BreadcrumbList\",\"@id\":\"https:\\\/\\\/kpattorney.com\\\/careers\\\/professional-staff-listings\\\/#breadcrumb\",\"itemListElement\":[{\"@type\":\"ListItem\",\"position\":1,\"name\":\"Home\",\"item\":\"https:\\\/\\\/kpattorney.com\\\/\"},{\"@type\":\"ListItem\",\"position\":2,\"name\":\"Careers-old\",\"item\":\"https:\\\/\\\/kpattorney.com\\\/?page_id=10244\"},{\"@type\":\"ListItem\",\"position\":3,\"name\":\"Careers &#8211; Professional Staff Listings\"}]},{\"@type\":\"WebSite\",\"@id\":\"https:\\\/\\\/kpattorney.com\\\/#website\",\"url\":\"https:\\\/\\\/kpattorney.com\\\/\",\"name\":\"Kanner &amp; Pintaluga\",\"description\":\"\",\"publisher\":{\"@id\":\"https:\\\/\\\/kpattorney.com\\\/#organization\"},\"potentialAction\":[{\"@type\":\"SearchAction\",\"target\":{\"@type\":\"EntryPoint\",\"urlTemplate\":\"https:\\\/\\\/kpattorney.com\\\/?s={search_term_string}\"},\"query-input\":{\"@type\":\"PropertyValueSpecification\",\"valueRequired\":true,\"valueName\":\"search_term_string\"}}],\"inLanguage\":\"es\"},{\"@type\":\"Organization\",\"@id\":\"https:\\\/\\\/kpattorney.com\\\/#organization\",\"name\":\"Kanner & Pintaluga\",\"url\":\"https:\\\/\\\/kpattorney.com\\\/\",\"logo\":{\"@type\":\"ImageObject\",\"inLanguage\":\"es\",\"@id\":\"https:\\\/\\\/kpattorney.com\\\/#\\\/schema\\\/logo\\\/image\\\/\",\"url\":\"https:\\\/\\\/kpattorney.com\\\/wp-content\\\/uploads\\\/2022\\\/07\\\/newresizedkplogo.png\",\"contentUrl\":\"https:\\\/\\\/kpattorney.com\\\/wp-content\\\/uploads\\\/2022\\\/07\\\/newresizedkplogo.png\",\"width\":450,\"height\":94,\"caption\":\"Kanner & Pintaluga\"},\"image\":{\"@id\":\"https:\\\/\\\/kpattorney.com\\\/#\\\/schema\\\/logo\\\/image\\\/\"},\"sameAs\":[\"https:\\\/\\\/www.facebook.com\\\/kpattorney\",\"https:\\\/\\\/x.com\\\/kpattorney\",\"https:\\\/\\\/www.instagram.com\\\/kpattorney\\\/\",\"https:\\\/\\\/www.linkedin.com\\\/company\\\/kpattorney\\\/\"]}]}<\/script>\n<!-- \/ Yoast SEO plugin. -->","yoast_head_json":{"title":"Carreras - Listados de Profesionales | Da\u00f1os Materiales y Corporales","description":"Kanner &amp; Pintaluga s\u00f3lo luchan por los derechos de las v\u00edctimas lesionadas y sus familias. Nuestro objetivo es ayudar a lograr los resultados m\u00e1s favorables..800.586.5555.","robots":{"index":"index","follow":"follow","max-snippet":"max-snippet:-1","max-image-preview":"max-image-preview:large","max-video-preview":"max-video-preview:-1"},"canonical":"https:\/\/kpattorney.com\/es\/careers\/professional-staff-listings\/","og_locale":"es_MX","og_type":"article","og_title":"Careers - Professional Staff Listings | Property Damage & Personal Injury","og_description":"Kanner & Pintaluga only fight for the rights of injured victims and their families. Our goal is to help achieve the most favorable outcomes..800.586.5555.","og_url":"https:\/\/kpattorney.com\/es\/careers\/professional-staff-listings\/","og_site_name":"Kanner &amp; Pintaluga","article_publisher":"https:\/\/www.facebook.com\/kpattorney","article_modified_time":"2021-11-05T21:53:22+00:00","og_image":[{"width":2048,"height":682,"url":"https:\/\/kpattorney.com\/wp-content\/uploads\/2021\/10\/careersheader-scaled.jpg","type":"image\/jpeg"}],"twitter_misc":{"Tiempo de lectura":"2 minutos"},"schema":{"@context":"https:\/\/schema.org","@graph":[{"@type":"WebPage","@id":"https:\/\/kpattorney.com\/careers\/professional-staff-listings\/","url":"https:\/\/kpattorney.com\/careers\/professional-staff-listings\/","name":"Carreras - Listados de Profesionales | Da\u00f1os Materiales y Corporales","isPartOf":{"@id":"https:\/\/kpattorney.com\/#website"},"primaryImageOfPage":{"@id":"https:\/\/kpattorney.com\/careers\/professional-staff-listings\/#primaryimage"},"image":{"@id":"https:\/\/kpattorney.com\/careers\/professional-staff-listings\/#primaryimage"},"thumbnailUrl":"https:\/\/kpattorney.com\/wp-content\/uploads\/2021\/10\/careersheader-scaled.jpg","datePublished":"2021-10-28T05:43:43+00:00","dateModified":"2021-11-05T21:53:22+00:00","description":"Kanner &amp; Pintaluga s\u00f3lo luchan por los derechos de las v\u00edctimas lesionadas y sus familias. Nuestro objetivo es ayudar a lograr los resultados m\u00e1s favorables..800.586.5555.","breadcrumb":{"@id":"https:\/\/kpattorney.com\/careers\/professional-staff-listings\/#breadcrumb"},"inLanguage":"es","potentialAction":[{"@type":"ReadAction","target":["https:\/\/kpattorney.com\/careers\/professional-staff-listings\/"]}]},{"@type":"ImageObject","inLanguage":"es","@id":"https:\/\/kpattorney.com\/careers\/professional-staff-listings\/#primaryimage","url":"https:\/\/kpattorney.com\/wp-content\/uploads\/2021\/10\/careersheader-scaled.jpg","contentUrl":"https:\/\/kpattorney.com\/wp-content\/uploads\/2021\/10\/careersheader-scaled.jpg","width":2048,"height":682},{"@type":"BreadcrumbList","@id":"https:\/\/kpattorney.com\/careers\/professional-staff-listings\/#breadcrumb","itemListElement":[{"@type":"ListItem","position":1,"name":"Home","item":"https:\/\/kpattorney.com\/"},{"@type":"ListItem","position":2,"name":"Careers-old","item":"https:\/\/kpattorney.com\/?page_id=10244"},{"@type":"ListItem","position":3,"name":"Careers &#8211; Professional Staff Listings"}]},{"@type":"WebSite","@id":"https:\/\/kpattorney.com\/#website","url":"https:\/\/kpattorney.com\/","name":"Kanner y Pintaluga","description":"","publisher":{"@id":"https:\/\/kpattorney.com\/#organization"},"potentialAction":[{"@type":"SearchAction","target":{"@type":"EntryPoint","urlTemplate":"https:\/\/kpattorney.com\/?s={search_term_string}"},"query-input":{"@type":"PropertyValueSpecification","valueRequired":true,"valueName":"search_term_string"}}],"inLanguage":"es"},{"@type":"Organization","@id":"https:\/\/kpattorney.com\/#organization","name":"Kanner y Pintaluga","url":"https:\/\/kpattorney.com\/","logo":{"@type":"ImageObject","inLanguage":"es","@id":"https:\/\/kpattorney.com\/#\/schema\/logo\/image\/","url":"https:\/\/kpattorney.com\/wp-content\/uploads\/2022\/07\/newresizedkplogo.png","contentUrl":"https:\/\/kpattorney.com\/wp-content\/uploads\/2022\/07\/newresizedkplogo.png","width":450,"height":94,"caption":"Kanner & Pintaluga"},"image":{"@id":"https:\/\/kpattorney.com\/#\/schema\/logo\/image\/"},"sameAs":["https:\/\/www.facebook.com\/kpattorney","https:\/\/x.com\/kpattorney","https:\/\/www.instagram.com\/kpattorney\/","https:\/\/www.linkedin.com\/company\/kpattorney\/"]}]}},"_links":{"self":[{"href":"https:\/\/kpattorney.com\/es\/wp-json\/wp\/v2\/pages\/10321","targetHints":{"allow":["GET"]}}],"collection":[{"href":"https:\/\/kpattorney.com\/es\/wp-json\/wp\/v2\/pages"}],"about":[{"href":"https:\/\/kpattorney.com\/es\/wp-json\/wp\/v2\/types\/page"}],"author":[{"embeddable":true,"href":"https:\/\/kpattorney.com\/es\/wp-json\/wp\/v2\/users\/17"}],"replies":[{"embeddable":true,"href":"https:\/\/kpattorney.com\/es\/wp-json\/wp\/v2\/comments?post=10321"}],"version-history":[{"count":0,"href":"https:\/\/kpattorney.com\/es\/wp-json\/wp\/v2\/pages\/10321\/revisions"}],"up":[{"embeddable":true,"href":"https:\/\/kpattorney.com\/es\/wp-json\/wp\/v2\/pages\/10244"}],"wp:featuredmedia":[{"embeddable":true,"href":"https:\/\/kpattorney.com\/es\/wp-json\/wp\/v2\/media\/10248"}],"wp:attachment":[{"href":"https:\/\/kpattorney.com\/es\/wp-json\/wp\/v2\/media?parent=10321"}],"curies":[{"name":"wp","href":"https:\/\/api.w.org\/{rel}","templated":true}]}}